{"id":6641,"date":"2020-04-06T22:51:25","date_gmt":"2020-04-06T20:51:25","guid":{"rendered":"http:\/\/agora.xtec.cat\/esc-renaixencahostalets\/?page_id=6641"},"modified":"2020-04-06T22:54:00","modified_gmt":"2020-04-06T20:54:00","slug":"misteri-a-lescola","status":"publish","type":"page","link":"https:\/\/agora.xtec.cat\/esc-renaixencahostalets\/blocs\/misteri-a-lescola\/","title":{"rendered":"Misteri a l&#8217;escola"},"content":{"rendered":"<p><a href=\"https:\/\/agora.xtec.cat\/esc-renaixencahostalets\/wp-content\/uploads\/usu1823\/2020\/04\/Logo-Misteri-escola.png\"><img loading=\"lazy\" decoding=\"async\" class=\"size-full wp-image-6647 alignleft\" src=\"https:\/\/agora.xtec.cat\/esc-renaixencahostalets\/wp-content\/uploads\/usu1823\/2020\/04\/Logo-Misteri-escola.png\" alt=\"\" width=\"357\" height=\"261\" srcset=\"https:\/\/agora.xtec.cat\/esc-renaixencahostalets\/wp-content\/uploads\/usu1823\/2020\/04\/Logo-Misteri-escola.png 357w, https:\/\/agora.xtec.cat\/esc-renaixencahostalets\/wp-content\/uploads\/usu1823\/2020\/04\/Logo-Misteri-escola-300x219.png 300w\" sizes=\"auto, (max-width: 357px) 100vw, 357px\" \/><\/a><\/p>\n<p>Us proposem un joc de misteri en el que la realitat i la ficci\u00f3 es barregen en una poci\u00f3 explosiva plena d&#8217;espurnes i enigmes. En aquesta p\u00e0gina podreu anar trobant les pistes i informacions que ens aniran guiant per descobrir tota la veritat d&#8217;aquesta hist\u00f2ria.<\/p>\n<p>Tothom que vulgui pot ajudar-nos afegint comentaris en aquesta p\u00e0gina, compartint informaci\u00f3 amb els vostres companys ja sigui als classrooms de nivell com entre vosaltres. Tota persona que ajudi ser\u00e0 benvinguda, ja sigui de l&#8217;escola com de ve\u00efna, amiga o coneguda.<\/p>\n<p>Aix\u00f2 si, ens aniria b\u00e9 que feu <a href=\"https:\/\/forms.gle\/XPQjNczXz866bwyK8\">una inscripci\u00f3<\/a> per saber quanta gent est\u00e0 col\u00b7laborant en el cas.<\/p>\n<p>&nbsp;<\/p>\n<p>&nbsp;<\/p>\n<p><a href=\"https:\/\/agora.xtec.cat\/esc-renaixencahostalets\/wp-content\/uploads\/usu1823\/2020\/04\/lhUstal.png\"><img loading=\"lazy\" decoding=\"async\" class=\"size-full wp-image-6646 aligncenter\" src=\"https:\/\/agora.xtec.cat\/esc-renaixencahostalets\/wp-content\/uploads\/usu1823\/2020\/04\/lhUstal.png\" alt=\"\" width=\"563\" height=\"785\" srcset=\"https:\/\/agora.xtec.cat\/esc-renaixencahostalets\/wp-content\/uploads\/usu1823\/2020\/04\/lhUstal.png 563w, https:\/\/agora.xtec.cat\/esc-renaixencahostalets\/wp-content\/uploads\/usu1823\/2020\/04\/lhUstal-215x300.png 215w\" sizes=\"auto, (max-width: 563px) 100vw, 563px\" \/><\/a><\/p>\n<p>&nbsp;<\/p>\n","protected":false},"excerpt":{"rendered":"<p><a href=\"https:\/\/agora.xtec.cat\/esc-renaixencahostalets\/wp-content\/uploads\/usu1823\/2020\/04\/Logo-Misteri-escola.png\"><\/a><br \/>\nUs proposem un joc de misteri en el que la realitat i la ficci\u00f3 es barregen en una poci\u00f3 explosiva plena d&#8217;espurnes i enigmes. En aquesta p\u00e0gina podreu anar trobant les pistes i informacions que ens aniran guiant per descobrir tota la veritat d&#8217;aquesta&hellip;  <a href=\"https:\/\/agora.xtec.cat\/esc-renaixencahostalets\/blocs\/misteri-a-lescola\/\" title=\"Read Misteri a l&#8217;escola\">Llegeix m\u00e9s\u00bb<\/a><\/p>\n","protected":false},"author":1,"featured_media":0,"parent":3892,"menu_order":0,"comment_status":"closed","ping_status":"closed","template":"","meta":{"_bbp_topic_count":0,"_bbp_reply_count":0,"_bbp_total_topic_count":0,"_bbp_total_reply_count":0,"_bbp_voice_count":0,"_bbp_anonymous_reply_count":0,"_bbp_topic_count_hidden":0,"_bbp_reply_count_hidden":0,"_bbp_forum_subforum_count":0,"footnotes":""},"class_list":["post-6641","page","type-page","status-publish","hentry"],"post_mailing_queue_ids":[],"_links":{"self":[{"href":"https:\/\/agora.xtec.cat\/esc-renaixencahostalets\/wp-json\/wp\/v2\/pages\/6641","targetHints":{"allow":["GET"]}}],"collection":[{"href":"https:\/\/agora.xtec.cat\/esc-renaixencahostalets\/wp-json\/wp\/v2\/pages"}],"about":[{"href":"https:\/\/agora.xtec.cat\/esc-renaixencahostalets\/wp-json\/wp\/v2\/types\/page"}],"author":[{"embeddable":true,"href":"https:\/\/agora.xtec.cat\/esc-renaixencahostalets\/wp-json\/wp\/v2\/users\/1"}],"replies":[{"embeddable":true,"href":"https:\/\/agora.xtec.cat\/esc-renaixencahostalets\/wp-json\/wp\/v2\/comments?post=6641"}],"version-history":[{"count":4,"href":"https:\/\/agora.xtec.cat\/esc-renaixencahostalets\/wp-json\/wp\/v2\/pages\/6641\/revisions"}],"predecessor-version":[{"id":6651,"href":"https:\/\/agora.xtec.cat\/esc-renaixencahostalets\/wp-json\/wp\/v2\/pages\/6641\/revisions\/6651"}],"up":[{"embeddable":true,"href":"https:\/\/agora.xtec.cat\/esc-renaixencahostalets\/wp-json\/wp\/v2\/pages\/3892"}],"wp:attachment":[{"href":"https:\/\/agora.xtec.cat\/esc-renaixencahostalets\/wp-json\/wp\/v2\/media?parent=6641"}],"curies":[{"name":"wp","href":"https:\/\/api.w.org\/{rel}","templated":true}]}}