{"id":4301,"date":"2018-10-18T08:22:34","date_gmt":"2018-10-18T06:22:34","guid":{"rendered":"http:\/\/agora.xtec.cat\/esc-renaixencahostalets\/?page_id=4301"},"modified":"2021-01-22T15:45:27","modified_gmt":"2021-01-22T14:45:27","slug":"escola-nova-21","status":"publish","type":"page","link":"https:\/\/agora.xtec.cat\/esc-renaixencahostalets\/projecte-educatiu\/escola-nova-21\/","title":{"rendered":"Escola Nova 21"},"content":{"rendered":"<p>La <strong>creaci\u00f3 de la visi\u00f3<\/strong> de l&#8217;escola Renaixen\u00e7a:<\/p>\n<p>L&#8217;escola va realitzar unes reunions amb les fam\u00edlies, els alumnes i el claustre per tal de definir l&#8217;escola en quatre paraules clau. Tota la comunitat educativa va coincidir en quatre paraules que hem pensat que s\u00f3n les que ens defineixen com escola:<\/p>\n<ul>\n<li>PROPERA I ACOLLIDORA<\/li>\n<li>RESPECTUOSA<\/li>\n<li>REFLEXIVA<\/li>\n<li>AUT\u00d2NOMA<\/li>\n<\/ul>\n<p>Com a cloenda vam elaborar un v\u00eddeo on ho explic\u00e0vem i ho transmet\u00edem a la comunitat:<\/p>\n<h2 style=\"text-align: center;\"><strong>COM SOM I COM VOLEM SER?<\/strong><\/h2>\n<p>&nbsp;<br \/>\n<iframe loading=\"lazy\" src=\"https:\/\/drive.google.com\/file\/d\/1z72ESXppBpI2ezokylL2zk34EPL_9aJ0\/preview\" width=\"840\" height=\"480\"><\/iframe><\/p>\n","protected":false},"excerpt":{"rendered":"<p>La creaci\u00f3 de la visi\u00f3 de l&#8217;escola Renaixen\u00e7a:<br \/>\nL&#8217;escola va realitzar unes reunions amb les fam\u00edlies, els alumnes i el claustre per tal de definir l&#8217;escola en quatre paraules clau. Tota la comunitat educativa va coincidir en quatre paraules que hem pensat que s\u00f3n les que&hellip;  <a href=\"https:\/\/agora.xtec.cat\/esc-renaixencahostalets\/projecte-educatiu\/escola-nova-21\/\" title=\"Read Escola Nova 21\">Llegeix m\u00e9s\u00bb<\/a><\/p>\n","protected":false},"author":1,"featured_media":0,"parent":4009,"menu_order":0,"comment_status":"closed","ping_status":"closed","template":"","meta":{"_bbp_topic_count":0,"_bbp_reply_count":0,"_bbp_total_topic_count":0,"_bbp_total_reply_count":0,"_bbp_voice_count":0,"_bbp_anonymous_reply_count":0,"_bbp_topic_count_hidden":0,"_bbp_reply_count_hidden":0,"_bbp_forum_subforum_count":0,"footnotes":""},"class_list":["post-4301","page","type-page","status-publish","hentry"],"post_mailing_queue_ids":[],"_links":{"self":[{"href":"https:\/\/agora.xtec.cat\/esc-renaixencahostalets\/wp-json\/wp\/v2\/pages\/4301","targetHints":{"allow":["GET"]}}],"collection":[{"href":"https:\/\/agora.xtec.cat\/esc-renaixencahostalets\/wp-json\/wp\/v2\/pages"}],"about":[{"href":"https:\/\/agora.xtec.cat\/esc-renaixencahostalets\/wp-json\/wp\/v2\/types\/page"}],"author":[{"embeddable":true,"href":"https:\/\/agora.xtec.cat\/esc-renaixencahostalets\/wp-json\/wp\/v2\/users\/1"}],"replies":[{"embeddable":true,"href":"https:\/\/agora.xtec.cat\/esc-renaixencahostalets\/wp-json\/wp\/v2\/comments?post=4301"}],"version-history":[{"count":4,"href":"https:\/\/agora.xtec.cat\/esc-renaixencahostalets\/wp-json\/wp\/v2\/pages\/4301\/revisions"}],"predecessor-version":[{"id":21004,"href":"https:\/\/agora.xtec.cat\/esc-renaixencahostalets\/wp-json\/wp\/v2\/pages\/4301\/revisions\/21004"}],"up":[{"embeddable":true,"href":"https:\/\/agora.xtec.cat\/esc-renaixencahostalets\/wp-json\/wp\/v2\/pages\/4009"}],"wp:attachment":[{"href":"https:\/\/agora.xtec.cat\/esc-renaixencahostalets\/wp-json\/wp\/v2\/media?parent=4301"}],"curies":[{"name":"wp","href":"https:\/\/api.w.org\/{rel}","templated":true}]}}