{"id":4014,"date":"2018-05-18T11:10:25","date_gmt":"2018-05-18T09:10:25","guid":{"rendered":"http:\/\/agora.xtec.cat\/esc-renaixencahostalets\/?page_id=4014"},"modified":"2023-11-11T19:32:16","modified_gmt":"2023-11-11T18:32:16","slug":"secretaria-2","status":"publish","type":"page","link":"https:\/\/agora.xtec.cat\/esc-renaixencahostalets\/secretaria-2\/","title":{"rendered":"Secretaria"},"content":{"rendered":"<p><strong>HORARI DE SECRETARIA<\/strong><\/p>\n<p><strong>Dilluns<\/strong>: de 16:30 a 17h<\/p>\n<p><strong>Dimarts<\/strong>: de 13 a 14h i de 16:30 a 17h<\/p>\n<p><strong>Dimecres<\/strong>: de 13 a 14h<\/p>\n<p><strong>Dijous: <\/strong>de 9 a 14h i de 16:30 a 17h<\/p>\n<p><strong>Divendres<\/strong>: de 10 a 12:30h i de 15 a 16:30h<\/p>\n<p>&nbsp;<\/p>\n<p><strong>DINANTIA<\/strong><\/p>\n<p>Tamb\u00e9 us podeu posar en contacte a trav\u00e9s de Dinantia per temes relacionats amb petici\u00f3 de certificats i pagaments de sortides.<\/p>\n<p>&nbsp;<\/p>\n<p>&nbsp;<\/p>\n<p>&nbsp;<\/p>\n","protected":false},"excerpt":{"rendered":"<p>HORARI DE SECRETARIA<br \/>\nDilluns: de 16:30 a 17h<br \/>\nDimarts: de 13 a 14h i de 16:30 a 17h<br \/>\nDimecres: de 13 a 14h<br \/>\nDijous: de 9 a 14h i de 16:30 a 17h<br \/>\nDivendres: de 10 a 12:30h i de 15 a 16:30h<br \/>\n&nbsp;<br \/>\nDINANTIA<br \/>\nTamb\u00e9 us podeu posar en contacte a trav\u00e9s&hellip;  <a href=\"https:\/\/agora.xtec.cat\/esc-renaixencahostalets\/secretaria-2\/\" title=\"Read Secretaria\">Llegeix m\u00e9s\u00bb<\/a><\/p>\n","protected":false},"author":1,"featured_media":0,"parent":0,"menu_order":0,"comment_status":"closed","ping_status":"closed","template":"","meta":{"_bbp_topic_count":0,"_bbp_reply_count":0,"_bbp_total_topic_count":0,"_bbp_total_reply_count":0,"_bbp_voice_count":0,"_bbp_anonymous_reply_count":0,"_bbp_topic_count_hidden":0,"_bbp_reply_count_hidden":0,"_bbp_forum_subforum_count":0,"footnotes":""},"class_list":["post-4014","page","type-page","status-publish","hentry"],"post_mailing_queue_ids":[],"_links":{"self":[{"href":"https:\/\/agora.xtec.cat\/esc-renaixencahostalets\/wp-json\/wp\/v2\/pages\/4014","targetHints":{"allow":["GET"]}}],"collection":[{"href":"https:\/\/agora.xtec.cat\/esc-renaixencahostalets\/wp-json\/wp\/v2\/pages"}],"about":[{"href":"https:\/\/agora.xtec.cat\/esc-renaixencahostalets\/wp-json\/wp\/v2\/types\/page"}],"author":[{"embeddable":true,"href":"https:\/\/agora.xtec.cat\/esc-renaixencahostalets\/wp-json\/wp\/v2\/users\/1"}],"replies":[{"embeddable":true,"href":"https:\/\/agora.xtec.cat\/esc-renaixencahostalets\/wp-json\/wp\/v2\/comments?post=4014"}],"version-history":[{"count":6,"href":"https:\/\/agora.xtec.cat\/esc-renaixencahostalets\/wp-json\/wp\/v2\/pages\/4014\/revisions"}],"predecessor-version":[{"id":20996,"href":"https:\/\/agora.xtec.cat\/esc-renaixencahostalets\/wp-json\/wp\/v2\/pages\/4014\/revisions\/20996"}],"wp:attachment":[{"href":"https:\/\/agora.xtec.cat\/esc-renaixencahostalets\/wp-json\/wp\/v2\/media?parent=4014"}],"curies":[{"name":"wp","href":"https:\/\/api.w.org\/{rel}","templated":true}]}}