{"id":19742,"date":"2021-03-30T17:57:54","date_gmt":"2021-03-30T15:57:54","guid":{"rendered":"http:\/\/agora.xtec.cat\/esc-renaixencahostalets\/?page_id=19742"},"modified":"2021-03-30T17:57:54","modified_gmt":"2021-03-30T15:57:54","slug":"programem-plegats","status":"publish","type":"page","link":"https:\/\/agora.xtec.cat\/esc-renaixencahostalets\/preinscripcions\/pagines-dinici\/programem-plegats\/","title":{"rendered":"Programem plegats"},"content":{"rendered":"<p>La programaci\u00f3 ens permet expressar-nos de moltes formes i junts podem gaudir m\u00e9s del proc\u00e9s d&#8217;aprendre a programar. Per aix\u00f2 fa un temps vam iniciar el grup de <a href=\"https:\/\/scratch.mit.edu\/classes\/352124\/\">Programem plegats a Scratch<\/a>.<\/p>\n<p>El grup de Programem plegats ens serveix per recollir tots els usuaris d&#8217;Scratch de l&#8217;escola i sentir-nos una mica m\u00e9s acompanyats en la immensa comunitat d&#8217;Scratch. Podeu afegir-vos al grup en <a href=\"http:\/\/scratch.mit.edu\/signup\/dwdj453wd\">aquest enlla\u00e7<\/a>. L&#8217;usuari renaixenTAC \u00e9s l&#8217;administrador i el gestiona la comissi\u00f3 TAC de l&#8217;escola i l&#8217;usuari mestr3 \u00e9s el Miquel! Aix\u00ed que ja coneixeu a alg\u00fa dins d&#8217;Scratch. Animeu-vos a comen\u00e7ar avui mateix!<\/p>\n<p>Per aprendre com va Scratch us recomanem 2 recursos molt interessants:<\/p>\n<ul>\n<li><a href=\"http:\/\/www.vullaprendre.org\/targetes-scratch-3\/\">Les tarjetes d&#8217;Scratch<\/a>: S\u00f3n unes tarjetes que recullen les instruccions per portar a termes els programes b\u00e0sics. Visuals, ben estructurades i amb una estructura simple que permet anar-les barrejant i complementant per crear projectes cada cop m\u00e9s complexes.<\/li>\n<li><a href=\"https:\/\/scratch.mit.edu\/ideas\">Els tutorials integrats d&#8217;Scratch<\/a>: Des de la mateixa web d&#8217;Scratch podem accedir a aquests videotutorials que ens ajudaran a resoldre dubtes sobre com iniciar alguns dels nostres projectes.<\/li>\n<\/ul>\n<p>Si sou adults amb inter\u00e8s per con\u00e8ixer m\u00e9s d&#8217;Scratch, <a href=\"http:\/\/www.vullaprendre.org\/scratch\/\">aqu\u00ed<\/a> hi trobareu informaci\u00f3 preparada amb molt d&#8217;amor.<\/p>\n<p>El maig la comunitat d&#8217;Scratch celebra l&#8217;Scratch week del 17 al 23 de maig. Ens encantaria que per aquelles dates a l&#8217;escola hi hagi prou gent engrescada amb Scratch per compartir alguna activitat junts. Us animeu?<\/p>\n<p>El primer repte que s&#8217;ha creat aquest any \u00e9s &#8220;In the air&#8221; on se&#8217;ns anima a crear un projecte que tingui lloc a l&#8217;aire. Voleu veure alguns dels projectes que ja ha compartit la comunitat?<\/p>\n<p>Els podeu veure <a href=\"https:\/\/scratch.mit.edu\/studios\/28751336\/\">aqu\u00ed<\/a> i provar-los.<\/p>\n<p>&nbsp;<\/p>\n","protected":false},"excerpt":{"rendered":"<p>La programaci\u00f3 ens permet expressar-nos de moltes formes i junts podem gaudir m\u00e9s del proc\u00e9s d&#8217;aprendre a programar. Per aix\u00f2 fa un temps vam iniciar el grup de <a href=\"https:\/\/scratch.mit.edu\/classes\/352124\/\">Programem plegats a Scratch<\/a>.<br \/>\nEl grup de Programem plegats ens serveix per recollir tots els usuaris d&#8217;Scratch&hellip;  <a href=\"https:\/\/agora.xtec.cat\/esc-renaixencahostalets\/preinscripcions\/pagines-dinici\/programem-plegats\/\" title=\"Read Programem plegats\">Llegeix m\u00e9s\u00bb<\/a><\/p>\n","protected":false},"author":11,"featured_media":0,"parent":7,"menu_order":0,"comment_status":"closed","ping_status":"closed","template":"","meta":{"_bbp_topic_count":0,"_bbp_reply_count":0,"_bbp_total_topic_count":0,"_bbp_total_reply_count":0,"_bbp_voice_count":0,"_bbp_anonymous_reply_count":0,"_bbp_topic_count_hidden":0,"_bbp_reply_count_hidden":0,"_bbp_forum_subforum_count":0,"footnotes":""},"class_list":["post-19742","page","type-page","status-publish","hentry"],"post_mailing_queue_ids":[],"_links":{"self":[{"href":"https:\/\/agora.xtec.cat\/esc-renaixencahostalets\/wp-json\/wp\/v2\/pages\/19742","targetHints":{"allow":["GET"]}}],"collection":[{"href":"https:\/\/agora.xtec.cat\/esc-renaixencahostalets\/wp-json\/wp\/v2\/pages"}],"about":[{"href":"https:\/\/agora.xtec.cat\/esc-renaixencahostalets\/wp-json\/wp\/v2\/types\/page"}],"author":[{"embeddable":true,"href":"https:\/\/agora.xtec.cat\/esc-renaixencahostalets\/wp-json\/wp\/v2\/users\/11"}],"replies":[{"embeddable":true,"href":"https:\/\/agora.xtec.cat\/esc-renaixencahostalets\/wp-json\/wp\/v2\/comments?post=19742"}],"version-history":[{"count":1,"href":"https:\/\/agora.xtec.cat\/esc-renaixencahostalets\/wp-json\/wp\/v2\/pages\/19742\/revisions"}],"predecessor-version":[{"id":19743,"href":"https:\/\/agora.xtec.cat\/esc-renaixencahostalets\/wp-json\/wp\/v2\/pages\/19742\/revisions\/19743"}],"up":[{"embeddable":true,"href":"https:\/\/agora.xtec.cat\/esc-renaixencahostalets\/wp-json\/wp\/v2\/pages\/7"}],"wp:attachment":[{"href":"https:\/\/agora.xtec.cat\/esc-renaixencahostalets\/wp-json\/wp\/v2\/media?parent=19742"}],"curies":[{"name":"wp","href":"https:\/\/api.w.org\/{rel}","templated":true}]}}