{"id":1956,"date":"2021-03-08T15:04:46","date_gmt":"2021-03-08T14:04:46","guid":{"rendered":"http:\/\/agora.xtec.cat\/esc-renaixenca\/?page_id=1956"},"modified":"2021-03-16T10:36:01","modified_gmt":"2021-03-16T09:36:01","slug":"setmana-cultural-2021","status":"publish","type":"page","link":"https:\/\/agora.xtec.cat\/esc-renaixenca\/setmana-cultural-2021\/","title":{"rendered":"SETMANA CULTURAL 2021"},"content":{"rendered":"<p>La Setmana del 8 al 12 de febrer hem celebrat a l&#8217;escola la Setmana Cultural. Aquest curs ha estat for\u00e7a diferent degut la pand\u00e8mia ja que cada cicle l&#8217;ha hagut de celebrar sense la resta de companys, companyes i fam\u00edlies de l&#8217;escola. Tot i aix\u00ed ha estat una setmana molt maca i interessant.<\/p>\n<p>Us deixem amb una petita mostra de les activitats fetes (poc a poc anirem afegint m\u00e9s fotos i v\u00eddeos).<\/p>\n<h2>PREG\u00d3!<\/h2>\n<p><iframe loading=\"lazy\" title=\"Preg\u00f3 Setmana Cultural 2021.\" width=\"500\" height=\"281\" src=\"https:\/\/www.youtube.com\/embed\/CifjYNcvQSI?feature=oembed\" frameborder=\"0\" allow=\"accelerometer; autoplay; clipboard-write; encrypted-media; gyroscope; picture-in-picture; web-share\" referrerpolicy=\"strict-origin-when-cross-origin\" allowfullscreen><\/iframe><\/p>\n<p>&nbsp;<\/p>\n<p>El tema treballat a les diferents classes ha estat:<\/p>\n<p>Educaci\u00f3 Infantil: L&#8217;Espai.<\/p>\n<p>Cicle Inicial: Els Ninges.<\/p>\n<p>Cicle Mitj\u00e0: La Televisi\u00f3.<\/p>\n<p>Cicle Superior: La Ci\u00e8ncia.<\/p>\n<p>&nbsp;<\/p>\n<h2>TALLERS<\/h2>\n<h5>CICLE SUPERIOR<\/h5>\n<p><a href=\"https:\/\/www.flickr.com\/photos\/55897341@N06\/albums\/72157718656536607\" target=\"_blank\" rel=\"noopener noreferrer\">Per qu\u00e8 volen els avions?\u00a0<\/a><\/p>\n<p><a href=\"https:\/\/www.flickr.com\/photos\/55897341@N06\/albums\/72157718667930657\" target=\"_blank\" rel=\"noopener noreferrer\">El Bosc!<\/a><\/p>\n<p><a href=\"https:\/\/www.flickr.com\/photos\/55897341@N06\/albums\/72157718662814086\" target=\"_blank\" rel=\"noopener noreferrer\">L&#8217;Espai!<\/a><\/p>\n<p><a href=\"https:\/\/www.flickr.com\/photos\/55897341@N06\/albums\/72157718667916622\" target=\"_blank\" rel=\"noopener noreferrer\">Fem un Connecta!<\/a><\/p>\n<p>&nbsp;<\/p>\n<h5>CICLE MITJ\u00c0<\/h5>\n<p><a href=\"https:\/\/www.flickr.com\/photos\/55897341@N06\/albums\/72157718654182978\" target=\"_blank\" rel=\"noopener noreferrer\">Fem de detectius!<\/a><\/p>\n<p><a href=\"https:\/\/www.flickr.com\/photos\/55897341@N06\/albums\/72157718667725377\" target=\"_blank\" rel=\"noopener noreferrer\">La natura!<\/a><\/p>\n<p><a href=\"https:\/\/www.flickr.com\/photos\/55897341@N06\/albums\/72157718665345708\" target=\"_blank\" rel=\"noopener noreferrer\">Passaparaula!<\/a><\/p>\n<p><a href=\"https:\/\/www.flickr.com\/photos\/55897341@N06\/albums\/72157718665356298\" target=\"_blank\" rel=\"noopener noreferrer\">La TV!<\/a><\/p>\n<p><a href=\"https:\/\/www.flickr.com\/photos\/55897341@N06\/albums\/72157718665376488\" target=\"_blank\" rel=\"noopener noreferrer\">Rob\u00f2tica!<\/a><\/p>\n<p><a href=\"https:\/\/www.flickr.com\/photos\/55897341@N06\/albums\/72157718662697091\" target=\"_blank\" rel=\"noopener noreferrer\">Slime!<\/a><\/p>\n<p>&nbsp;<\/p>\n<h5>P5<\/h5>\n<p><a href=\"https:\/\/www.flickr.com\/photos\/55897341@N06\/albums\/72157718665258493\" target=\"_blank\" rel=\"noopener noreferrer\">Activitats!<\/a><\/p>\n<p>&nbsp;<\/p>\n<h5>P3-P4<\/h5>\n<p><a href=\"https:\/\/www.flickr.com\/photos\/55897341@N06\/albums\/72157718667681992\" target=\"_blank\" rel=\"noopener noreferrer\">Activitats!<\/a><\/p>\n<p>&nbsp;<\/p>\n<h2>ORDRES DEL REI CARNESTOLTES<\/h2>\n<p><a href=\"https:\/\/www.flickr.com\/photos\/55897341@N06\/albums\/72157718656317532\" target=\"_blank\" rel=\"noopener noreferrer\">De beb\u00e8 heu de venir&#8230;.<\/a><\/p>\n<p><a href=\"https:\/\/www.flickr.com\/photos\/55897341@N06\/albums\/72157718656434592\" target=\"_blank\" rel=\"noopener noreferrer\">Com un dibuix animat&#8230;<\/a><\/p>\n<p><a href=\"https:\/\/www.flickr.com\/photos\/55897341@N06\/albums\/72157718656453457\" target=\"_blank\" rel=\"noopener noreferrer\">Ben elegants&#8230;.<\/a><\/p>\n<h2>RUA DE CARNAVAL<\/h2>\n<p><a href=\"https:\/\/www.flickr.com\/photos\/55897341@N06\/albums\/72157718668013292\" target=\"_blank\" rel=\"noopener noreferrer\">Imatges de la Rua!<\/a> \ud83d\ude1b<\/p>\n<p>&nbsp;<\/p>\n<h2>LIP-DUB<\/h2>\n<p>&nbsp;<\/p>\n<h2>+ V\u00cdDEOS<\/h2>\n<h5>&#8220;Tomas Falsas&#8221; Preg\u00f3.<\/h5>\n<p><iframe loading=\"lazy\" title=\"&quot;Tomas Falsas&quot; Preg\u00f3.\" width=\"500\" height=\"281\" src=\"https:\/\/www.youtube.com\/embed\/grR6UQglWBw?feature=oembed\" frameborder=\"0\" allow=\"accelerometer; autoplay; clipboard-write; encrypted-media; gyroscope; picture-in-picture; web-share\" referrerpolicy=\"strict-origin-when-cross-origin\" allowfullscreen><\/iframe><\/p>\n<h5>L&#8217;Espai. P3- P4.<\/h5>\n<p><iframe loading=\"lazy\" title=\"L&#039;Espai. P3-P4.\" width=\"500\" height=\"281\" src=\"https:\/\/www.youtube.com\/embed\/ylaUNxl_mUQ?feature=oembed\" frameborder=\"0\" allow=\"accelerometer; autoplay; clipboard-write; encrypted-media; gyroscope; picture-in-picture; web-share\" referrerpolicy=\"strict-origin-when-cross-origin\" allowfullscreen><\/iframe><\/p>\n<h5>L&#8217;Espai. P5.<\/h5>\n<p><iframe loading=\"lazy\" title=\"L&#039;Espai. P5.\" width=\"500\" height=\"281\" src=\"https:\/\/www.youtube.com\/embed\/W57efeSHIwc?feature=oembed\" frameborder=\"0\" allow=\"accelerometer; autoplay; clipboard-write; encrypted-media; gyroscope; picture-in-picture; web-share\" referrerpolicy=\"strict-origin-when-cross-origin\" allowfullscreen><\/iframe><\/p>\n<h5><\/h5>\n<h5><\/h5>\n<h5><\/h5>\n","protected":false},"excerpt":{"rendered":"<p>La Setmana del 8 al 12 de febrer hem celebrat a l&#8217;escola la Setmana Cultural. Aquest curs ha estat for\u00e7a diferent degut la pand\u00e8mia ja que cada cicle l&#8217;ha hagut de celebrar sense la resta de companys, companyes i fam\u00edlies de l&#8217;escola. Tot i aix\u00ed&hellip;  <a href=\"https:\/\/agora.xtec.cat\/esc-renaixenca\/setmana-cultural-2021\/\" title=\"Read SETMANA CULTURAL 2021\">Llegeix m\u00e9s\u00bb<\/a><\/p>\n","protected":false},"author":1,"featured_media":0,"parent":0,"menu_order":0,"comment_status":"closed","ping_status":"closed","template":"","meta":{"_bbp_topic_count":0,"_bbp_reply_count":0,"_bbp_total_topic_count":0,"_bbp_total_reply_count":0,"_bbp_voice_count":0,"_bbp_anonymous_reply_count":0,"_bbp_topic_count_hidden":0,"_bbp_reply_count_hidden":0,"_bbp_forum_subforum_count":0,"footnotes":""},"class_list":["post-1956","page","type-page","status-publish","hentry"],"post_mailing_queue_ids":[],"_links":{"self":[{"href":"https:\/\/agora.xtec.cat\/esc-renaixenca\/wp-json\/wp\/v2\/pages\/1956","targetHints":{"allow":["GET"]}}],"collection":[{"href":"https:\/\/agora.xtec.cat\/esc-renaixenca\/wp-json\/wp\/v2\/pages"}],"about":[{"href":"https:\/\/agora.xtec.cat\/esc-renaixenca\/wp-json\/wp\/v2\/types\/page"}],"author":[{"embeddable":true,"href":"https:\/\/agora.xtec.cat\/esc-renaixenca\/wp-json\/wp\/v2\/users\/1"}],"replies":[{"embeddable":true,"href":"https:\/\/agora.xtec.cat\/esc-renaixenca\/wp-json\/wp\/v2\/comments?post=1956"}],"version-history":[{"count":3,"href":"https:\/\/agora.xtec.cat\/esc-renaixenca\/wp-json\/wp\/v2\/pages\/1956\/revisions"}],"predecessor-version":[{"id":1980,"href":"https:\/\/agora.xtec.cat\/esc-renaixenca\/wp-json\/wp\/v2\/pages\/1956\/revisions\/1980"}],"wp:attachment":[{"href":"https:\/\/agora.xtec.cat\/esc-renaixenca\/wp-json\/wp\/v2\/media?parent=1956"}],"curies":[{"name":"wp","href":"https:\/\/api.w.org\/{rel}","templated":true}]}}