{"id":1738,"date":"2020-04-01T17:25:43","date_gmt":"2020-04-01T15:25:43","guid":{"rendered":"http:\/\/agora.xtec.cat\/esc-renaixenca\/?page_id=1738"},"modified":"2020-04-01T17:33:48","modified_gmt":"2020-04-01T15:33:48","slug":"recomanacions-tasques-a-casa-per-cicles","status":"publish","type":"page","link":"https:\/\/agora.xtec.cat\/esc-renaixenca\/recomanacions-tasques-a-casa-per-cicles\/","title":{"rendered":"RECOMANACIONS TASQUES A CASA PER CICLES!"},"content":{"rendered":"<p>Us deixem l&#8217;enlla\u00e7 al material de tasques per fer a casa de cada cicle.<\/p>\n<p><a href=\"http:\/\/agora.xtec.cat\/esc-renaixenca\/tot-anira-be\/\" target=\"_blank\" rel=\"noopener noreferrer\">V\u00cdDEO TOT ANIR\u00c0 B\u00c9.<\/a><\/p>\n<p><a href=\"https:\/\/agora.xtec.cat\/esc-renaixenca\/recomanacions-generals\/\" target=\"_blank\" rel=\"noopener noreferrer\">PROPOSTES GENERALS.<\/a><\/p>\n<p><a href=\"https:\/\/agora.xtec.cat\/esc-renaixenca\/propostes-educacio-infantil\/\" target=\"_blank\" rel=\"noopener noreferrer\">EDUCACI\u00d3 INFANTIL.<\/a><\/p>\n<p><a href=\"https:\/\/agora.xtec.cat\/esc-renaixenca\/recomanacions-cicle-inicial\/\" target=\"_blank\" rel=\"noopener noreferrer\">CICLE INICIAL.<\/a><\/p>\n<p><a href=\"https:\/\/agora.xtec.cat\/esc-renaixenca\/recomanacions-cicle-mitja\/\" target=\"_blank\" rel=\"noopener noreferrer\">CICLE MITJ\u00c0.<\/a><\/p>\n<p><a href=\"https:\/\/agora.xtec.cat\/esc-renaixenca\/recomanacions-cicle-superior\/\" target=\"_blank\" rel=\"noopener noreferrer\">CICLE SUPERIOR.<\/a><\/p>\n","protected":false},"excerpt":{"rendered":"<p>Us deixem l&#8217;enlla\u00e7 al material de tasques per fer a casa de cada cicle.<br \/>\n<a href=\"http:\/\/agora.xtec.cat\/esc-renaixenca\/tot-anira-be\/\" target=\"_blank\" rel=\"noopener noreferrer\">V\u00cdDEO TOT ANIR\u00c0 B\u00c9.<\/a><br \/>\n<a href=\"https:\/\/agora.xtec.cat\/esc-renaixenca\/recomanacions-generals\/\" target=\"_blank\" rel=\"noopener noreferrer\">PROPOSTES GENERALS.<\/a><br \/>\n<a href=\"https:\/\/agora.xtec.cat\/esc-renaixenca\/propostes-educacio-infantil\/\" target=\"_blank\" rel=\"noopener noreferrer\">EDUCACI\u00d3 INFANTIL.<\/a><br \/>\n<a href=\"https:\/\/agora.xtec.cat\/esc-renaixenca\/recomanacions-cicle-inicial\/\" target=\"_blank\" rel=\"noopener noreferrer\">CICLE INICIAL.<\/a><br \/>\n<a href=\"https:\/\/agora.xtec.cat\/esc-renaixenca\/recomanacions-cicle-mitja\/\" target=\"_blank\" rel=\"noopener noreferrer\">CICLE MITJ\u00c0.<\/a><br \/>\n<a href=\"https:\/\/agora.xtec.cat\/esc-renaixenca\/recomanacions-cicle-superior\/\" target=\"_blank\" rel=\"noopener noreferrer\">CICLE&hellip;  <a href=\"https:\/\/agora.xtec.cat\/esc-renaixenca\/recomanacions-tasques-a-casa-per-cicles\/\" title=\"Read RECOMANACIONS TASQUES A CASA PER CICLES!\">Llegeix m\u00e9s\u00bb<\/a><\/p>\n","protected":false},"author":1,"featured_media":0,"parent":0,"menu_order":0,"comment_status":"closed","ping_status":"closed","template":"","meta":{"_bbp_topic_count":0,"_bbp_reply_count":0,"_bbp_total_topic_count":0,"_bbp_total_reply_count":0,"_bbp_voice_count":0,"_bbp_anonymous_reply_count":0,"_bbp_topic_count_hidden":0,"_bbp_reply_count_hidden":0,"_bbp_forum_subforum_count":0,"footnotes":""},"class_list":["post-1738","page","type-page","status-publish","hentry"],"post_mailing_queue_ids":[],"_links":{"self":[{"href":"https:\/\/agora.xtec.cat\/esc-renaixenca\/wp-json\/wp\/v2\/pages\/1738","targetHints":{"allow":["GET"]}}],"collection":[{"href":"https:\/\/agora.xtec.cat\/esc-renaixenca\/wp-json\/wp\/v2\/pages"}],"about":[{"href":"https:\/\/agora.xtec.cat\/esc-renaixenca\/wp-json\/wp\/v2\/types\/page"}],"author":[{"embeddable":true,"href":"https:\/\/agora.xtec.cat\/esc-renaixenca\/wp-json\/wp\/v2\/users\/1"}],"replies":[{"embeddable":true,"href":"https:\/\/agora.xtec.cat\/esc-renaixenca\/wp-json\/wp\/v2\/comments?post=1738"}],"version-history":[{"count":3,"href":"https:\/\/agora.xtec.cat\/esc-renaixenca\/wp-json\/wp\/v2\/pages\/1738\/revisions"}],"predecessor-version":[{"id":1749,"href":"https:\/\/agora.xtec.cat\/esc-renaixenca\/wp-json\/wp\/v2\/pages\/1738\/revisions\/1749"}],"wp:attachment":[{"href":"https:\/\/agora.xtec.cat\/esc-renaixenca\/wp-json\/wp\/v2\/media?parent=1738"}],"curies":[{"name":"wp","href":"https:\/\/api.w.org\/{rel}","templated":true}]}}