{"id":1733,"date":"2020-04-01T17:18:13","date_gmt":"2020-04-01T15:18:13","guid":{"rendered":"http:\/\/agora.xtec.cat\/esc-renaixenca\/?page_id=1733"},"modified":"2020-06-08T09:08:23","modified_gmt":"2020-06-08T07:08:23","slug":"recomanacions-cicle-superior","status":"publish","type":"page","link":"https:\/\/agora.xtec.cat\/esc-renaixenca\/recomanacions-cicle-superior\/","title":{"rendered":"RECOMANACIONS CICLE SUPERIOR"},"content":{"rendered":"<p>&nbsp;<\/p>\n<p><strong>PROPOSTES CICLE SUPERIOR 1 (20 de mar\u00e7).<\/strong><\/p>\n<p><a href=\"https:\/\/agora.xtec.cat\/esc-renaixenca\/wp-content\/uploads\/usu973\/2020\/03\/CICLE-SUPERIOR.pdf\">CICLE SUPERIOR<\/a><\/p>\n<p><a href=\"https:\/\/agora.xtec.cat\/esc-renaixenca\/wp-content\/uploads\/usu973\/2020\/03\/CICLE-SUPERIOR-2.pdf\">CICLE SUPERIOR 2<\/a><\/p>\n<p><strong>PROPOSTES CICLE SUPERIOR 2 (27 de mar\u00e7).<\/strong><\/p>\n<p><a href=\"https:\/\/agora.xtec.cat\/esc-renaixenca\/wp-content\/uploads\/usu973\/2020\/03\/deures-CS-3.pdf\">Propostes CS.<\/a><\/p>\n<p><a href=\"https:\/\/agora.xtec.cat\/esc-renaixenca\/wp-content\/uploads\/usu973\/2020\/03\/Especialitats-30-3.pdf\">Especialitats.<\/a><\/p>\n<p><a href=\"https:\/\/agora.xtec.cat\/esc-renaixenca\/wp-content\/uploads\/usu973\/2020\/03\/recomanacions-EF-27-3-1.pdf\">Recomanacions Educaci\u00f3 F\u00edsica.\u00a0<\/a><\/p>\n<p>Documents adjunts (per veure en pantalla i fer en un full en blanc o si es pot, imprimir).<\/p>\n<p>Catal\u00e0.<\/p>\n<p><a href=\"https:\/\/agora.xtec.cat\/esc-renaixenca\/wp-content\/uploads\/usu973\/2020\/03\/Lectura-catal\u00e0-1.pdf\">Lectura catal\u00e0 1<\/a><\/p>\n<p><a href=\"https:\/\/agora.xtec.cat\/esc-renaixenca\/wp-content\/uploads\/usu973\/2020\/03\/Lectura-catal\u00e0-2.pdf\">Lectura catal\u00e0 2<\/a><\/p>\n<p><a href=\"https:\/\/agora.xtec.cat\/esc-renaixenca\/wp-content\/uploads\/usu973\/2020\/03\/Lectura-catal\u00e0-3.pdf\">Lectura catal\u00e0 3<\/a><\/p>\n<p>Apunts Com Fer Un Bon Text.<\/p>\n<p><a href=\"https:\/\/agora.xtec.cat\/esc-renaixenca\/wp-content\/uploads\/usu973\/2020\/03\/Apunts1_Com-fer-un-bon-text.pdf\">Apunts1_Com fer un bon text<\/a><\/p>\n<p><a href=\"https:\/\/agora.xtec.cat\/esc-renaixenca\/wp-content\/uploads\/usu973\/2020\/03\/Apunts2_Connectors.pdf\">Apunts2_Connectors<\/a><\/p>\n<p><a href=\"https:\/\/agora.xtec.cat\/esc-renaixenca\/wp-content\/uploads\/usu973\/2020\/03\/Apunts3_Par\u00e0grafs.pdf\">Apunts3_Par\u00e0grafs<\/a><\/p>\n<p><a href=\"https:\/\/agora.xtec.cat\/esc-renaixenca\/wp-content\/uploads\/usu973\/2020\/03\/Apunts4_Resum-signes-puntuaci\u00f3.pdf\">Apunts4_Resum signes puntuaci\u00f3<\/a><\/p>\n<p>Matem\u00e0tiques.<\/p>\n<p><a href=\"https:\/\/agora.xtec.cat\/esc-renaixenca\/wp-content\/uploads\/usu973\/2020\/03\/Fitxa-1-mates.pdf\">Fitxa 1 mates<\/a><\/p>\n<p><a href=\"https:\/\/agora.xtec.cat\/esc-renaixenca\/wp-content\/uploads\/usu973\/2020\/03\/Fitxa-2-mates.pdf\">Fitxa 2 mates<\/a><\/p>\n<p><a href=\"https:\/\/agora.xtec.cat\/esc-renaixenca\/wp-content\/uploads\/usu973\/2020\/03\/Fitxa-3-mates.pdf\">Fitxa 3 mates<\/a><\/p>\n<p>Castell\u00e0.<\/p>\n<p><a href=\"https:\/\/agora.xtec.cat\/esc-renaixenca\/wp-content\/uploads\/usu973\/2020\/03\/Castella1.pdf\">Castella1<\/a><\/p>\n<p><a href=\"https:\/\/agora.xtec.cat\/esc-renaixenca\/wp-content\/uploads\/usu973\/2020\/03\/Castell\u00e02.pdf\">Castell\u00e02<\/a><\/p>\n<p><a href=\"https:\/\/agora.xtec.cat\/esc-renaixenca\/wp-content\/uploads\/usu973\/2020\/03\/castell\u00e03.pdf\">Castell\u00e03<\/a><\/p>\n<!--[if lt IE 9]><script>document.createElement('audio');<\/script><![endif]-->\n<audio class=\"wp-audio-shortcode\" id=\"audio-1733-1\" preload=\"none\" style=\"width: 100%;\" controls=\"controls\"><source type=\"audio\/mpeg\" src=\"https:\/\/agora.xtec.cat\/esc-renaixenca\/wp-content\/uploads\/usu973\/2020\/03\/audiocastell\u00e0.mp3?_=1\" \/><a href=\"https:\/\/agora.xtec.cat\/esc-renaixenca\/wp-content\/uploads\/usu973\/2020\/03\/audiocastell\u00e0.mp3\">https:\/\/agora.xtec.cat\/esc-renaixenca\/wp-content\/uploads\/usu973\/2020\/03\/audiocastell\u00e0.mp3<\/a><\/audio>\n<p><strong>PROPOSTES CICLE SUPERIOR 3 (4 d&#8217;abril).<\/strong><\/p>\n<p>Propostes CS: <a href=\"https:\/\/agora.xtec.cat\/esc-renaixenca\/wp-content\/uploads\/usu973\/2020\/04\/Propostes-Generals.pdf\">Propostes Generals<\/a><\/p>\n<p>Especialistes: <a href=\"https:\/\/agora.xtec.cat\/esc-renaixenca\/wp-content\/uploads\/usu973\/2020\/04\/Propostes-especialitats-CS.pdf\">Propostes especialitats CS<\/a><\/p>\n<p>Llengua castellana: <a href=\"https:\/\/agora.xtec.cat\/esc-renaixenca\/wp-content\/uploads\/usu973\/2020\/04\/castellano.pdf\">castellano<\/a><\/p>\n<p>Educaci\u00f3 F\u00edsica: <a href=\"https:\/\/agora.xtec.cat\/esc-renaixenca\/wp-content\/uploads\/usu973\/2020\/04\/Proposta-EF.pdf\">Proposta EF<\/a>\u00a0 \u00a0 \u00a0 \u00a0\u00a0<a href=\"https:\/\/agora.xtec.cat\/esc-renaixenca\/wp-content\/uploads\/usu973\/2020\/04\/IMG-20200325-WA0028.pdf\">IMG-20200325-WA0028<\/a>\u00a0 \u00a0 \u00a0 \u00a0 \u00a0<a href=\"https:\/\/agora.xtec.cat\/esc-renaixenca\/wp-content\/uploads\/usu973\/2020\/04\/IMG-20200325-WA0029.pdf\">IMG-20200325-WA0029<\/a>\u00a0 \u00a0 \u00a0 \u00a0 \u00a0<a href=\"https:\/\/agora.xtec.cat\/esc-renaixenca\/wp-content\/uploads\/usu973\/2020\/04\/IMG-20200325-WA0030.pdf\">IMG-20200325-WA0030<\/a>\u00a0 \u00a0 \u00a0 \u00a0 \u00a0<a href=\"https:\/\/agora.xtec.cat\/esc-renaixenca\/wp-content\/uploads\/usu973\/2020\/04\/IMG-20200325-WA0031.pdf\">IMG-20200325-WA0031<\/a><\/p>\n<p>&nbsp;<\/p>\n<p><strong>PROPOSTES CICLE SUPERIOR 4 (18 d&#8217;abril).<\/strong><\/p>\n<p>Proposta general: <a href=\"https:\/\/agora.xtec.cat\/esc-renaixenca\/wp-content\/uploads\/usu973\/2020\/04\/PropostaCS-18-abril.pdf\">PropostaCS 18 abril<\/a><\/p>\n<p>Matem\u00e0tiques: <a href=\"https:\/\/agora.xtec.cat\/esc-renaixenca\/wp-content\/uploads\/usu973\/2020\/04\/cinqu\u00e8.pdf\">cinqu\u00e8\u00a0\u00a0\u00a0\u00a0\u00a0\u00a0<\/a> <a href=\"https:\/\/agora.xtec.cat\/esc-renaixenca\/wp-content\/uploads\/usu973\/2020\/04\/Sis\u00e8.pdf\">Sis\u00e8<\/a>\u00a0 \u00a0 \u00a0 \u00a0 \u00a0 \u00a0 \u00a0<a href=\"https:\/\/agora.xtec.cat\/esc-renaixenca\/wp-content\/uploads\/usu973\/2020\/04\/Respostes.pdf\">Respostes<\/a><\/p>\n<p>M\u00fasica: <a href=\"https:\/\/agora.xtec.cat\/esc-renaixenca\/wp-content\/uploads\/usu973\/2020\/04\/PROPOSTA-EDUCACI\u00d3-ART\u00cdSTICA-M\u00daSICA-2.pdf\">PROPOSTA EDUCACI\u00d3 ART\u00cdSTICA M\u00daSICA<\/a><\/p>\n<p>Educaci\u00f3 F\u00edsica: <a href=\"https:\/\/agora.xtec.cat\/esc-renaixenca\/wp-content\/uploads\/usu973\/2020\/04\/EFCartones-trivial-1.pdf\">EFCartones trivial\u00a0\u00a0\u00a0\u00a0\u00a0\u00a0\u00a0\u00a0<\/a> <a href=\"https:\/\/agora.xtec.cat\/esc-renaixenca\/wp-content\/uploads\/usu973\/2020\/04\/EFNormes-TRIVIAL-1.pdf\">EFNormes TRIVIAL<\/a>\u00a0 \u00a0 \u00a0 \u00a0 \u00a0 \u00a0 \u00a0<a href=\"https:\/\/agora.xtec.cat\/esc-renaixenca\/wp-content\/uploads\/usu973\/2020\/04\/EFrecomanacions-EF-17-24a-1.pdf\">EFrecomanacions EF 17-24a<\/a>\u00a0 \u00a0 \u00a0 \u00a0 \u00a0 \u00a0 \u00a0<a href=\"https:\/\/agora.xtec.cat\/esc-renaixenca\/wp-content\/uploads\/usu973\/2020\/04\/EFTaulell-TRIVIAL-EF-1.pdf\">EFTaulell TRIVIAL EF<\/a><\/p>\n<p>Castell\u00e0: <a href=\"https:\/\/agora.xtec.cat\/esc-renaixenca\/wp-content\/uploads\/usu973\/2020\/04\/CASTELLANOpreg\u00f3n.pdf\">CASTELLANO<\/a><\/p>\n<p>&nbsp;<\/p>\n<p><strong>PROPOSTES CICLE SUPERIOR 5 \u00a0(25 d&#8217;abril).<\/strong><\/p>\n<p><a href=\"https:\/\/agora.xtec.cat\/esc-renaixenca\/wp-content\/uploads\/usu973\/2020\/04\/Propostes-setmana-27-dabril-CS.pdf\">Propostes setmana 27 d&#8217;abril CS<\/a><\/p>\n<p>&nbsp;<\/p>\n<p><strong>PROPOSTES CICLE SUPERIOR 6 \u00a0(2 de maig).<\/strong><\/p>\n<p><a href=\"https:\/\/agora.xtec.cat\/esc-renaixenca\/wp-content\/uploads\/usu973\/2020\/05\/2-maig.pdf\">Tasques CS<\/a><\/p>\n<p>M\u00fasica:<\/p>\n<p><a href=\"https:\/\/www.youtube.com\/watch?v=_CiM7_6LGBo\" target=\"_blank\" rel=\"noopener noreferrer\">Veure v\u00eddeo!<\/a><\/p>\n<p>&nbsp;<\/p>\n<p><strong>PROPOSTES CICLE SUPERIOR 7 \u00a0(11 de maig).<\/strong><\/p>\n<p><a href=\"https:\/\/agora.xtec.cat\/esc-renaixenca\/wp-content\/uploads\/usu973\/2020\/05\/Propostes-CS-setmana-11-de-maig.pdf\">Propostes CS setmana 11 de maig<\/a><\/p>\n<p><a href=\"https:\/\/agora.xtec.cat\/esc-renaixenca\/wp-content\/uploads\/usu973\/2020\/05\/cinqu\u00e8.pdf\" target=\"_blank\" rel=\"noopener noreferrer\">Cangur 5\u00e8.<\/a><\/p>\n<p><a href=\"https:\/\/agora.xtec.cat\/esc-renaixenca\/wp-content\/uploads\/usu973\/2020\/05\/sis\u00e8-.pdf\" target=\"_blank\" rel=\"noopener noreferrer\">Cangur 6\u00e8.<\/a><\/p>\n<p>&nbsp;<\/p>\n<p><strong>PROPOSTES CICLE SUPERIOR 8 \u00a0(18 de maig).<\/strong><\/p>\n<p><a href=\"https:\/\/agora.xtec.cat\/esc-renaixenca\/wp-content\/uploads\/usu973\/2020\/05\/Propostes-18-maig-CS.pdf\">Propostes 18 maig CS<\/a><\/p>\n<p>&nbsp;<\/p>\n<p><strong>PROPOSTES CICLE SUPERIOR 9 \u00a0(25 de maig).<\/strong><\/p>\n<p><a href=\"https:\/\/agora.xtec.cat\/esc-renaixenca\/wp-content\/uploads\/usu973\/2020\/05\/Propostes-setmana-25-maig-CS.pdf\">Propostes setmana 25 maig CS<\/a><\/p>\n<audio class=\"wp-audio-shortcode\" id=\"audio-1733-2\" preload=\"none\" style=\"width: 100%;\" controls=\"controls\"><source type=\"audio\/mpeg\" src=\"https:\/\/agora.xtec.cat\/esc-renaixenca\/wp-content\/uploads\/usu973\/2020\/05\/Serena-CS.mp3?_=2\" \/><a href=\"https:\/\/agora.xtec.cat\/esc-renaixenca\/wp-content\/uploads\/usu973\/2020\/05\/Serena-CS.mp3\">https:\/\/agora.xtec.cat\/esc-renaixenca\/wp-content\/uploads\/usu973\/2020\/05\/Serena-CS.mp3<\/a><\/audio>\n<p>&nbsp;<\/p>\n<p><strong>PROPOSTES CICLE SUPERIOR 10\u00a0 (2 de juny).<\/strong><\/p>\n<p><a href=\"https:\/\/agora.xtec.cat\/esc-renaixenca\/wp-content\/uploads\/usu973\/2020\/05\/deures-CS-2-juny.pdf\">Tasques\u00a0 CS 2 juny<\/a><\/p>\n<p><a href=\"https:\/\/agora.xtec.cat\/esc-renaixenca\/wp-content\/uploads\/usu973\/2020\/05\/Lectura-les-Fades.pdf\">Lectura les Fades<\/a><\/p>\n<p>&nbsp;<\/p>\n<p><strong>PROPOSTES CICLE SUPERIOR 11\u00a0 (8 de juny).<\/strong><\/p>\n<p><a href=\"https:\/\/agora.xtec.cat\/esc-renaixenca\/wp-content\/uploads\/usu973\/2020\/06\/Propostes-CS-8-juny.pdf\">Propostes CS 8 juny<\/a><\/p>\n","protected":false},"excerpt":{"rendered":"<p>&nbsp;<br \/>\nPROPOSTES CICLE SUPERIOR 1 (20 de mar\u00e7).<br \/>\n<a href=\"https:\/\/agora.xtec.cat\/esc-renaixenca\/wp-content\/uploads\/usu973\/2020\/03\/CICLE-SUPERIOR.pdf\">CICLE SUPERIOR<\/a><br \/>\n<a href=\"https:\/\/agora.xtec.cat\/esc-renaixenca\/wp-content\/uploads\/usu973\/2020\/03\/CICLE-SUPERIOR-2.pdf\">CICLE SUPERIOR 2<\/a><br \/>\nPROPOSTES CICLE SUPERIOR 2 (27 de mar\u00e7).<br \/>\n<a href=\"https:\/\/agora.xtec.cat\/esc-renaixenca\/wp-content\/uploads\/usu973\/2020\/03\/deures-CS-3.pdf\">Propostes CS.<\/a><br \/>\n<a href=\"https:\/\/agora.xtec.cat\/esc-renaixenca\/wp-content\/uploads\/usu973\/2020\/03\/Especialitats-30-3.pdf\">Especialitats.<\/a><br \/>\n<a href=\"https:\/\/agora.xtec.cat\/esc-renaixenca\/wp-content\/uploads\/usu973\/2020\/03\/recomanacions-EF-27-3-1.pdf\">Recomanacions Educaci\u00f3 F\u00edsica.\u00a0<\/a><br \/>\nDocuments adjunts (per veure en pantalla i fer en un full en blanc o si es pot, imprimir).<br \/>\nCatal\u00e0.<br \/>\n<a href=\"https:\/\/agora.xtec.cat\/esc-renaixenca\/wp-content\/uploads\/usu973\/2020\/03\/Lectura-catal\u00e0-1.pdf\">Lectura catal\u00e0 1<\/a><br \/>\n<a href=\"https:\/\/agora.xtec.cat\/esc-renaixenca\/wp-content\/uploads\/usu973\/2020\/03\/Lectura-catal\u00e0-2.pdf\">Lectura&hellip;  <a href=\"https:\/\/agora.xtec.cat\/esc-renaixenca\/recomanacions-cicle-superior\/\" title=\"Read RECOMANACIONS CICLE SUPERIOR\">Llegeix m\u00e9s\u00bb<\/a><\/p>\n","protected":false},"author":1,"featured_media":0,"parent":0,"menu_order":0,"comment_status":"closed","ping_status":"closed","template":"","meta":{"_bbp_topic_count":0,"_bbp_reply_count":0,"_bbp_total_topic_count":0,"_bbp_total_reply_count":0,"_bbp_voice_count":0,"_bbp_anonymous_reply_count":0,"_bbp_topic_count_hidden":0,"_bbp_reply_count_hidden":0,"_bbp_forum_subforum_count":0,"footnotes":""},"class_list":["post-1733","page","type-page","status-publish","hentry"],"post_mailing_queue_ids":[],"_links":{"self":[{"href":"https:\/\/agora.xtec.cat\/esc-renaixenca\/wp-json\/wp\/v2\/pages\/1733","targetHints":{"allow":["GET"]}}],"collection":[{"href":"https:\/\/agora.xtec.cat\/esc-renaixenca\/wp-json\/wp\/v2\/pages"}],"about":[{"href":"https:\/\/agora.xtec.cat\/esc-renaixenca\/wp-json\/wp\/v2\/types\/page"}],"author":[{"embeddable":true,"href":"https:\/\/agora.xtec.cat\/esc-renaixenca\/wp-json\/wp\/v2\/users\/1"}],"replies":[{"embeddable":true,"href":"https:\/\/agora.xtec.cat\/esc-renaixenca\/wp-json\/wp\/v2\/comments?post=1733"}],"version-history":[{"count":4,"href":"https:\/\/agora.xtec.cat\/esc-renaixenca\/wp-json\/wp\/v2\/pages\/1733\/revisions"}],"predecessor-version":[{"id":1912,"href":"https:\/\/agora.xtec.cat\/esc-renaixenca\/wp-json\/wp\/v2\/pages\/1733\/revisions\/1912"}],"wp:attachment":[{"href":"https:\/\/agora.xtec.cat\/esc-renaixenca\/wp-json\/wp\/v2\/media?parent=1733"}],"curies":[{"name":"wp","href":"https:\/\/api.w.org\/{rel}","templated":true}]}}