{"id":1731,"date":"2020-04-01T17:17:26","date_gmt":"2020-04-01T15:17:26","guid":{"rendered":"http:\/\/agora.xtec.cat\/esc-renaixenca\/?page_id=1731"},"modified":"2020-06-08T09:07:41","modified_gmt":"2020-06-08T07:07:41","slug":"recomanacions-cicle-mitja","status":"publish","type":"page","link":"https:\/\/agora.xtec.cat\/esc-renaixenca\/recomanacions-cicle-mitja\/","title":{"rendered":"RECOMANACIONS CICLE MITJ\u00c0"},"content":{"rendered":"<p><strong>PROPOSTES CICLE MITJ\u00c0 1 (20 de mar\u00e7).<\/strong><\/p>\n<p><a href=\"https:\/\/agora.xtec.cat\/esc-renaixenca\/wp-content\/uploads\/usu973\/2020\/03\/CICLE-MITJ\u00c0.pdf\">CICLE MITJ\u00c0<\/a><\/p>\n<p><strong>PROPOSTES CICLE MITJ\u00c0 2 (27 de mar\u00e7).<\/strong><\/p>\n<p><a href=\"https:\/\/agora.xtec.cat\/esc-renaixenca\/wp-content\/uploads\/usu973\/2020\/03\/CM-30-3.pdf\">CM. <\/a>\u00a0(Propostes).<\/p>\n<p><a href=\"https:\/\/agora.xtec.cat\/esc-renaixenca\/wp-content\/uploads\/usu973\/2020\/03\/Propostes-especialitats.pdf\">Propostes especialitats.<\/a><\/p>\n<p><a href=\"https:\/\/agora.xtec.cat\/esc-renaixenca\/wp-content\/uploads\/usu973\/2020\/03\/Lengua-castellana-ciclo-medio.pdf\">Lengua castellana &#8211; ciclo medio.<\/a><\/p>\n<p><a href=\"https:\/\/agora.xtec.cat\/esc-renaixenca\/wp-content\/uploads\/usu973\/2020\/03\/A-M\u00c9S-A-M\u00c9S-27-3.pdf\">A M\u00c9S A M\u00c9S. (Enigma).<\/a><\/p>\n<p><a href=\"https:\/\/agora.xtec.cat\/esc-renaixenca\/wp-content\/uploads\/usu973\/2020\/03\/recomanacions-EF-27-3.pdf\">Recomanacions Educaci\u00f3 F\u00edsica.<\/a><\/p>\n<p><strong>PROPOSTES CICLE MITJ\u00c0 3 (4 d&#8217;abril).<\/strong><\/p>\n<p>Propostes generals: <a href=\"https:\/\/agora.xtec.cat\/esc-renaixenca\/wp-content\/uploads\/usu973\/2020\/04\/Propostes-CM-6-15.pdf\">Propostes CM 6-15<\/a> \u00a0\u00a0 \u00a0<a href=\"https:\/\/agora.xtec.cat\/esc-renaixenca\/wp-content\/uploads\/usu973\/2020\/04\/A-M\u00c9S-A-M\u00c9S-CM-6-15.pdf\">A M\u00c9S A M\u00c9S CM 6-15<\/a><\/p>\n<p>Educaci\u00f3 F\u00edsica: <a href=\"https:\/\/agora.xtec.cat\/esc-renaixenca\/wp-content\/uploads\/usu973\/2020\/04\/Proposta-EF.pdf\">Proposta EF<\/a>\u00a0 \u00a0 \u00a0 \u00a0<a href=\"https:\/\/agora.xtec.cat\/esc-renaixenca\/wp-content\/uploads\/usu973\/2020\/04\/IMG-20200325-WA0028.pdf\">IMG-20200325-WA0028<\/a> \u00a0\u00a0 \u00a0\u00a0<a href=\"https:\/\/agora.xtec.cat\/esc-renaixenca\/wp-content\/uploads\/usu973\/2020\/04\/IMG-20200325-WA0029.pdf\">IMG-20200325-WA0029<\/a>\u00a0 \u00a0 \u00a0\u00a0<a href=\"https:\/\/agora.xtec.cat\/esc-renaixenca\/wp-content\/uploads\/usu973\/2020\/04\/IMG-20200325-WA0030.pdf\">IMG-20200325-WA0030<\/a>\u00a0 \u00a0 \u00a0 \u00a0 \u00a0<a href=\"https:\/\/agora.xtec.cat\/esc-renaixenca\/wp-content\/uploads\/usu973\/2020\/04\/IMG-20200325-WA0031.pdf\">IMG-20200325-WA0031<\/a><\/p>\n<p>Llengua castellana: <a href=\"https:\/\/agora.xtec.cat\/esc-renaixenca\/wp-content\/uploads\/usu973\/2020\/04\/Propuest-castellano.pdf\">Propuest castellano<\/a><\/p>\n<p>&nbsp;<\/p>\n<p><strong>PROPOSTES CICLE MITJ\u00c0 4 (18 d&#8217;abril).<\/strong><\/p>\n<p>Proposta general: <a href=\"https:\/\/agora.xtec.cat\/esc-renaixenca\/wp-content\/uploads\/usu973\/2020\/04\/Propostes-generalsCM.pdf\">Propostes generalsCM<\/a><\/p>\n<p>Proposta extra: <a href=\"https:\/\/agora.xtec.cat\/esc-renaixenca\/wp-content\/uploads\/usu973\/2020\/04\/A-M\u00c9S-A-M\u00c9S-CM-17-24.pdf\">A M\u00c9S A M\u00c9S CM 17-24<\/a><\/p>\n<p>M\u00fasica: <a href=\"https:\/\/agora.xtec.cat\/esc-renaixenca\/wp-content\/uploads\/usu973\/2020\/04\/PROPOSTA-EDUCACI\u00d3-ART\u00cdSTICA-M\u00daSICA-1.pdf\">PROPOSTA EDUCACI\u00d3 ART\u00cdSTICA M\u00daSICA<\/a><\/p>\n<p>Educaci\u00f3 F\u00edsica: <a href=\"https:\/\/agora.xtec.cat\/esc-renaixenca\/wp-content\/uploads\/usu973\/2020\/04\/EFrecomanacions-EF-17-24a.pdf\">EFrecomanacions EF 17-24a<\/a> \u00a0\u00a0 \u00a0\u00a0 \u00a0<a href=\"https:\/\/agora.xtec.cat\/esc-renaixenca\/wp-content\/uploads\/usu973\/2020\/04\/EFNormes-TRIVIAL.pdf\">EFNormes TRIVIAL<\/a> \u00a0\u00a0 \u00a0\u00a0 \u00a0\u00a0 <a href=\"https:\/\/agora.xtec.cat\/esc-renaixenca\/wp-content\/uploads\/usu973\/2020\/04\/EFTaulell-TRIVIAL-EF.pdf\">EFTaulell TRIVIAL EF<\/a> \u00a0\u00a0 \u00a0\u00a0 \u00a0\u00a0<a href=\"https:\/\/agora.xtec.cat\/esc-renaixenca\/wp-content\/uploads\/usu973\/2020\/04\/EFCartones-trivial.pdf\">EFCartones trivial<\/a><\/p>\n<p>Llengua castellana: <a href=\"https:\/\/agora.xtec.cat\/esc-renaixenca\/wp-content\/uploads\/usu973\/2020\/04\/CASTELLANO-palabras-hom\u00f3nimas.pdf\">CASTELLANO palabras hom\u00f3nimas<\/a> \u00a0\u00a0 \u00a0\u00a0 \u00a0\u00a0 \u00a0\u00a0 \u00a0<a href=\"https:\/\/agora.xtec.cat\/esc-renaixenca\/wp-content\/uploads\/usu973\/2020\/04\/cASTELLANO-Concurso-de-palabras-extra\u00f1\u00edsimas-en-castellano.pdf\">cASTELLANO-Concurso de palabras extra\u00f1\u00edsimas en castellano<\/a><\/p>\n<div style=\"width: 640px;\" class=\"wp-video\"><!--[if lt IE 9]><script>document.createElement('video');<\/script><![endif]-->\n<video class=\"wp-video-shortcode\" id=\"video-1731-1\" width=\"640\" height=\"352\" preload=\"metadata\" controls=\"controls\"><source type=\"video\/mp4\" src=\"https:\/\/agora.xtec.cat\/esc-renaixenca\/wp-content\/uploads\/usu973\/2020\/04\/2aa2be59-a988-46e8-87fa-1eb11e4ab0de.mp4?_=1\" \/><a href=\"https:\/\/agora.xtec.cat\/esc-renaixenca\/wp-content\/uploads\/usu973\/2020\/04\/2aa2be59-a988-46e8-87fa-1eb11e4ab0de.mp4\">https:\/\/agora.xtec.cat\/esc-renaixenca\/wp-content\/uploads\/usu973\/2020\/04\/2aa2be59-a988-46e8-87fa-1eb11e4ab0de.mp4<\/a><\/video><\/div>\n<p>&nbsp;<\/p>\n<p><strong>PROPOSTES CICLE MITJ\u00c0 5 (25 d&#8217;abril).<\/strong><\/p>\n<p><a href=\"https:\/\/agora.xtec.cat\/esc-renaixenca\/wp-content\/uploads\/usu973\/2020\/04\/Propostes-CM-setmana-27-dabril.pdf\">Propostes CM setmana 27 d&#8217;abril<\/a><\/p>\n<p>&nbsp;<\/p>\n<p><strong>PROPOSTES CICLE MITJ\u00c0 6 (2 de maig<\/strong><strong>).<\/strong><\/p>\n<p><a href=\"https:\/\/agora.xtec.cat\/esc-renaixenca\/wp-content\/uploads\/usu973\/2020\/05\/Propostes-CM-setmana-4-de-maig.pdf\">Propostes CM setmana 4 de maig<\/a><\/p>\n<p>M\u00fasica:<\/p>\n<p><a href=\"https:\/\/www.youtube.com\/watch?v=_CiM7_6LGBo\" target=\"_blank\" rel=\"noopener noreferrer\">Veure V\u00eddeo!<\/a><\/p>\n<p>&nbsp;<\/p>\n<p><strong>PROPOSTES CICLE MITJ\u00c0 7 (11 de maig<\/strong><strong>).<\/strong><\/p>\n<p><a href=\"https:\/\/agora.xtec.cat\/esc-renaixenca\/wp-content\/uploads\/usu973\/2020\/05\/Propostes-CM-setmana-11-de-maig.pdf\">Propostes CM setmana 11 de maig<\/a><\/p>\n<p>&nbsp;<\/p>\n<p><strong>PROPOSTES CICLE MITJ\u00c0 8 (18 de maig<\/strong><strong>).<\/strong><\/p>\n<p><a href=\"https:\/\/agora.xtec.cat\/esc-renaixenca\/wp-content\/uploads\/usu973\/2020\/05\/Propostes-CM-setmana-18-de-maig.pdf\">Propostes CM setmana 18 de maig<\/a><\/p>\n<p>&nbsp;<\/p>\n<p><strong>PROPOSTES CICLE MITJ\u00c0 9 (25 de maig<\/strong><strong>).<\/strong><\/p>\n<p><a href=\"https:\/\/agora.xtec.cat\/esc-renaixenca\/wp-content\/uploads\/usu973\/2020\/05\/Propostes-CM-setmana-25-de-maig.pdf\">Propostes CM setmana 25 de maig<\/a><\/p>\n<p>&nbsp;<\/p>\n<p><strong>PROPOSTES CICLE MITJ\u00c0 10 (2 de juny<\/strong><strong>).<\/strong><\/p>\n<p><a href=\"https:\/\/agora.xtec.cat\/esc-renaixenca\/wp-content\/uploads\/usu973\/2020\/05\/Propostes-Cicle-Mitj\u00e0-setmana-1-de-juny.pdf\">Propostes Cicle Mitj\u00e0 setmana 1 de juny<\/a><\/p>\n<p>&nbsp;<\/p>\n<p><strong>PROPOSTES CICLE MITJ\u00c0 11 (8 de juny<\/strong><strong>).<\/strong><\/p>\n<p><a href=\"https:\/\/agora.xtec.cat\/esc-renaixenca\/wp-content\/uploads\/usu973\/2020\/06\/Propostes-setmana-8-de-juny.pdf\">Propostes setmana 8 de juny<\/a><\/p>\n","protected":false},"excerpt":{"rendered":"<p>PROPOSTES CICLE MITJ\u00c0 1 (20 de mar\u00e7).<br \/>\n<a href=\"https:\/\/agora.xtec.cat\/esc-renaixenca\/wp-content\/uploads\/usu973\/2020\/03\/CICLE-MITJ\u00c0.pdf\">CICLE MITJ\u00c0<\/a><br \/>\nPROPOSTES CICLE MITJ\u00c0 2 (27 de mar\u00e7).<br \/>\n<a href=\"https:\/\/agora.xtec.cat\/esc-renaixenca\/wp-content\/uploads\/usu973\/2020\/03\/CM-30-3.pdf\">CM. <\/a>\u00a0(Propostes).<br \/>\n<a href=\"https:\/\/agora.xtec.cat\/esc-renaixenca\/wp-content\/uploads\/usu973\/2020\/03\/Propostes-especialitats.pdf\">Propostes especialitats.<\/a><br \/>\n<a href=\"https:\/\/agora.xtec.cat\/esc-renaixenca\/wp-content\/uploads\/usu973\/2020\/03\/Lengua-castellana-ciclo-medio.pdf\">Lengua castellana &#8211; ciclo medio.<\/a><br \/>\n<a href=\"https:\/\/agora.xtec.cat\/esc-renaixenca\/wp-content\/uploads\/usu973\/2020\/03\/A-M\u00c9S-A-M\u00c9S-27-3.pdf\">A M\u00c9S A M\u00c9S. (Enigma).<\/a><br \/>\n<a href=\"https:\/\/agora.xtec.cat\/esc-renaixenca\/wp-content\/uploads\/usu973\/2020\/03\/recomanacions-EF-27-3.pdf\">Recomanacions Educaci\u00f3 F\u00edsica.<\/a><br \/>\nPROPOSTES CICLE MITJ\u00c0 3 (4 d&#8217;abril).<br \/>\nPropostes generals: <a href=\"https:\/\/agora.xtec.cat\/esc-renaixenca\/wp-content\/uploads\/usu973\/2020\/04\/Propostes-CM-6-15.pdf\">Propostes CM 6-15<\/a> \u00a0\u00a0 \u00a0<a href=\"https:\/\/agora.xtec.cat\/esc-renaixenca\/wp-content\/uploads\/usu973\/2020\/04\/A-M\u00c9S-A-M\u00c9S-CM-6-15.pdf\">A&hellip;  <a href=\"https:\/\/agora.xtec.cat\/esc-renaixenca\/recomanacions-cicle-mitja\/\" title=\"Read RECOMANACIONS CICLE MITJ\u00c0\">Llegeix m\u00e9s\u00bb<\/a><\/p>\n","protected":false},"author":1,"featured_media":0,"parent":0,"menu_order":0,"comment_status":"closed","ping_status":"closed","template":"","meta":{"_bbp_topic_count":0,"_bbp_reply_count":0,"_bbp_total_topic_count":0,"_bbp_total_reply_count":0,"_bbp_voice_count":0,"_bbp_anonymous_reply_count":0,"_bbp_topic_count_hidden":0,"_bbp_reply_count_hidden":0,"_bbp_forum_subforum_count":0,"footnotes":""},"class_list":["post-1731","page","type-page","status-publish","hentry"],"post_mailing_queue_ids":[],"_links":{"self":[{"href":"https:\/\/agora.xtec.cat\/esc-renaixenca\/wp-json\/wp\/v2\/pages\/1731","targetHints":{"allow":["GET"]}}],"collection":[{"href":"https:\/\/agora.xtec.cat\/esc-renaixenca\/wp-json\/wp\/v2\/pages"}],"about":[{"href":"https:\/\/agora.xtec.cat\/esc-renaixenca\/wp-json\/wp\/v2\/types\/page"}],"author":[{"embeddable":true,"href":"https:\/\/agora.xtec.cat\/esc-renaixenca\/wp-json\/wp\/v2\/users\/1"}],"replies":[{"embeddable":true,"href":"https:\/\/agora.xtec.cat\/esc-renaixenca\/wp-json\/wp\/v2\/comments?post=1731"}],"version-history":[{"count":4,"href":"https:\/\/agora.xtec.cat\/esc-renaixenca\/wp-json\/wp\/v2\/pages\/1731\/revisions"}],"predecessor-version":[{"id":1910,"href":"https:\/\/agora.xtec.cat\/esc-renaixenca\/wp-json\/wp\/v2\/pages\/1731\/revisions\/1910"}],"wp:attachment":[{"href":"https:\/\/agora.xtec.cat\/esc-renaixenca\/wp-json\/wp\/v2\/media?parent=1731"}],"curies":[{"name":"wp","href":"https:\/\/api.w.org\/{rel}","templated":true}]}}