{"id":1727,"date":"2020-04-01T17:14:41","date_gmt":"2020-04-01T15:14:41","guid":{"rendered":"http:\/\/agora.xtec.cat\/esc-renaixenca\/?page_id=1727"},"modified":"2020-06-08T09:06:03","modified_gmt":"2020-06-08T07:06:03","slug":"propostes-educacio-infantil","status":"publish","type":"page","link":"https:\/\/agora.xtec.cat\/esc-renaixenca\/propostes-educacio-infantil\/","title":{"rendered":"RECOMANACIONS EDUCACI\u00d3 INFANTIL"},"content":{"rendered":"<p><strong>PROPOSTES EDUCACI\u00d3 INFANTIL 1 (20 DE MAR\u00c7).<\/strong><\/p>\n<p><a href=\"https:\/\/agora.xtec.cat\/esc-renaixenca\/wp-content\/uploads\/usu973\/2020\/03\/P3-P4-P5.pdf\">P3-P4-P5<\/a><\/p>\n<h5><strong>PROPOSTES EDUCACI\u00d3 INFANTIL 2 (27 DE MAR\u00c7).<\/strong><\/h5>\n<p><a href=\"https:\/\/agora.xtec.cat\/esc-renaixenca\/wp-content\/uploads\/usu973\/2020\/03\/Orientacions-fam\u00edlies-per-casa-2.pdf\">Orientacions fam\u00edlies per casa 2.<\/a><\/p>\n<p><a href=\"https:\/\/agora.xtec.cat\/esc-renaixenca\/wp-content\/uploads\/usu973\/2020\/03\/Experiment-volc\u00e0.pdf\">Experiment volc\u00e0.<\/a><\/p>\n<p><a href=\"https:\/\/agora.xtec.cat\/esc-renaixenca\/wp-content\/uploads\/usu973\/2020\/03\/La-Rosa-contra-el-virus-CATAL\u00c0.pdf\">La Rosa contra el virus &#8211; CATAL\u00c0<\/a>\u00a0(conte).<\/p>\n<h5><strong>PROPOSTES EDUCACI\u00d3 INFANTIL 3 (4 D&#8217;ABRIL).<\/strong><\/h5>\n<p><a href=\"https:\/\/agora.xtec.cat\/esc-renaixenca\/wp-content\/uploads\/usu973\/2020\/04\/Proposta-dactivitats-Educaci\u00f3-Infantil.pdf\">Proposta d&#8217;activitats Educaci\u00f3 Infantil<\/a><\/p>\n<h5><strong>PROPOSTES EDUCACI\u00d3 INFANTIL 4 (18 D&#8217;ABRIL).<\/strong><\/h5>\n<p><a href=\"https:\/\/agora.xtec.cat\/esc-renaixenca\/wp-content\/uploads\/usu973\/2020\/04\/Orientacions-fam\u00edlies-per-casa-del-18-al-24-dabril.pdf\">Orientacions fam\u00edlies per casa del 18 al 24 d&#8217;abril<\/a>.<\/p>\n<p>&nbsp;<\/p>\n<h5><strong>PROPOSTES EDUCACI\u00d3 INFANTIL 5 (25 D&#8217;ABRIL).<\/strong><\/h5>\n<p><a href=\"https:\/\/agora.xtec.cat\/esc-renaixenca\/wp-content\/uploads\/usu973\/2020\/04\/Propostes-Educaci\u00f3-infantil-del-27-dabril-a-l1-de-maig.pdf\">Propostes Educaci\u00f3 infantil del 27 d&#8217;abril a l&#8217;1 de maig<\/a><\/p>\n<p>&nbsp;<\/p>\n<h5><strong>PROPOSTES EDUCACI\u00d3 INFANTIL 6 (2 DE MAIG).<\/strong><\/h5>\n<p><a href=\"https:\/\/agora.xtec.cat\/esc-renaixenca\/wp-content\/uploads\/usu973\/2020\/05\/Propostes-Infantil-Setmana-4-de-maig.pdf\">Propostes Infantil Setmana 4 de maig<\/a><\/p>\n<p>&nbsp;<\/p>\n<h5><strong>PROPOSTES EDUCACI\u00d3 INFANTIL 7 (11 DE MAIG).<\/strong><\/h5>\n<p><a href=\"https:\/\/agora.xtec.cat\/esc-renaixenca\/wp-content\/uploads\/usu973\/2020\/05\/Propostes-Educaci\u00f3-Infantil-setmana-11-de-maig.pdf\">Propostes Educaci\u00f3 Infantil setmana 11 de maig<\/a><\/p>\n<p>&nbsp;<\/p>\n<h5><strong>PROPOSTES EDUCACI\u00d3 INFANTIL 8 (18 DE MAIG).<\/strong><\/h5>\n<p><a href=\"https:\/\/agora.xtec.cat\/esc-renaixenca\/wp-content\/uploads\/usu973\/2020\/05\/Propostes-Educaci\u00f3-infantil-setmana-del-18-de-maig.pdf\">Propostes Educaci\u00f3 infantil setmana del 18 de maig<\/a><\/p>\n<!--[if lt IE 9]><script>document.createElement('audio');<\/script><![endif]-->\n<audio class=\"wp-audio-shortcode\" id=\"audio-1727-1\" preload=\"none\" style=\"width: 100%;\" controls=\"controls\"><source type=\"audio\/mpeg\" src=\"https:\/\/agora.xtec.cat\/esc-renaixenca\/wp-content\/uploads\/usu973\/2020\/05\/EL-PEIX-DE-COLORINS.mp3?_=1\" \/><a href=\"https:\/\/agora.xtec.cat\/esc-renaixenca\/wp-content\/uploads\/usu973\/2020\/05\/EL-PEIX-DE-COLORINS.mp3\">https:\/\/agora.xtec.cat\/esc-renaixenca\/wp-content\/uploads\/usu973\/2020\/05\/EL-PEIX-DE-COLORINS.mp3<\/a><\/audio>\n<p>&nbsp;<\/p>\n<h5><strong>PROPOSTES EDUCACI\u00d3 INFANTIL 9 (25 DE MAIG).<\/strong><\/h5>\n<p><a href=\"https:\/\/agora.xtec.cat\/esc-renaixenca\/wp-content\/uploads\/usu973\/2020\/05\/Propostes-Educaci\u00f3-Infantil-setmana-del-25-de-maig-1.pdf\">Propostes Educaci\u00f3 Infantil setmana del 25 de maig <\/a><\/p>\n<p>&nbsp;<\/p>\n<h5><strong>PROPOSTES EDUCACI\u00d3 INFANTIL 10 (2 de JUNY).<\/strong><\/h5>\n<p><a href=\"https:\/\/agora.xtec.cat\/esc-renaixenca\/wp-content\/uploads\/usu973\/2020\/05\/Propostes-Educaci\u00f3-Infantil-setmana-de-l-1-de-juny.pdf\">Propostes Educaci\u00f3 Infantil setmana de l 1 de juny<\/a><\/p>\n<p>&nbsp;<\/p>\n<h5><strong>PROPOSTES EDUCACI\u00d3 INFANTIL 11 (8 de JUNY).<\/strong><\/h5>\n<p><a href=\"https:\/\/agora.xtec.cat\/esc-renaixenca\/wp-content\/uploads\/usu973\/2020\/06\/Propostes-Educaci\u00f3-Infantil-setmana-del-8-de-juny.pdf\">Propostes Educaci\u00f3 Infantil setmana del 8 de juny<\/a><\/p>\n<audio class=\"wp-audio-shortcode\" id=\"audio-1727-2\" preload=\"none\" style=\"width: 100%;\" controls=\"controls\"><source type=\"audio\/mpeg\" src=\"https:\/\/agora.xtec.cat\/esc-renaixenca\/wp-content\/uploads\/usu973\/2020\/06\/Conte_-Els-Pirates.m4a?_=2\" \/><a href=\"https:\/\/agora.xtec.cat\/esc-renaixenca\/wp-content\/uploads\/usu973\/2020\/06\/Conte_-Els-Pirates.m4a\">https:\/\/agora.xtec.cat\/esc-renaixenca\/wp-content\/uploads\/usu973\/2020\/06\/Conte_-Els-Pirates.m4a<\/a><\/audio>\n","protected":false},"excerpt":{"rendered":"<p>PROPOSTES EDUCACI\u00d3 INFANTIL 1 (20 DE MAR\u00c7).<br \/>\n<a href=\"https:\/\/agora.xtec.cat\/esc-renaixenca\/wp-content\/uploads\/usu973\/2020\/03\/P3-P4-P5.pdf\">P3-P4-P5<\/a><br \/>\nPROPOSTES EDUCACI\u00d3 INFANTIL 2 (27 DE MAR\u00c7).<br \/>\n<a href=\"https:\/\/agora.xtec.cat\/esc-renaixenca\/wp-content\/uploads\/usu973\/2020\/03\/Orientacions-fam\u00edlies-per-casa-2.pdf\">Orientacions fam\u00edlies per casa 2.<\/a><br \/>\n<a href=\"https:\/\/agora.xtec.cat\/esc-renaixenca\/wp-content\/uploads\/usu973\/2020\/03\/Experiment-volc\u00e0.pdf\">Experiment volc\u00e0.<\/a><br \/>\n<a href=\"https:\/\/agora.xtec.cat\/esc-renaixenca\/wp-content\/uploads\/usu973\/2020\/03\/La-Rosa-contra-el-virus-CATAL\u00c0.pdf\">La Rosa contra el virus &#8211; CATAL\u00c0<\/a>\u00a0(conte).<br \/>\nPROPOSTES EDUCACI\u00d3 INFANTIL 3 (4 D&#8217;ABRIL).<br \/>\n<a href=\"https:\/\/agora.xtec.cat\/esc-renaixenca\/wp-content\/uploads\/usu973\/2020\/04\/Proposta-dactivitats-Educaci\u00f3-Infantil.pdf\">Proposta d&#8217;activitats Educaci\u00f3 Infantil<\/a><br \/>\nPROPOSTES EDUCACI\u00d3 INFANTIL 4 (18 D&#8217;ABRIL).<br \/>\n<a href=\"https:\/\/agora.xtec.cat\/esc-renaixenca\/wp-content\/uploads\/usu973\/2020\/04\/Orientacions-fam\u00edlies-per-casa-del-18-al-24-dabril.pdf\">Orientacions fam\u00edlies per&hellip;  <a href=\"https:\/\/agora.xtec.cat\/esc-renaixenca\/propostes-educacio-infantil\/\" title=\"Read RECOMANACIONS EDUCACI\u00d3 INFANTIL\">Llegeix m\u00e9s\u00bb<\/a><\/p>\n","protected":false},"author":1,"featured_media":0,"parent":0,"menu_order":0,"comment_status":"closed","ping_status":"closed","template":"","meta":{"_bbp_topic_count":0,"_bbp_reply_count":0,"_bbp_total_topic_count":0,"_bbp_total_reply_count":0,"_bbp_voice_count":0,"_bbp_anonymous_reply_count":0,"_bbp_topic_count_hidden":0,"_bbp_reply_count_hidden":0,"_bbp_forum_subforum_count":0,"footnotes":""},"class_list":["post-1727","page","type-page","status-publish","hentry"],"post_mailing_queue_ids":[],"_links":{"self":[{"href":"https:\/\/agora.xtec.cat\/esc-renaixenca\/wp-json\/wp\/v2\/pages\/1727","targetHints":{"allow":["GET"]}}],"collection":[{"href":"https:\/\/agora.xtec.cat\/esc-renaixenca\/wp-json\/wp\/v2\/pages"}],"about":[{"href":"https:\/\/agora.xtec.cat\/esc-renaixenca\/wp-json\/wp\/v2\/types\/page"}],"author":[{"embeddable":true,"href":"https:\/\/agora.xtec.cat\/esc-renaixenca\/wp-json\/wp\/v2\/users\/1"}],"replies":[{"embeddable":true,"href":"https:\/\/agora.xtec.cat\/esc-renaixenca\/wp-json\/wp\/v2\/comments?post=1727"}],"version-history":[{"count":4,"href":"https:\/\/agora.xtec.cat\/esc-renaixenca\/wp-json\/wp\/v2\/pages\/1727\/revisions"}],"predecessor-version":[{"id":1906,"href":"https:\/\/agora.xtec.cat\/esc-renaixenca\/wp-json\/wp\/v2\/pages\/1727\/revisions\/1906"}],"wp:attachment":[{"href":"https:\/\/agora.xtec.cat\/esc-renaixenca\/wp-json\/wp\/v2\/media?parent=1727"}],"curies":[{"name":"wp","href":"https:\/\/api.w.org\/{rel}","templated":true}]}}