{"id":1106,"date":"2018-05-29T15:07:23","date_gmt":"2018-05-29T13:07:23","guid":{"rendered":"http:\/\/agora.xtec.cat\/esc-renaixenca\/?page_id=1106"},"modified":"2018-05-29T15:12:08","modified_gmt":"2018-05-29T13:12:08","slug":"colonies-tarragona-2018","status":"publish","type":"page","link":"https:\/\/agora.xtec.cat\/esc-renaixenca\/colonies-tarragona-2018\/","title":{"rendered":"COL\u00d2NIES TARRAGONA 2018"},"content":{"rendered":"<h3 style=\"text-align: center;\">COL\u00d2NIES C\u00c0MPING TORRE DE LA M\u00d3RA &#8211; CURS 2017-2018<\/h3>\n<p><a title=\"DSC_0323\" href=\"https:\/\/www.flickr.com\/photos\/55897341@N06\/27558936977\/in\/album-72157695677211121\/\" data-flickr-embed=\"true\"><img loading=\"lazy\" decoding=\"async\" class=\"aligncenter\" src=\"https:\/\/farm2.staticflickr.com\/1725\/27558936977_a436be02ed_n.jpg\" alt=\"DSC_0323\" width=\"427\" height=\"224\" \/><\/a><br \/>\nPodeu veure les diferents activitats que hem fet aquest any a continuaci\u00f3!!<\/p>\n<p>Han estat unes col\u00f2nies man\u00edfiques!!!<\/p>\n<h4 style=\"text-align: center;\">ACTIVITATS<\/h4>\n<p><a title=\"DSCN2023\" href=\"https:\/\/www.flickr.com\/photos\/55897341@N06\/41704800934\/in\/album-72157691610072430\/\" data-flickr-embed=\"true\"><img loading=\"lazy\" decoding=\"async\" class=\"aligncenter\" src=\"https:\/\/farm2.staticflickr.com\/1746\/41704800934_7d1d91a107_n.jpg\" alt=\"DSCN2023\" width=\"320\" height=\"240\" \/><\/a><\/p>\n<p style=\"text-align: center;\"><a href=\"https:\/\/www.flickr.com\/photos\/55897341@N06\/albums\/72157696801794164\" target=\"_blank\" rel=\"noopener noreferrer\">TALLERS D&#8217;EUCACI\u00d3 INFANTIL.<\/a><\/p>\n<p style=\"text-align: center;\">TALLERS PRIM\u00c0RIA.<\/p>\n<p style=\"text-align: center;\"><a href=\"https:\/\/www.flickr.com\/photos\/55897341@N06\/albums\/72157691610072430\" target=\"_blank\" rel=\"noopener noreferrer\">Platja\u00a0<\/a> \u00a0 \u00a0<a href=\"https:\/\/www.flickr.com\/photos\/55897341@N06\/albums\/72157669533528618\" target=\"_blank\" rel=\"noopener noreferrer\">M\u00e0gia\u00a0<\/a> \u00a0 \u00a0<a href=\"https:\/\/www.flickr.com\/photos\/55897341@N06\/albums\/72157695675997391\" target=\"_blank\" rel=\"noopener noreferrer\">Kinball-malabars CI<\/a>\u00a0 \u00a0 \u00a0 <a href=\"https:\/\/www.flickr.com\/photos\/55897341@N06\/albums\/72157695676225471\" target=\"_blank\" rel=\"noopener noreferrer\">Tir i Malabars CS<\/a><\/p>\n<p style=\"text-align: center;\"><a href=\"https:\/\/www.flickr.com\/photos\/55897341@N06\/albums\/72157694241524692\" target=\"_blank\" rel=\"noopener noreferrer\">\u00c0PATS.<\/a><\/p>\n<p style=\"text-align: center;\"><a href=\"https:\/\/www.flickr.com\/photos\/55897341@N06\/albums\/72157667494750337\" target=\"_blank\" rel=\"noopener noreferrer\">NITS.<\/a><\/p>\n<p style=\"text-align: center;\"><a href=\"https:\/\/www.flickr.com\/photos\/55897341@N06\/albums\/72157667494622597\" target=\"_blank\" rel=\"noopener noreferrer\">ESTONES LLIURES.<\/a><\/p>\n<p style=\"text-align: center;\"><a href=\"https:\/\/www.flickr.com\/photos\/55897341@N06\/albums\/72157695677211121\" target=\"_blank\" rel=\"noopener noreferrer\">VIATGE.<\/a><\/p>\n","protected":false},"excerpt":{"rendered":"<p>COL\u00d2NIES C\u00c0MPING TORRE DE LA M\u00d3RA &#8211; CURS 2017-2018<br \/>\n<a title=\"DSC_0323\" href=\"https:\/\/www.flickr.com\/photos\/55897341@N06\/27558936977\/in\/album-72157695677211121\/\" data-flickr-embed=\"true\"><\/a><br \/>\nPodeu veure les diferents activitats que hem fet aquest any a continuaci\u00f3!!<br \/>\nHan estat unes col\u00f2nies man\u00edfiques!!!<br \/>\nACTIVITATS<br \/>\n<a title=\"DSCN2023\" href=\"https:\/\/www.flickr.com\/photos\/55897341@N06\/41704800934\/in\/album-72157691610072430\/\" data-flickr-embed=\"true\"><\/a><br \/>\n<a href=\"https:\/\/www.flickr.com\/photos\/55897341@N06\/albums\/72157696801794164\" target=\"_blank\" rel=\"noopener noreferrer\">TALLERS D&#8217;EUCACI\u00d3 INFANTIL.<\/a><br \/>\nTALLERS PRIM\u00c0RIA.<br \/>\n<a href=\"https:\/\/www.flickr.com\/photos\/55897341@N06\/albums\/72157691610072430\" target=\"_blank\" rel=\"noopener noreferrer\">Platja\u00a0<\/a> \u00a0 \u00a0<a href=\"https:\/\/www.flickr.com\/photos\/55897341@N06\/albums\/72157669533528618\" target=\"_blank\"&hellip;  <a href=\"https:\/\/agora.xtec.cat\/esc-renaixenca\/colonies-tarragona-2018\/\" title=\"Read COL\u00d2NIES TARRAGONA 2018\">Llegeix m\u00e9s\u00bb<\/a><\/p>\n","protected":false},"author":1,"featured_media":0,"parent":0,"menu_order":0,"comment_status":"closed","ping_status":"closed","template":"","meta":{"_bbp_topic_count":0,"_bbp_reply_count":0,"_bbp_total_topic_count":0,"_bbp_total_reply_count":0,"_bbp_voice_count":0,"_bbp_anonymous_reply_count":0,"_bbp_topic_count_hidden":0,"_bbp_reply_count_hidden":0,"_bbp_forum_subforum_count":0,"footnotes":""},"class_list":["post-1106","page","type-page","status-publish","hentry"],"post_mailing_queue_ids":[],"_links":{"self":[{"href":"https:\/\/agora.xtec.cat\/esc-renaixenca\/wp-json\/wp\/v2\/pages\/1106","targetHints":{"allow":["GET"]}}],"collection":[{"href":"https:\/\/agora.xtec.cat\/esc-renaixenca\/wp-json\/wp\/v2\/pages"}],"about":[{"href":"https:\/\/agora.xtec.cat\/esc-renaixenca\/wp-json\/wp\/v2\/types\/page"}],"author":[{"embeddable":true,"href":"https:\/\/agora.xtec.cat\/esc-renaixenca\/wp-json\/wp\/v2\/users\/1"}],"replies":[{"embeddable":true,"href":"https:\/\/agora.xtec.cat\/esc-renaixenca\/wp-json\/wp\/v2\/comments?post=1106"}],"version-history":[{"count":3,"href":"https:\/\/agora.xtec.cat\/esc-renaixenca\/wp-json\/wp\/v2\/pages\/1106\/revisions"}],"predecessor-version":[{"id":1111,"href":"https:\/\/agora.xtec.cat\/esc-renaixenca\/wp-json\/wp\/v2\/pages\/1106\/revisions\/1111"}],"wp:attachment":[{"href":"https:\/\/agora.xtec.cat\/esc-renaixenca\/wp-json\/wp\/v2\/media?parent=1106"}],"curies":[{"name":"wp","href":"https:\/\/api.w.org\/{rel}","templated":true}]}}