{"id":885,"date":"2020-06-16T10:40:26","date_gmt":"2020-06-16T08:40:26","guid":{"rendered":"https:\/\/agora.xtec.cat\/esc-ramonycajal-terrassa\/?page_id=885"},"modified":"2024-01-12T15:49:27","modified_gmt":"2024-01-12T14:49:27","slug":"espais-a-educacio-infantil","status":"publish","type":"page","link":"https:\/\/agora.xtec.cat\/esc-ramonycajal-terrassa\/projecte-educatiu-2\/espais-a-educacio-infantil\/","title":{"rendered":"Espais a Educaci\u00f3 Infantil"},"content":{"rendered":"<p>Una tarda a la setmana els infants d&#8217;I-3, I-4 i I-5 fan espais d&#8217;aprenentatge, els quals, estan pensats i prepartas per fomentar el creixement cognitiu, emocional, social, f\u00edsic i art\u00edstic dels m\u00e9s menuts de l&#8217;escola. A trav\u00e9s de diferents propostes educatives i materials d&#8217;aprenentatge variats els i les alumnes van construint\u00a0 el seu propi aprenentatge a partir del joc.<\/p>\n<p>&nbsp;<\/p>\n<p>&nbsp;<\/p>\n<p>&nbsp;<\/p>\n<p>&nbsp;<\/p>\n","protected":false},"excerpt":{"rendered":"<p>Una tarda a la setmana els infants d&#8217;I-3, I-4 i I-5 fan espais d&#8217;aprenentatge, els quals, estan pensats i prepartas per fomentar el creixement cognitiu, emocional, social, f\u00edsic i art\u00edstic dels m\u00e9s menuts de l&#8217;escola. A trav\u00e9s de diferents propostes educatives i materials d&#8217;aprenentatge variats&hellip;  <a href=\"https:\/\/agora.xtec.cat\/esc-ramonycajal-terrassa\/projecte-educatiu-2\/espais-a-educacio-infantil\/\" title=\"Read Espais a Educaci\u00f3 Infantil\">Llegeix m\u00e9s\u00bb<\/a><\/p>\n","protected":false},"author":1,"featured_media":0,"parent":683,"menu_order":90,"comment_status":"closed","ping_status":"closed","template":"page-templates\/side-menu.php","meta":{"_bbp_topic_count":0,"_bbp_reply_count":0,"_bbp_total_topic_count":0,"_bbp_total_reply_count":0,"_bbp_voice_count":0,"_bbp_anonymous_reply_count":0,"_bbp_topic_count_hidden":0,"_bbp_reply_count_hidden":0,"_bbp_forum_subforum_count":0,"footnotes":""},"class_list":["post-885","page","type-page","status-publish","hentry"],"post_mailing_queue_ids":[],"_links":{"self":[{"href":"https:\/\/agora.xtec.cat\/esc-ramonycajal-terrassa\/wp-json\/wp\/v2\/pages\/885","targetHints":{"allow":["GET"]}}],"collection":[{"href":"https:\/\/agora.xtec.cat\/esc-ramonycajal-terrassa\/wp-json\/wp\/v2\/pages"}],"about":[{"href":"https:\/\/agora.xtec.cat\/esc-ramonycajal-terrassa\/wp-json\/wp\/v2\/types\/page"}],"author":[{"embeddable":true,"href":"https:\/\/agora.xtec.cat\/esc-ramonycajal-terrassa\/wp-json\/wp\/v2\/users\/1"}],"replies":[{"embeddable":true,"href":"https:\/\/agora.xtec.cat\/esc-ramonycajal-terrassa\/wp-json\/wp\/v2\/comments?post=885"}],"version-history":[{"count":3,"href":"https:\/\/agora.xtec.cat\/esc-ramonycajal-terrassa\/wp-json\/wp\/v2\/pages\/885\/revisions"}],"predecessor-version":[{"id":4706,"href":"https:\/\/agora.xtec.cat\/esc-ramonycajal-terrassa\/wp-json\/wp\/v2\/pages\/885\/revisions\/4706"}],"up":[{"embeddable":true,"href":"https:\/\/agora.xtec.cat\/esc-ramonycajal-terrassa\/wp-json\/wp\/v2\/pages\/683"}],"wp:attachment":[{"href":"https:\/\/agora.xtec.cat\/esc-ramonycajal-terrassa\/wp-json\/wp\/v2\/media?parent=885"}],"curies":[{"name":"wp","href":"https:\/\/api.w.org\/{rel}","templated":true}]}}