{"id":879,"date":"2020-06-16T10:36:01","date_gmt":"2020-06-16T08:36:01","guid":{"rendered":"https:\/\/agora.xtec.cat\/esc-ramonycajal-terrassa\/?page_id=879"},"modified":"2021-04-21T13:21:34","modified_gmt":"2021-04-21T11:21:34","slug":"participacio-cmiat","status":"publish","type":"page","link":"https:\/\/agora.xtec.cat\/esc-ramonycajal-terrassa\/projecte-educatiu-2\/participacio-cmiat\/","title":{"rendered":"Participaci\u00f3 CMIAT"},"content":{"rendered":"<p>&nbsp;<\/p>\n<p><img decoding=\"async\" src=\"https:\/\/www.escolalavet.net\/wp-content\/uploads\/2020\/12\/02.jpg\" alt=\"El Consell Municipal de la Inf\u00e0ncia i l'Adolesc\u00e8ncia de Terrassa \u2013 CMIAT |  Escola l'Avet\" \/><\/p>\n<p>El CMIAT \u00e9s l\u2019\u00f2rgan de participaci\u00f3 infantil i juvenil de Terrassa i est\u00e0 format per infants i adolescents d\u2019entre 10 i 14 anys. Representants provinents de diversos centres educatius i entitats de lleure de la ciutat, que es troben mensualment per debatre, expressar, opinar i aportar propostes de millora de la ciutat de Terrassa.<\/p>\n<p>Com a \u00f2rgan participatiu que treballa per la millora i transformaci\u00f3 del municipi, l\u2019Alcalde i\/o l\u2019equip de govern els hi fa un enc\u00e0rrec sobre un tema que necessita la seva opini\u00f3 i propostes.<\/p>\n<h4>Objectius<\/h4>\n<ul>\n<li>Potenciar i dinamitzar la participaci\u00f3 d\u2019infants i adolescents dins la ciutat.<\/li>\n<li>Formar persones amb valors de democr\u00e0cia i participaci\u00f3.<\/li>\n<li>Donar a con\u00e8ixer a la poblaci\u00f3 adulta el seu punt de vista.<\/li>\n<li>Permetre que infants i adolescents tinguin la possibilitat de manifestar i proposar com volen que sigui la seva ciutat.<\/li>\n<\/ul>\n<h4>Funcions<\/h4>\n<ul>\n<li>Donar resposta a l\u2019enc\u00e0rrec que fa Alcaldia, durant la presentaci\u00f3 oficial del CMIAT coincidint amb inici de cada curs escolar.<\/li>\n<li>Assistir a trobades mensuals agrupades per districtes, durant al llarg del curs.<\/li>\n<li>Debatre, parlar, recollir opinions i fer propostes sobre l\u2019enc\u00e0rrec fet per part d\u2019Alcaldia i d\u2019altres temes que els preocupa.<\/li>\n<li>Fer arribar a l\u2019equip de govern un informe que recull totes les idees, propostes i accions amb qu\u00e8 han estat treballant durant totes les trobades.<\/li>\n<\/ul>\n","protected":false},"excerpt":{"rendered":"<p>&nbsp;<\/p>\n<p>El CMIAT \u00e9s l\u2019\u00f2rgan de participaci\u00f3 infantil i juvenil de Terrassa i est\u00e0 format per infants i adolescents d\u2019entre 10 i 14 anys. Representants provinents de diversos centres educatius i entitats de lleure de la ciutat, que es troben mensualment per debatre, expressar, opinar i&hellip;  <a href=\"https:\/\/agora.xtec.cat\/esc-ramonycajal-terrassa\/projecte-educatiu-2\/participacio-cmiat\/\" title=\"Read Participaci\u00f3 CMIAT\">Llegeix m\u00e9s\u00bb<\/a><\/p>\n","protected":false},"author":1,"featured_media":0,"parent":683,"menu_order":60,"comment_status":"closed","ping_status":"closed","template":"page-templates\/side-menu.php","meta":{"_bbp_topic_count":0,"_bbp_reply_count":0,"_bbp_total_topic_count":0,"_bbp_total_reply_count":0,"_bbp_voice_count":0,"_bbp_anonymous_reply_count":0,"_bbp_topic_count_hidden":0,"_bbp_reply_count_hidden":0,"_bbp_forum_subforum_count":0,"footnotes":""},"class_list":["post-879","page","type-page","status-publish","hentry"],"post_mailing_queue_ids":[],"_links":{"self":[{"href":"https:\/\/agora.xtec.cat\/esc-ramonycajal-terrassa\/wp-json\/wp\/v2\/pages\/879","targetHints":{"allow":["GET"]}}],"collection":[{"href":"https:\/\/agora.xtec.cat\/esc-ramonycajal-terrassa\/wp-json\/wp\/v2\/pages"}],"about":[{"href":"https:\/\/agora.xtec.cat\/esc-ramonycajal-terrassa\/wp-json\/wp\/v2\/types\/page"}],"author":[{"embeddable":true,"href":"https:\/\/agora.xtec.cat\/esc-ramonycajal-terrassa\/wp-json\/wp\/v2\/users\/1"}],"replies":[{"embeddable":true,"href":"https:\/\/agora.xtec.cat\/esc-ramonycajal-terrassa\/wp-json\/wp\/v2\/comments?post=879"}],"version-history":[{"count":3,"href":"https:\/\/agora.xtec.cat\/esc-ramonycajal-terrassa\/wp-json\/wp\/v2\/pages\/879\/revisions"}],"predecessor-version":[{"id":1718,"href":"https:\/\/agora.xtec.cat\/esc-ramonycajal-terrassa\/wp-json\/wp\/v2\/pages\/879\/revisions\/1718"}],"up":[{"embeddable":true,"href":"https:\/\/agora.xtec.cat\/esc-ramonycajal-terrassa\/wp-json\/wp\/v2\/pages\/683"}],"wp:attachment":[{"href":"https:\/\/agora.xtec.cat\/esc-ramonycajal-terrassa\/wp-json\/wp\/v2\/media?parent=879"}],"curies":[{"name":"wp","href":"https:\/\/api.w.org\/{rel}","templated":true}]}}