{"id":877,"date":"2020-06-16T10:34:57","date_gmt":"2020-06-16T08:34:57","guid":{"rendered":"https:\/\/agora.xtec.cat\/esc-ramonycajal-terrassa\/?page_id=877"},"modified":"2024-01-17T17:08:14","modified_gmt":"2024-01-17T16:08:14","slug":"projecte-consell-de-delegts","status":"publish","type":"page","link":"https:\/\/agora.xtec.cat\/esc-ramonycajal-terrassa\/projecte-educatiu-2\/projecte-consell-de-delegts\/","title":{"rendered":"Projecte &#8220;Consell d&#8217;infants&#8221;"},"content":{"rendered":"<p><a href=\"https:\/\/agora.xtec.cat\/esc-ramonycajal-terrassa\/wp-content\/uploads\/usu2087\/2021\/04\/formaci\u00f3-de-delegats.jpg\"><img loading=\"lazy\" decoding=\"async\" class=\"alignnone size-full wp-image-1723\" src=\"https:\/\/agora.xtec.cat\/esc-ramonycajal-terrassa\/wp-content\/uploads\/usu2087\/2021\/04\/formaci\u00f3-de-delegats.jpg\" alt=\"\" width=\"463\" height=\"334\" srcset=\"https:\/\/agora.xtec.cat\/esc-ramonycajal-terrassa\/wp-content\/uploads\/usu2087\/2021\/04\/formaci\u00f3-de-delegats.jpg 463w, https:\/\/agora.xtec.cat\/esc-ramonycajal-terrassa\/wp-content\/uploads\/usu2087\/2021\/04\/formaci\u00f3-de-delegats-300x216.jpg 300w\" sizes=\"auto, (max-width: 463px) 100vw, 463px\" \/><\/a><\/p>\n<p>&nbsp;<\/p>\n<p>Cada grup classe t\u00e9 un delegat o delegada que actua com a representant del grup. Aquests es reuneixen peri\u00f2dicament en el\u00a0<strong>consell d&#8217;infants<\/strong> a on poden exposar les inquietuds de l\u2019alumnat, proposar activitats i participar de forma activa en la seva gesti\u00f3 creant un clima integrador i col\u00b7laboratiu en el funcionament del centre.<\/p>\n<p>Les principals funcions del consell s\u00f3n:<\/p>\n<ul>\n<li>Participar en l\u2019organitzaci\u00f3, difusi\u00f3 i planificaci\u00f3 de les activitats educatives de l&#8217;escola<\/li>\n<li>Fer arribar propostes de millora a l&#8217;escola, debatre-les i arribar a acords.<\/li>\n<li>Informar i debatre sobre propostes que arriben del centre.<\/li>\n<li>Compartir els temes del CMIAT (Consell Municipal d&#8217;Infants i Adolescents de Terrassa)<\/li>\n<\/ul>\n<p>&nbsp;<\/p>\n<p>&nbsp;<\/p>\n","protected":false},"excerpt":{"rendered":"<p><a href=\"https:\/\/agora.xtec.cat\/esc-ramonycajal-terrassa\/wp-content\/uploads\/usu2087\/2021\/04\/formaci\u00f3-de-delegats.jpg\"><\/a><br \/>\n&nbsp;<br \/>\nCada grup classe t\u00e9 un delegat o delegada que actua com a representant del grup. Aquests es reuneixen peri\u00f2dicament en el\u00a0consell d&#8217;infants a on poden exposar les inquietuds de l\u2019alumnat, proposar activitats i participar de forma activa en la seva gesti\u00f3 creant un clima&hellip;  <a href=\"https:\/\/agora.xtec.cat\/esc-ramonycajal-terrassa\/projecte-educatiu-2\/projecte-consell-de-delegts\/\" title=\"Read Projecte &#8220;Consell d&#8217;infants&#8221;\">Llegeix m\u00e9s\u00bb<\/a><\/p>\n","protected":false},"author":1,"featured_media":0,"parent":683,"menu_order":50,"comment_status":"closed","ping_status":"closed","template":"page-templates\/side-menu.php","meta":{"_bbp_topic_count":0,"_bbp_reply_count":0,"_bbp_total_topic_count":0,"_bbp_total_reply_count":0,"_bbp_voice_count":0,"_bbp_anonymous_reply_count":0,"_bbp_topic_count_hidden":0,"_bbp_reply_count_hidden":0,"_bbp_forum_subforum_count":0,"footnotes":""},"class_list":["post-877","page","type-page","status-publish","hentry"],"post_mailing_queue_ids":[],"_links":{"self":[{"href":"https:\/\/agora.xtec.cat\/esc-ramonycajal-terrassa\/wp-json\/wp\/v2\/pages\/877","targetHints":{"allow":["GET"]}}],"collection":[{"href":"https:\/\/agora.xtec.cat\/esc-ramonycajal-terrassa\/wp-json\/wp\/v2\/pages"}],"about":[{"href":"https:\/\/agora.xtec.cat\/esc-ramonycajal-terrassa\/wp-json\/wp\/v2\/types\/page"}],"author":[{"embeddable":true,"href":"https:\/\/agora.xtec.cat\/esc-ramonycajal-terrassa\/wp-json\/wp\/v2\/users\/1"}],"replies":[{"embeddable":true,"href":"https:\/\/agora.xtec.cat\/esc-ramonycajal-terrassa\/wp-json\/wp\/v2\/comments?post=877"}],"version-history":[{"count":5,"href":"https:\/\/agora.xtec.cat\/esc-ramonycajal-terrassa\/wp-json\/wp\/v2\/pages\/877\/revisions"}],"predecessor-version":[{"id":4717,"href":"https:\/\/agora.xtec.cat\/esc-ramonycajal-terrassa\/wp-json\/wp\/v2\/pages\/877\/revisions\/4717"}],"up":[{"embeddable":true,"href":"https:\/\/agora.xtec.cat\/esc-ramonycajal-terrassa\/wp-json\/wp\/v2\/pages\/683"}],"wp:attachment":[{"href":"https:\/\/agora.xtec.cat\/esc-ramonycajal-terrassa\/wp-json\/wp\/v2\/media?parent=877"}],"curies":[{"name":"wp","href":"https:\/\/api.w.org\/{rel}","templated":true}]}}