{"id":875,"date":"2020-06-16T10:33:59","date_gmt":"2020-06-16T08:33:59","guid":{"rendered":"https:\/\/agora.xtec.cat\/esc-ramonycajal-terrassa\/?page_id=875"},"modified":"2024-01-17T15:37:53","modified_gmt":"2024-01-17T14:37:53","slug":"projecte-de-pati-coedupati","status":"publish","type":"page","link":"https:\/\/agora.xtec.cat\/esc-ramonycajal-terrassa\/projecte-educatiu-2\/projecte-de-pati-coedupati\/","title":{"rendered":"Projecte de pati &#8220;Coedupatin&#8221;"},"content":{"rendered":"<p>Com a escola l&#8217;hora d&#8217;esbarjo l&#8217;interpretem com a un espai m\u00e9s d&#8217;oportunitats educatives, ja que, a trav\u00e9s del joc els infants tamb\u00e9 desenvolupen les seves funcions motrius, cognitives i socials.\u00a0 Per aquest motiu donem la possibilitat als nostres infants de poder gaudir a l&#8217;hora de l&#8217;esbarjo de les seg\u00fcents activitats l\u00fadiques que ofertem:<\/p>\n<ul>\n<li>pin pong<\/li>\n<li>escacs (tauler i gegants)<\/li>\n<li>jocs de taula<\/li>\n<li>biblioteca<\/li>\n<li>dancing<\/li>\n<li>infopati (inform\u00e0tica)<\/li>\n<li>m\u00fasica (flauta i ukelele)<\/li>\n<li>let&#8217;s play (activitats en angl\u00e8s)<\/li>\n<li>joc lliure.<\/li>\n<li>pista pilota<\/li>\n<li>jocs pintats a terra<\/li>\n<\/ul>\n<p>&nbsp;<\/p>\n","protected":false},"excerpt":{"rendered":"<p>Com a escola l&#8217;hora d&#8217;esbarjo l&#8217;interpretem com a un espai m\u00e9s d&#8217;oportunitats educatives, ja que, a trav\u00e9s del joc els infants tamb\u00e9 desenvolupen les seves funcions motrius, cognitives i socials.\u00a0 Per aquest motiu donem la possibilitat als nostres infants de poder gaudir a l&#8217;hora de&hellip;  <a href=\"https:\/\/agora.xtec.cat\/esc-ramonycajal-terrassa\/projecte-educatiu-2\/projecte-de-pati-coedupati\/\" title=\"Read Projecte de pati &#8220;Coedupatin&#8221;\">Llegeix m\u00e9s\u00bb<\/a><\/p>\n","protected":false},"author":1,"featured_media":0,"parent":683,"menu_order":40,"comment_status":"closed","ping_status":"closed","template":"page-templates\/side-menu.php","meta":{"_bbp_topic_count":0,"_bbp_reply_count":0,"_bbp_total_topic_count":0,"_bbp_total_reply_count":0,"_bbp_voice_count":0,"_bbp_anonymous_reply_count":0,"_bbp_topic_count_hidden":0,"_bbp_reply_count_hidden":0,"_bbp_forum_subforum_count":0,"footnotes":""},"class_list":["post-875","page","type-page","status-publish","hentry"],"post_mailing_queue_ids":[],"_links":{"self":[{"href":"https:\/\/agora.xtec.cat\/esc-ramonycajal-terrassa\/wp-json\/wp\/v2\/pages\/875","targetHints":{"allow":["GET"]}}],"collection":[{"href":"https:\/\/agora.xtec.cat\/esc-ramonycajal-terrassa\/wp-json\/wp\/v2\/pages"}],"about":[{"href":"https:\/\/agora.xtec.cat\/esc-ramonycajal-terrassa\/wp-json\/wp\/v2\/types\/page"}],"author":[{"embeddable":true,"href":"https:\/\/agora.xtec.cat\/esc-ramonycajal-terrassa\/wp-json\/wp\/v2\/users\/1"}],"replies":[{"embeddable":true,"href":"https:\/\/agora.xtec.cat\/esc-ramonycajal-terrassa\/wp-json\/wp\/v2\/comments?post=875"}],"version-history":[{"count":6,"href":"https:\/\/agora.xtec.cat\/esc-ramonycajal-terrassa\/wp-json\/wp\/v2\/pages\/875\/revisions"}],"predecessor-version":[{"id":4713,"href":"https:\/\/agora.xtec.cat\/esc-ramonycajal-terrassa\/wp-json\/wp\/v2\/pages\/875\/revisions\/4713"}],"up":[{"embeddable":true,"href":"https:\/\/agora.xtec.cat\/esc-ramonycajal-terrassa\/wp-json\/wp\/v2\/pages\/683"}],"wp:attachment":[{"href":"https:\/\/agora.xtec.cat\/esc-ramonycajal-terrassa\/wp-json\/wp\/v2\/media?parent=875"}],"curies":[{"name":"wp","href":"https:\/\/api.w.org\/{rel}","templated":true}]}}