{"id":77,"date":"2014-09-18T14:05:08","date_gmt":"2014-09-18T13:05:08","guid":{"rendered":"http:\/\/agora.xtec.cat\/esc-ramonycajal-terrassa\/?page_id=77"},"modified":"2024-05-21T12:50:14","modified_gmt":"2024-05-21T10:50:14","slug":"acollida","status":"publish","type":"page","link":"https:\/\/agora.xtec.cat\/esc-ramonycajal-terrassa\/ampa-2\/acollida\/","title":{"rendered":"Servei d&#8217;acollida mat\u00ed \/tarda"},"content":{"rendered":"<p>El servei d&#8217;acollida (de mat\u00ed o de la tarda) el gestiona l&#8217;AFA de l&#8217;escola mitjan\u00e7ant l&#8217;empresa Uni\u00f3 Lleure.<\/p>\n<p>Per fer \u00fas d&#8217;aquest servei cal fer la inscripci\u00f3 pr\u00e8viament a la seva p\u00e0gina web.<\/p>\n<p>Podeu trobar l&#8217;enlla\u00e7 directe clicant <a href=\"https:\/\/www.uniolleure.cat\/\" target=\"_blank\" rel=\"noopener noreferrer\">AQU\u00cd.<\/a><\/p>\n","protected":false},"excerpt":{"rendered":"<p>El servei d&#8217;acollida (de mat\u00ed o de la tarda) el gestiona l&#8217;AFA de l&#8217;escola mitjan\u00e7ant l&#8217;empresa Uni\u00f3 Lleure.<br \/>\nPer fer \u00fas d&#8217;aquest servei cal fer la inscripci\u00f3 pr\u00e8viament a la seva p\u00e0gina web.<br \/>\nPodeu trobar l&#8217;enlla\u00e7 directe clicant <a href=\"https:\/\/www.uniolleure.cat\/\" target=\"_blank\" rel=\"noopener noreferrer\">AQU\u00cd.<\/a><\/p>\n","protected":false},"author":1,"featured_media":0,"parent":959,"menu_order":30,"comment_status":"closed","ping_status":"closed","template":"page-templates\/side-menu.php","meta":{"_bbp_topic_count":0,"_bbp_reply_count":0,"_bbp_total_topic_count":0,"_bbp_total_reply_count":0,"_bbp_voice_count":0,"_bbp_anonymous_reply_count":0,"_bbp_topic_count_hidden":0,"_bbp_reply_count_hidden":0,"_bbp_forum_subforum_count":0,"footnotes":""},"class_list":["post-77","page","type-page","status-publish","hentry"],"post_mailing_queue_ids":[],"_links":{"self":[{"href":"https:\/\/agora.xtec.cat\/esc-ramonycajal-terrassa\/wp-json\/wp\/v2\/pages\/77","targetHints":{"allow":["GET"]}}],"collection":[{"href":"https:\/\/agora.xtec.cat\/esc-ramonycajal-terrassa\/wp-json\/wp\/v2\/pages"}],"about":[{"href":"https:\/\/agora.xtec.cat\/esc-ramonycajal-terrassa\/wp-json\/wp\/v2\/types\/page"}],"author":[{"embeddable":true,"href":"https:\/\/agora.xtec.cat\/esc-ramonycajal-terrassa\/wp-json\/wp\/v2\/users\/1"}],"replies":[{"embeddable":true,"href":"https:\/\/agora.xtec.cat\/esc-ramonycajal-terrassa\/wp-json\/wp\/v2\/comments?post=77"}],"version-history":[{"count":6,"href":"https:\/\/agora.xtec.cat\/esc-ramonycajal-terrassa\/wp-json\/wp\/v2\/pages\/77\/revisions"}],"predecessor-version":[{"id":5142,"href":"https:\/\/agora.xtec.cat\/esc-ramonycajal-terrassa\/wp-json\/wp\/v2\/pages\/77\/revisions\/5142"}],"up":[{"embeddable":true,"href":"https:\/\/agora.xtec.cat\/esc-ramonycajal-terrassa\/wp-json\/wp\/v2\/pages\/959"}],"wp:attachment":[{"href":"https:\/\/agora.xtec.cat\/esc-ramonycajal-terrassa\/wp-json\/wp\/v2\/media?parent=77"}],"curies":[{"name":"wp","href":"https:\/\/api.w.org\/{rel}","templated":true}]}}