{"id":692,"date":"2020-05-21T19:22:54","date_gmt":"2020-05-21T17:22:54","guid":{"rendered":"https:\/\/agora.xtec.cat\/esc-ramonycajal-terrassa\/?page_id=692"},"modified":"2020-06-25T11:10:25","modified_gmt":"2020-06-25T09:10:25","slug":"plataforma-digital-classroom","status":"publish","type":"page","link":"https:\/\/agora.xtec.cat\/esc-ramonycajal-terrassa\/serveis-digitals\/plataforma-digital-classroom\/","title":{"rendered":"Plataforma digital CLASSROOM"},"content":{"rendered":"<p>Aquesta plataforma digitial permet gestionar les aules de forma col\u00b7laborativa a trav\u00e9s d&#8217;internet, creant aules virtuals que permeten connectar amb els i les alumnes<\/p>\n<p>Aquesta eina de Google permet gestionar les classes en l\u00ednia, i pot utilitzar-se tant per a l&#8217;aprenentatge presencial, tamb\u00e9 per a l&#8217;aprenentatge 100% a dist\u00e0ncia, o fins i tot per a l&#8217;aprenentatge mixt. Es podran crear documents, compartir informaci\u00f3 en diferents formats, agendar reunions i realitzar-les virtualment. Els i les alumnes tamb\u00e9 podran accedir des de qualsevol dispositiu a les seves classes, als seus apunts o les seves tasques assignades.<\/p>\n<p><a href=\"https:\/\/classroom.google.com\/\"><img loading=\"lazy\" decoding=\"async\" class=\"alignnone wp-image-665\" src=\"https:\/\/agora.xtec.cat\/esc-ramonycajal-terrassa\/wp-content\/uploads\/usu2087\/2020\/05\/Classroom-1024x576.jpg\" alt=\"\" width=\"357\" height=\"201\" srcset=\"https:\/\/agora.xtec.cat\/esc-ramonycajal-terrassa\/wp-content\/uploads\/usu2087\/2020\/05\/Classroom-1024x576.jpg 1024w, https:\/\/agora.xtec.cat\/esc-ramonycajal-terrassa\/wp-content\/uploads\/usu2087\/2020\/05\/Classroom-300x169.jpg 300w, https:\/\/agora.xtec.cat\/esc-ramonycajal-terrassa\/wp-content\/uploads\/usu2087\/2020\/05\/Classroom-768x432.jpg 768w, https:\/\/agora.xtec.cat\/esc-ramonycajal-terrassa\/wp-content\/uploads\/usu2087\/2020\/05\/Classroom.jpg 1280w\" sizes=\"auto, (max-width: 357px) 100vw, 357px\" \/><\/a><\/p>\n","protected":false},"excerpt":{"rendered":"<p>Aquesta plataforma digitial permet gestionar les aules de forma col\u00b7laborativa a trav\u00e9s d&#8217;internet, creant aules virtuals que permeten connectar amb els i les alumnes<br \/>\nAquesta eina de Google permet gestionar les classes en l\u00ednia, i pot utilitzar-se tant per a l&#8217;aprenentatge presencial, tamb\u00e9 per a l&#8217;aprenentatge&hellip;  <a href=\"https:\/\/agora.xtec.cat\/esc-ramonycajal-terrassa\/serveis-digitals\/plataforma-digital-classroom\/\" title=\"Read Plataforma digital CLASSROOM\">Llegeix m\u00e9s\u00bb<\/a><\/p>\n","protected":false},"author":1,"featured_media":0,"parent":71,"menu_order":20,"comment_status":"closed","ping_status":"closed","template":"page-templates\/side-menu.php","meta":{"_bbp_topic_count":0,"_bbp_reply_count":0,"_bbp_total_topic_count":0,"_bbp_total_reply_count":0,"_bbp_voice_count":0,"_bbp_anonymous_reply_count":0,"_bbp_topic_count_hidden":0,"_bbp_reply_count_hidden":0,"_bbp_forum_subforum_count":0,"footnotes":""},"class_list":["post-692","page","type-page","status-publish","hentry"],"post_mailing_queue_ids":[],"_links":{"self":[{"href":"https:\/\/agora.xtec.cat\/esc-ramonycajal-terrassa\/wp-json\/wp\/v2\/pages\/692","targetHints":{"allow":["GET"]}}],"collection":[{"href":"https:\/\/agora.xtec.cat\/esc-ramonycajal-terrassa\/wp-json\/wp\/v2\/pages"}],"about":[{"href":"https:\/\/agora.xtec.cat\/esc-ramonycajal-terrassa\/wp-json\/wp\/v2\/types\/page"}],"author":[{"embeddable":true,"href":"https:\/\/agora.xtec.cat\/esc-ramonycajal-terrassa\/wp-json\/wp\/v2\/users\/1"}],"replies":[{"embeddable":true,"href":"https:\/\/agora.xtec.cat\/esc-ramonycajal-terrassa\/wp-json\/wp\/v2\/comments?post=692"}],"version-history":[{"count":3,"href":"https:\/\/agora.xtec.cat\/esc-ramonycajal-terrassa\/wp-json\/wp\/v2\/pages\/692\/revisions"}],"predecessor-version":[{"id":699,"href":"https:\/\/agora.xtec.cat\/esc-ramonycajal-terrassa\/wp-json\/wp\/v2\/pages\/692\/revisions\/699"}],"up":[{"embeddable":true,"href":"https:\/\/agora.xtec.cat\/esc-ramonycajal-terrassa\/wp-json\/wp\/v2\/pages\/71"}],"wp:attachment":[{"href":"https:\/\/agora.xtec.cat\/esc-ramonycajal-terrassa\/wp-json\/wp\/v2\/media?parent=692"}],"curies":[{"name":"wp","href":"https:\/\/api.w.org\/{rel}","templated":true}]}}