{"id":689,"date":"2020-05-21T19:20:48","date_gmt":"2020-05-21T17:20:48","guid":{"rendered":"https:\/\/agora.xtec.cat\/esc-ramonycajal-terrassa\/?page_id=689"},"modified":"2020-06-25T11:10:06","modified_gmt":"2020-06-25T09:10:06","slug":"plataforma-digital-dinantia","status":"publish","type":"page","link":"https:\/\/agora.xtec.cat\/esc-ramonycajal-terrassa\/serveis-digitals\/plataforma-digital-dinantia\/","title":{"rendered":"Plataforma digital DINANTIA"},"content":{"rendered":"<p>Aquesta \u00e9s la plataforma digital que utilitza l&#8217;escola per comunicar-se amb les fam\u00edlies. \u00c9s una eina indispensable ja que qualsevol informaci\u00f3 es rep a trav\u00e9s d&#8217;aquesta eina.<\/p>\n<p>Es recomana que totes les fam\u00edlies es descarreguin la app als seus dispositius m\u00f2bils i\/o tauletes per tal d&#8217;estar al dia de les informacions i novetats de l&#8217;escola.<\/p>\n<p>&nbsp;<\/p>\n<p><a href=\"https:\/\/www.dinantia.com\/es\/\"><img loading=\"lazy\" decoding=\"async\" class=\"size-full wp-image-666 alignleft\" src=\"https:\/\/agora.xtec.cat\/esc-ramonycajal-terrassa\/wp-content\/uploads\/usu2087\/2020\/05\/dinantia.png\" alt=\"\" width=\"330\" height=\"100\" srcset=\"https:\/\/agora.xtec.cat\/esc-ramonycajal-terrassa\/wp-content\/uploads\/usu2087\/2020\/05\/dinantia.png 330w, https:\/\/agora.xtec.cat\/esc-ramonycajal-terrassa\/wp-content\/uploads\/usu2087\/2020\/05\/dinantia-300x91.png 300w\" sizes=\"auto, (max-width: 330px) 100vw, 330px\" \/><\/a><\/p>\n","protected":false},"excerpt":{"rendered":"<p>Aquesta \u00e9s la plataforma digital que utilitza l&#8217;escola per comunicar-se amb les fam\u00edlies. \u00c9s una eina indispensable ja que qualsevol informaci\u00f3 es rep a trav\u00e9s d&#8217;aquesta eina.<br \/>\nEs recomana que totes les fam\u00edlies es descarreguin la app als seus dispositius m\u00f2bils i\/o tauletes per tal d&#8217;estar&hellip;  <a href=\"https:\/\/agora.xtec.cat\/esc-ramonycajal-terrassa\/serveis-digitals\/plataforma-digital-dinantia\/\" title=\"Read Plataforma digital DINANTIA\">Llegeix m\u00e9s\u00bb<\/a><\/p>\n","protected":false},"author":1,"featured_media":0,"parent":71,"menu_order":10,"comment_status":"closed","ping_status":"closed","template":"page-templates\/side-menu.php","meta":{"_bbp_topic_count":0,"_bbp_reply_count":0,"_bbp_total_topic_count":0,"_bbp_total_reply_count":0,"_bbp_voice_count":0,"_bbp_anonymous_reply_count":0,"_bbp_topic_count_hidden":0,"_bbp_reply_count_hidden":0,"_bbp_forum_subforum_count":0,"footnotes":""},"class_list":["post-689","page","type-page","status-publish","hentry"],"post_mailing_queue_ids":[],"_links":{"self":[{"href":"https:\/\/agora.xtec.cat\/esc-ramonycajal-terrassa\/wp-json\/wp\/v2\/pages\/689","targetHints":{"allow":["GET"]}}],"collection":[{"href":"https:\/\/agora.xtec.cat\/esc-ramonycajal-terrassa\/wp-json\/wp\/v2\/pages"}],"about":[{"href":"https:\/\/agora.xtec.cat\/esc-ramonycajal-terrassa\/wp-json\/wp\/v2\/types\/page"}],"author":[{"embeddable":true,"href":"https:\/\/agora.xtec.cat\/esc-ramonycajal-terrassa\/wp-json\/wp\/v2\/users\/1"}],"replies":[{"embeddable":true,"href":"https:\/\/agora.xtec.cat\/esc-ramonycajal-terrassa\/wp-json\/wp\/v2\/comments?post=689"}],"version-history":[{"count":3,"href":"https:\/\/agora.xtec.cat\/esc-ramonycajal-terrassa\/wp-json\/wp\/v2\/pages\/689\/revisions"}],"predecessor-version":[{"id":700,"href":"https:\/\/agora.xtec.cat\/esc-ramonycajal-terrassa\/wp-json\/wp\/v2\/pages\/689\/revisions\/700"}],"up":[{"embeddable":true,"href":"https:\/\/agora.xtec.cat\/esc-ramonycajal-terrassa\/wp-json\/wp\/v2\/pages\/71"}],"wp:attachment":[{"href":"https:\/\/agora.xtec.cat\/esc-ramonycajal-terrassa\/wp-json\/wp\/v2\/media?parent=689"}],"curies":[{"name":"wp","href":"https:\/\/api.w.org\/{rel}","templated":true}]}}