{"id":686,"date":"2020-05-21T19:02:20","date_gmt":"2020-05-21T17:02:20","guid":{"rendered":"https:\/\/agora.xtec.cat\/esc-ramonycajal-terrassa\/?page_id=686"},"modified":"2023-01-18T13:40:24","modified_gmt":"2023-01-18T12:40:24","slug":"escacs","status":"publish","type":"page","link":"https:\/\/agora.xtec.cat\/esc-ramonycajal-terrassa\/projecte-educatiu-2\/escacs\/","title":{"rendered":"Projecte d&#8217;escacs"},"content":{"rendered":"<p><a href=\"https:\/\/agora.xtec.cat\/esc-ramonycajal-terrassa\/wp-content\/uploads\/usu2087\/2023\/01\/IMG_20221108_111256.jpg\"><img loading=\"lazy\" decoding=\"async\" class=\"size-thumbnail wp-image-3622 alignleft\" src=\"https:\/\/agora.xtec.cat\/esc-ramonycajal-terrassa\/wp-content\/uploads\/usu2087\/2023\/01\/IMG_20221108_111256-150x150.jpg\" alt=\"\" width=\"150\" height=\"150\" \/><\/a>Fa molts anys que els escacs formen part del dia a dia al Ram\u00f3n y Cajal. Des del curs 2015-2016 els escacs es fan dins l\u2019horari lectiu.<\/p>\n<p>L\u2019aprenentatge dels escacs \u00e9s un dels pilars transversals que ens defineix com a escola i que serveix com a presentaci\u00f3 de centre a les jornades de portes obertes.<\/p>\n<p>En el nostre projecte educatiu de centre tamb\u00e9 hi queda recollit.<\/p>\n<p>Els escacs ajuden als infants a desenvolupar habilitats cognitives i tamb\u00e9 socials. Podem destacar la mem\u00f2ria, la capacitat de concentraci\u00f3, la presa de decisions, l\u2019acceptaci\u00f3 de l\u2019error, la resoluci\u00f3 de problemes, pensament creatiu, l\u2019empatia, la iniciativa\u2026 i el nostre lema \u00e9s <strong>\u201cPENSO &#8211; OBSERVO &#8211; JUGO\u201d.<\/strong><\/p>\n<p>Els objectius m\u00e9s rellevants que ofereixen els escacs s\u00f3n:<\/p>\n<ul>\n<li>desenvolupar les habilitats mentals (exercitar operacions mentals, entrenar l\u2019atenci\u00f3 i la mem\u00f2ria, expandir el treball din\u00e0mic del cervell per arribar a la capacitaci\u00f3 d\u2019abstracci\u00f3, maximitzar la intu\u00efci\u00f3, l&#8217;estrat\u00e8gia i la t\u00e0ctica\u2026)<\/li>\n<li>treballar els principals valors humans: igualtat de g\u00e8nere, socialitzaci\u00f3, inclusi\u00f3, respecte, creativitat i imaginaci\u00f3, presa de decisions, concentraci\u00f3 i pensament cr\u00edtic<\/li>\n<li>gaudir del joc tant de manera individual com en equip<\/li>\n<\/ul>\n<p>v\u00eddeo que s\u2019ha fet aquest primer trimestre (curs 22-23) amb alumnat de cinqu\u00e8 i sis\u00e8 de prim\u00e0ria presentant els escacs: <a style=\"color: #2795b6;\" href=\"https:\/\/drive.google.com\/file\/d\/1btIJztwYb20XXFBiiZ6-CmKspCtMXULX\/view?ts=63c032fc\" target=\"_blank\" rel=\"noopener\">Link v\u00eddeo<\/a><\/p>\n<p><strong><u>MATERIAL I RECURSOS<\/u><\/strong><\/p>\n<table style=\"border-collapse: collapse; width: 100%;\">\n<tbody>\n<tr>\n<td style=\"width: 100%;\"><span style=\"font-size: 16px;\">A totes les aules hi ha un escaquer vertical imantat i diversos escaquers de sobretaula.<\/span><\/td>\n<\/tr>\n<tr>\n<td style=\"width: 100%;\"><span style=\"font-size: 16px; background-color: #ffffff;\">Al menjador tenim di\u00e0riament al voltant de 50 escaquers de sobretaula.<\/span><\/td>\n<\/tr>\n<tr>\n<td style=\"width: 100%;\"><span style=\"font-size: 16px;\">A l\u2019entrada de l\u2019escola tenim el rac\u00f3 d\u2019escacs amb les peces gegants per poder sortir al pati i jugar damunt l&#8217;escaquer pintat al terra. Tamb\u00e9 hi ha l\u2019espai dels reptes graduats per nivell de dificultat i oberts a tota la comunitat educativa.<\/span><\/td>\n<\/tr>\n<tr>\n<td style=\"width: 100%;\"><span style=\"font-size: 16px; background-color: #ffffff;\">A psicomotricitat tamb\u00e9 hi ha un escaquer de lona que s\u2019aprofita, entre moltes altres activitats, per a treballar l\u2019orientaci\u00f3 espacial amb els infants m\u00e9s petits, ja que s\u2019hi posen al damunt.<\/span><\/td>\n<\/tr>\n<tr>\n<td style=\"width: 100%;\"><span style=\"font-size: 16px;\">Hi ha molt material de suport digital que es presenta a la pissarra digital.<\/span><\/td>\n<\/tr>\n<\/tbody>\n<\/table>\n\t\t\t\t\t\t<style>\r\n\t\t\t\t\r\n\t\t\t\t\t#tab_container_3625 {\r\n\toverflow:hidden;\r\n\tdisplay:block;\r\n\twidth:100%;\r\n\tborder:0px solid #ddd;\r\n\tmargin-bottom:30px;\r\n\t}\r\n\r\n#tab_container_3625 .tab-content{\r\n\tpadding:20px;\r\n\tborder: 1px solid #e6e6e6 !important;\r\n\tmargin-top: 0px;\r\n\tbackground-color:#ffffff !important;\r\n\tcolor: #000000 !important;\r\n\tfont-size:16px !important;\r\n\tfont-family: Arial !important;\r\n\t\r\n\t\tborder: 1px solid #e6e6e6 !important;\r\n\t}\r\n#tab_container_3625 .wpsm_nav-tabs {\r\n    border-bottom: 0px solid #ddd;\r\n}\r\n#tab_container_3625 .wpsm_nav-tabs > li.active > a, #tab_container_3625 .wpsm_nav-tabs > li.active > a:hover, #tab_container_3625 .wpsm_nav-tabs > li.active > a:focus {\r\n\tcolor: #000000 !important;\r\n\tcursor: default;\r\n\tbackground-color: #ffffff !important;\r\n\tborder: 1px solid #e6e6e6 !important;\r\n}\r\n\r\n#tab_container_3625 .wpsm_nav-tabs > li > a {\r\n    margin-right: 0px !important; \r\n    line-height: 1.42857143 !important;\r\n    border: 1px solid #6ec42f !important;\r\n    border-radius: 0px 0px 0 0 !important; \r\n\tbackground-color: #81d742 !important;\r\n\tcolor: #000000 !important;\r\n\tpadding: 15px 18px 15px 18px !important;\r\n\ttext-decoration: none !important;\r\n\tfont-size: 14px !important;\r\n\ttext-align:center !important;\r\n\tfont-family: Arial !important;\r\n}\r\n#tab_container_3625 .wpsm_nav-tabs > li > a:focus {\r\noutline: 0px !important;\r\n}\r\n\r\n#tab_container_3625 .wpsm_nav-tabs > li > a:before {\r\n\tdisplay:none !important;\r\n}\r\n#tab_container_3625 .wpsm_nav-tabs > li > a:after {\r\n\tdisplay:none !important ;\r\n}\r\n#tab_container_3625 .wpsm_nav-tabs > li{\r\npadding:0px !important ;\r\nmargin:0px;\r\n}\r\n\r\n#tab_container_3625 .wpsm_nav-tabs > li > a:hover , #tab_container_3625 .wpsm_nav-tabs > li > a:focus {\r\n    color: #000000 !important;\r\n    background-color: #81d742 !important;\r\n\tborder: 1px solid #6ec42f !important;\r\n\t\r\n}\r\n#tab_container_3625 .wpsm_nav-tabs > li > a .fa{\r\n\r\nmargin-right:5px !important;\r\n\r\nmargin-left:5px !important;\r\n\r\n\r\n}\r\n\r\n\t\t#tab_container_3625 .wpsm_nav-tabs a{\r\n\t\t\tbackground-image: none;\r\n\t\t\tbackground-position: 0 0;\r\n\t\t\tbackground-repeat: repeat-x;\r\n\t\t}\r\n\t\t\t\r\n\r\n\r\n#tab_container_3625 .wpsm_nav-tabs > li {\r\n    float: left;\r\n    margin-bottom: -1px !important;\r\n\tmargin-right:0px !important; \r\n}\r\n\r\n\r\n#tab_container_3625 .tab-content{\r\noverflow:hidden !important;\r\n}\r\n\r\n\r\n@media (min-width: 769px) {\r\n\r\n\t#tab_container_3625 .wpsm_nav-tabs > li{\r\n\t\tfloat:left !important ;\r\n\t\t\t\tmargin-right:-1px !important;\r\n\t\t\t\t\t}\r\n\t#tab_container_3625 .wpsm_nav-tabs{\r\n\t\tfloat:none !important;\r\n\t\tmargin:0px !important;\r\n\t}\r\n\r\n\t#tab_container_3625 .wpsm_nav-tabs > li {\r\n\t\t\t\t\r\n\t}\r\n\t#tab_container_3625 .wpsm_nav{\r\n\t\t\t}\r\n\r\n}\r\n\r\n\r\n\r\n@media (max-width: 768px) {\r\n\t#tab_container_3625 .wpsm_nav-tabs > li {\r\n\t\t\t\t\r\n\t}\r\n\t#tab_container_3625 .wpsm_nav{\r\n\t\t\t}\r\n}\r\n\r\n\r\n\t.wpsm_nav-tabs li:before{\r\n\t\tdisplay:none !important;\r\n\t}\r\n\r\n\t@media (max-width: 768px) {\r\n\t\t\t\t\r\n\t\t\t\t.wpsm_nav-tabs{\r\n\t\t\tmargin-left:0px !important;\r\n\t\t\tmargin-right:0px !important; \r\n\t\t\t\r\n\t\t}\r\n\t\t\t\t#tab_container_3625 .wpsm_nav-tabs > li{\r\n\t\t\tfloat:none !important;\r\n\t\t}\r\n\t\t\t\r\n\t}\t\t\t\t<\/style>\r\n\t\t\t\t<div id=\"tab_container_3625\" >\r\n\t \r\n\t\t\t\t\t<ul class=\"wpsm_nav wpsm_nav-tabs\" role=\"tablist\" id=\"myTab_3625\">\r\n\t\t\t\t\t\t\t\r\n\t\t\t\t\t\t\t<li role=\"presentation\"  class=\"active\"  onclick=\"do_resize()\">\r\n\r\n\t\t\t\t\t\t\t\t<!-- XTEC ************ MODIFICAT - Disable scrolling on tab change. Fixes error in option \"Tabs Description Animation\" -->\r\n\t\t\t\t\t\t\t\t<!-- 2021.12.01 @aginard -->\r\n\t\t\t\t\t\t\t\t<a href=\"javascript:void(0);\" aria-controls=\"tabs_desc_3625_1\" role=\"tab\" data-toggle=\"tab\" data-target=\"#tabs_desc_3625_1\">\r\n\t\t\t\t\t\t\t\t<!-- ORIGINAL\r\n\t\t\t\t\t\t\t\t<a href=\"#tabs_desc_3625_1\" aria-controls=\"tabs_desc_3625_1\" role=\"tab\" data-toggle=\"tab\">\r\n\t\t\t\t\t\t\t\t-->\r\n\t\t\t\t\t\t\t\t<!-- ************ FI -->\r\n\t\t\t\t\t\t\t\t\t\r\n\t\t\t\t\t\t\t\t\t\t\t\t\t\t\t\t\t\t\t\t\t\t\t\t\t\t\t\t\t\t\t<i class=\"fa fa-chain\"><\/i> \t\t\t\t\t\t\t\t\t\t\t\t\t\t\t\t\t\t\t\r\n\t\t\t\t\t\t\t\t\t\t\t\t\t\t\t\t\t\t\r\n\t\t\t\t\t\t\t\t\t<span>Recursos d&#039;escacs<\/span>\r\n\t\t\t\t\t\t\t\t\t\r\n\t\t\t\t\t\t\t\t\t\t\t\t\t\t\t\t\t\t\r\n\t\t\t\t\t\t\t\t\t\t\t\t\t\t\t\t\t\t\t\t\r\n\t\t\t\t\t\t\t\t\t\r\n\t\t\t\t\t\t\t\t<\/a>\r\n\t\t\t\t\t\t\t<\/li>\r\n\t\t\t\t\t\t\t\r\n\t\t\t\t\t\t\t<li role=\"presentation\"  onclick=\"do_resize()\">\r\n\r\n\t\t\t\t\t\t\t\t<!-- XTEC ************ MODIFICAT - Disable scrolling on tab change. Fixes error in option \"Tabs Description Animation\" -->\r\n\t\t\t\t\t\t\t\t<!-- 2021.12.01 @aginard -->\r\n\t\t\t\t\t\t\t\t<a href=\"javascript:void(0);\" aria-controls=\"tabs_desc_3625_2\" role=\"tab\" data-toggle=\"tab\" data-target=\"#tabs_desc_3625_2\">\r\n\t\t\t\t\t\t\t\t<!-- ORIGINAL\r\n\t\t\t\t\t\t\t\t<a href=\"#tabs_desc_3625_2\" aria-controls=\"tabs_desc_3625_2\" role=\"tab\" data-toggle=\"tab\">\r\n\t\t\t\t\t\t\t\t-->\r\n\t\t\t\t\t\t\t\t<!-- ************ FI -->\r\n\t\t\t\t\t\t\t\t\t\r\n\t\t\t\t\t\t\t\t\t\t\t\t\t\t\t\t\t\t\t\t\t\t\t\t\t\t\t\t\t\t\t<i class=\"fa fa-chain\"><\/i> \t\t\t\t\t\t\t\t\t\t\t\t\t\t\t\t\t\t\t\r\n\t\t\t\t\t\t\t\t\t\t\t\t\t\t\t\t\t\t\r\n\t\t\t\t\t\t\t\t\t<span>Per qu\u00e8 fem escacs?<\/span>\r\n\t\t\t\t\t\t\t\t\t\r\n\t\t\t\t\t\t\t\t\t\t\t\t\t\t\t\t\t\t\r\n\t\t\t\t\t\t\t\t\t\t\t\t\t\t\t\t\t\t\t\t\r\n\t\t\t\t\t\t\t\t\t\r\n\t\t\t\t\t\t\t\t<\/a>\r\n\t\t\t\t\t\t\t<\/li>\r\n\t\t\t\t\t\t\t\r\n\t\t\t\t\t\t\t<li role=\"presentation\"  onclick=\"do_resize()\">\r\n\r\n\t\t\t\t\t\t\t\t<!-- XTEC ************ MODIFICAT - Disable scrolling on tab change. Fixes error in option \"Tabs Description Animation\" -->\r\n\t\t\t\t\t\t\t\t<!-- 2021.12.01 @aginard -->\r\n\t\t\t\t\t\t\t\t<a href=\"javascript:void(0);\" aria-controls=\"tabs_desc_3625_3\" role=\"tab\" data-toggle=\"tab\" data-target=\"#tabs_desc_3625_3\">\r\n\t\t\t\t\t\t\t\t<!-- ORIGINAL\r\n\t\t\t\t\t\t\t\t<a href=\"#tabs_desc_3625_3\" aria-controls=\"tabs_desc_3625_3\" role=\"tab\" data-toggle=\"tab\">\r\n\t\t\t\t\t\t\t\t-->\r\n\t\t\t\t\t\t\t\t<!-- ************ FI -->\r\n\t\t\t\t\t\t\t\t\t\r\n\t\t\t\t\t\t\t\t\t\t\t\t\t\t\t\t\t\t\t\t\t\t\t\t\t\t\t\t\t\t\t<i class=\"fa fa-camera\"><\/i> \t\t\t\t\t\t\t\t\t\t\t\t\t\t\t\t\t\t\t\r\n\t\t\t\t\t\t\t\t\t\t\t\t\t\t\t\t\t\t\r\n\t\t\t\t\t\t\t\t\t<span>Campionats d&#039;escacs l&#039;escola<\/span>\r\n\t\t\t\t\t\t\t\t\t\r\n\t\t\t\t\t\t\t\t\t\t\t\t\t\t\t\t\t\t\r\n\t\t\t\t\t\t\t\t\t\t\t\t\t\t\t\t\t\t\t\t\r\n\t\t\t\t\t\t\t\t\t\r\n\t\t\t\t\t\t\t\t<\/a>\r\n\t\t\t\t\t\t\t<\/li>\r\n\t\t\t\t\t\t\t\r\n\t\t\t\t\t\t\t<li role=\"presentation\"  onclick=\"do_resize()\">\r\n\r\n\t\t\t\t\t\t\t\t<!-- XTEC ************ MODIFICAT - Disable scrolling on tab change. Fixes error in option \"Tabs Description Animation\" -->\r\n\t\t\t\t\t\t\t\t<!-- 2021.12.01 @aginard -->\r\n\t\t\t\t\t\t\t\t<a href=\"javascript:void(0);\" aria-controls=\"tabs_desc_3625_4\" role=\"tab\" data-toggle=\"tab\" data-target=\"#tabs_desc_3625_4\">\r\n\t\t\t\t\t\t\t\t<!-- ORIGINAL\r\n\t\t\t\t\t\t\t\t<a href=\"#tabs_desc_3625_4\" aria-controls=\"tabs_desc_3625_4\" role=\"tab\" data-toggle=\"tab\">\r\n\t\t\t\t\t\t\t\t-->\r\n\t\t\t\t\t\t\t\t<!-- ************ FI -->\r\n\t\t\t\t\t\t\t\t\t\r\n\t\t\t\t\t\t\t\t\t\t\t\t\t\t\t\t\t\t\t\t\t\t\t\t\t\t\t\t\t\t\t<i class=\"fa fa-camera\"><\/i> \t\t\t\t\t\t\t\t\t\t\t\t\t\t\t\t\t\t\t\r\n\t\t\t\t\t\t\t\t\t\t\t\t\t\t\t\t\t\t\r\n\t\t\t\t\t\t\t\t\t<span>Activitats a les aules<\/span>\r\n\t\t\t\t\t\t\t\t\t\r\n\t\t\t\t\t\t\t\t\t\t\t\t\t\t\t\t\t\t\r\n\t\t\t\t\t\t\t\t\t\t\t\t\t\t\t\t\t\t\t\t\r\n\t\t\t\t\t\t\t\t\t\r\n\t\t\t\t\t\t\t\t<\/a>\r\n\t\t\t\t\t\t\t<\/li>\r\n\t\t\t\t\t\t\t\r\n\t\t\t\t\t\t\t<li role=\"presentation\"  onclick=\"do_resize()\">\r\n\r\n\t\t\t\t\t\t\t\t<!-- XTEC ************ MODIFICAT - Disable scrolling on tab change. Fixes error in option \"Tabs Description Animation\" -->\r\n\t\t\t\t\t\t\t\t<!-- 2021.12.01 @aginard -->\r\n\t\t\t\t\t\t\t\t<a href=\"javascript:void(0);\" aria-controls=\"tabs_desc_3625_5\" role=\"tab\" data-toggle=\"tab\" data-target=\"#tabs_desc_3625_5\">\r\n\t\t\t\t\t\t\t\t<!-- ORIGINAL\r\n\t\t\t\t\t\t\t\t<a href=\"#tabs_desc_3625_5\" aria-controls=\"tabs_desc_3625_5\" role=\"tab\" data-toggle=\"tab\">\r\n\t\t\t\t\t\t\t\t-->\r\n\t\t\t\t\t\t\t\t<!-- ************ FI -->\r\n\t\t\t\t\t\t\t\t\t\r\n\t\t\t\t\t\t\t\t\t\t\t\t\t\t\t\t\t\t\t\t\t\t\t\t\t\t\t\t\t\t\t<i class=\"fa fa-camera\"><\/i> \t\t\t\t\t\t\t\t\t\t\t\t\t\t\t\t\t\t\t\r\n\t\t\t\t\t\t\t\t\t\t\t\t\t\t\t\t\t\t\r\n\t\t\t\t\t\t\t\t\t<span>Trobades entre centres<\/span>\r\n\t\t\t\t\t\t\t\t\t\r\n\t\t\t\t\t\t\t\t\t\t\t\t\t\t\t\t\t\t\r\n\t\t\t\t\t\t\t\t\t\t\t\t\t\t\t\t\t\t\t\t\r\n\t\t\t\t\t\t\t\t\t\r\n\t\t\t\t\t\t\t\t<\/a>\r\n\t\t\t\t\t\t\t<\/li>\r\n\t\t\t\t\t\t\t\t\t\t\t <\/ul>\r\n\r\n\t\t\t\t\t  <!-- Tab panes -->\r\n\t\t\t\t\t  <div class=\"tab-content\" id=\"tab-content_3625\">\r\n\t\t\t\t\t\t\t\t\t\t\t\t <div role=\"tabpanel\" class=\"tab-pane  in active \" id=\"tabs_desc_3625_1\">\r\n\t\t\t\t\t\t\t\t<p><a href=\"https:\/\/www.kidchess.com\/play-chess\/checkmate-the-king\/\" target=\"_blank\" rel=\"noopener\">KIDCHESS<\/a><\/p>\n<p><a href=\"https:\/\/ajedrezalaescuela.eu\/\" target=\"_blank\" rel=\"noopener\">AJEDREZ A LA ESCUELA<\/a><\/p>\n<p><a href=\"https:\/\/www.123ajedrez.com\/\" target=\"_blank\" rel=\"noopener\">123 AJEDREZ<\/a><\/p>\n<p><a href=\"https:\/\/colaboraeducacion30.juntadeandalucia.es\/educacion\/colabora\/web\/auladjaque\/didactica-del-ajedrez\" target=\"_blank\" rel=\"noopener\">AULADJAQUE<\/a><\/p>\n\t\t\t\t\t\t <\/div>\r\n\t\t\t\t\t\t\t\t\t\t\t\t <div role=\"tabpanel\" class=\"tab-pane \" id=\"tabs_desc_3625_2\">\r\n\t\t\t\t\t\t\t\t<p><a href=\"https:\/\/www.youtube.com\/watch?v=xe86s8q0Qec\" target=\"_blank\" rel=\"noopener\">Confer\u00e8ncia Leontxo Garc\u00eda<\/a><\/p>\n<p><a href=\"https:\/\/www.youtube.com\/watch?v=qpqFzS43V6M&t=1s\" target=\"_blank\" rel=\"noopener\">El ajedrez ayuda a pensar, Miguel Illescacs<\/a><\/p>\n\t\t\t\t\t\t <\/div>\r\n\t\t\t\t\t\t\t\t\t\t\t\t <div role=\"tabpanel\" class=\"tab-pane \" id=\"tabs_desc_3625_3\">\r\n\t\t\t\t\t\t\t\t<p>CAMPIONAT DE TARDOR 2022 <a href=\"https:\/\/agora.xtec.cat\/esc-ramonycajal-terrassa\/wp-content\/uploads\/usu2087\/2023\/01\/IMG_20221108_111256-1.jpg\"><img loading=\"lazy\" decoding=\"async\" class=\"alignnone size-thumbnail wp-image-3630\" src=\"https:\/\/agora.xtec.cat\/esc-ramonycajal-terrassa\/wp-content\/uploads\/usu2087\/2023\/01\/IMG_20221108_111256-1-150x150.jpg\" alt=\"\" width=\"150\" height=\"150\" \/><\/a><\/p>\n\t\t\t\t\t\t <\/div>\r\n\t\t\t\t\t\t\t\t\t\t\t\t <div role=\"tabpanel\" class=\"tab-pane \" id=\"tabs_desc_3625_4\">\r\n\t\t\t\t\t\t\t\t<p><img loading=\"lazy\" decoding=\"async\" class=\"alignnone size-thumbnail wp-image-3626\" src=\"https:\/\/agora.xtec.cat\/esc-ramonycajal-terrassa\/wp-content\/uploads\/usu2087\/2023\/01\/Peces-grans-pati-150x150.png\" alt=\"\" width=\"150\" height=\"150\" \/> JUGUEM AMB LES PECES GRANS AL PATI<\/p>\n<p><a href=\"https:\/\/agora.xtec.cat\/esc-ramonycajal-terrassa\/wp-content\/uploads\/usu2087\/2023\/01\/Columnes-files-i-diagonals.jpg\"><img loading=\"lazy\" decoding=\"async\" class=\"alignnone size-thumbnail wp-image-3632\" src=\"https:\/\/agora.xtec.cat\/esc-ramonycajal-terrassa\/wp-content\/uploads\/usu2087\/2023\/01\/Columnes-files-i-diagonals-150x150.jpg\" alt=\"\" width=\"150\" height=\"150\" \/><\/a> TREBALLEM MATEM\u00c0TIQUES<\/p>\n<p><a href=\"https:\/\/agora.xtec.cat\/esc-ramonycajal-terrassa\/wp-content\/uploads\/usu2087\/2023\/01\/Resolem-problemes-rotated.jpg\"><img loading=\"lazy\" decoding=\"async\" class=\"alignnone size-thumbnail wp-image-3633\" src=\"https:\/\/agora.xtec.cat\/esc-ramonycajal-terrassa\/wp-content\/uploads\/usu2087\/2023\/01\/Resolem-problemes-150x150.jpg\" alt=\"\" width=\"150\" height=\"150\" \/><\/a> RESOLEM PROBLEMES<\/p>\n<p><a href=\"https:\/\/agora.xtec.cat\/esc-ramonycajal-terrassa\/wp-content\/uploads\/usu2087\/2023\/01\/JUGUEM-rotated.jpg\"><img loading=\"lazy\" decoding=\"async\" class=\"alignnone size-thumbnail wp-image-3634\" src=\"https:\/\/agora.xtec.cat\/esc-ramonycajal-terrassa\/wp-content\/uploads\/usu2087\/2023\/01\/JUGUEM-150x150.jpg\" alt=\"\" width=\"150\" height=\"150\" \/><\/a> JUGUEM<\/p>\n\t\t\t\t\t\t <\/div>\r\n\t\t\t\t\t\t\t\t\t\t\t\t <div role=\"tabpanel\" class=\"tab-pane \" id=\"tabs_desc_3625_5\">\r\n\t\t\t\t\t\t\t\t\t\t\t\t\t\t <\/div>\r\n\t\t\t\t\t\t\t\r\n\t\t\t\t\t <\/div>\r\n\t\t\t\t\t \r\n\t\t\t\t <\/div>\r\n <script>\r\n\t\tjQuery(function () {\r\n\t\t\tjQuery('#myTab_3625 a:first').tab('show')\r\n\t\t});\r\n\t\t\r\n\t\t\t\tjQuery(function(){\r\n\t\t\tvar b=\"fadeIn\";\r\n\t\t\tvar c;\r\n\t\t\tvar a;\r\n\t\t\td(jQuery(\"#myTab_3625 a\"),jQuery(\"#tab-content_3625\"));function d(e,f,g){\r\n\t\t\t\te.click(function(i){\r\n\t\t\t\t\ti.preventDefault();\r\n\t\t\t\t\tjQuery(this).tab(\"show\");\r\n\t\t\t\t\tvar h=jQuery(this).data(\"easein\");\r\n\t\t\t\t\tif(c){c.removeClass(a);}\r\n\t\t\t\t\tif(h){f.find(\"div.active\").addClass(\"animated \"+h);a=h;}\r\n\t\t\t\t\telse{if(g){f.find(\"div.active\").addClass(\"animated \"+g);a=g;}else{f.find(\"div.active\").addClass(\"animated \"+b);a=b;}}c=f.find(\"div.active\");\r\n\t\t\t\t});\r\n\t\t\t}\r\n\t\t});\r\n\t\t\r\n\r\n\t\tfunction do_resize(){\r\n\r\n\t\t\tvar width=jQuery( '.tab-content .tab-pane iframe' ).width();\r\n\t\t\tvar height=jQuery( '.tab-content .tab-pane iframe' ).height();\r\n\r\n\t\t\tvar toggleSize = true;\r\n\t\t\tjQuery('iframe').animate({\r\n\t\t\t    width: toggleSize ? width : 640,\r\n\t\t\t    height: toggleSize ? height : 360\r\n\t\t\t  }, 250);\r\n\r\n\t\t\t  toggleSize = !toggleSize;\r\n\t\t}\r\n\r\n\r\n\t<\/script>\r\n\t\t\t\t\r\n\t\t\t\n","protected":false},"excerpt":{"rendered":"","protected":false},"author":1,"featured_media":0,"parent":683,"menu_order":70,"comment_status":"closed","ping_status":"closed","template":"page-templates\/side-menu.php","meta":{"_bbp_topic_count":0,"_bbp_reply_count":0,"_bbp_total_topic_count":0,"_bbp_total_reply_count":0,"_bbp_voice_count":0,"_bbp_anonymous_reply_count":0,"_bbp_topic_count_hidden":0,"_bbp_reply_count_hidden":0,"_bbp_forum_subforum_count":0,"footnotes":""},"class_list":["post-686","page","type-page","status-publish","hentry"],"post_mailing_queue_ids":[],"_links":{"self":[{"href":"https:\/\/agora.xtec.cat\/esc-ramonycajal-terrassa\/wp-json\/wp\/v2\/pages\/686","targetHints":{"allow":["GET"]}}],"collection":[{"href":"https:\/\/agora.xtec.cat\/esc-ramonycajal-terrassa\/wp-json\/wp\/v2\/pages"}],"about":[{"href":"https:\/\/agora.xtec.cat\/esc-ramonycajal-terrassa\/wp-json\/wp\/v2\/types\/page"}],"author":[{"embeddable":true,"href":"https:\/\/agora.xtec.cat\/esc-ramonycajal-terrassa\/wp-json\/wp\/v2\/users\/1"}],"replies":[{"embeddable":true,"href":"https:\/\/agora.xtec.cat\/esc-ramonycajal-terrassa\/wp-json\/wp\/v2\/comments?post=686"}],"version-history":[{"count":3,"href":"https:\/\/agora.xtec.cat\/esc-ramonycajal-terrassa\/wp-json\/wp\/v2\/pages\/686\/revisions"}],"predecessor-version":[{"id":3613,"href":"https:\/\/agora.xtec.cat\/esc-ramonycajal-terrassa\/wp-json\/wp\/v2\/pages\/686\/revisions\/3613"}],"up":[{"embeddable":true,"href":"https:\/\/agora.xtec.cat\/esc-ramonycajal-terrassa\/wp-json\/wp\/v2\/pages\/683"}],"wp:attachment":[{"href":"https:\/\/agora.xtec.cat\/esc-ramonycajal-terrassa\/wp-json\/wp\/v2\/media?parent=686"}],"curies":[{"name":"wp","href":"https:\/\/api.w.org\/{rel}","templated":true}]}}