{"id":516,"date":"2020-02-23T20:42:27","date_gmt":"2020-02-23T19:42:27","guid":{"rendered":"https:\/\/agora.xtec.cat\/esc-ramonycajal-terrassa\/?page_id=516"},"modified":"2026-02-19T15:18:39","modified_gmt":"2026-02-19T14:18:39","slug":"gep","status":"publish","type":"page","link":"https:\/\/agora.xtec.cat\/esc-ramonycajal-terrassa\/projecte-educatiu-2\/gep\/","title":{"rendered":"Programa GEP"},"content":{"rendered":"<p id=\"h.p_ge9eqHBPr15f\" class=\"zfr3Q\">L\u2019escola ha entrat el curs 2019-2020 en un programa d\u2019innovaci\u00f3 pedag\u00f2gica anomenat <strong>GEP<\/strong>\u00a0(<strong>GE<\/strong>neraci\u00f3\u00a0<strong>P<\/strong>luriling\u00fce: aprendre lleng\u00fces estrangeres a trav\u00e9s de les mat\u00e8ries). La finalitat d\u2019aquest programa \u00e9s millorar la compet\u00e8ncia en lleng\u00fces estrangeres de l\u2019alumnat, afavorint el seu creixement acad\u00e8mic i posterior inserci\u00f3 laboral, i capacitant-lo per interactuar amb el m\u00f3n en diverses lleng\u00fces i de manera cr\u00edtica. El Departament d\u2019Educaci\u00f3, amb aquest programa, acompanya els centres educatius en el proc\u00e9s de desplegament i consolidaci\u00f3 d\u2019un projecte ling\u00fc\u00edstic pluriling\u00fce propi.<\/p>\n<p id=\"h.p_FVtsSx2mr2Ye\" class=\"zfr3Q\">La durada del programa \u00e9s de tres cursos escolars. Durant aquest temps, docents del nostre centre amb una acreditaci\u00f3 suficient de coneixements de llengua estrangera rebran formaci\u00f3 i juntament amb el claustre i l\u2019equip directiu es dissenyar\u00e0 un projecte amb un pla d\u2019acci\u00f3 a tres anys vista.<\/p>\n<p id=\"h.p_XNH0a8IGr2Yg\" class=\"zfr3Q\">Al llarg d&#8217;aquests tres cursos en aquest espai, s\u2019aniran penjant informacions i\/o activitats relacionades a aquest projecte.<\/p>\n<p><a href=\"https:\/\/projectes.xtec.cat\/gep\/\">NODES GEP del Departament d&#8217;Educaci\u00f3<\/a><\/p>\n<p><a href=\"http:\/\/xtec.gencat.cat\/ca\/projectes\/plurilinguisme\/programes\/institucionals\/gep\/\">Generaci\u00f3 Pluriling\u00fce (GEP): aprendre lleng\u00fces estrangeres a trav\u00e9s de les mat\u00e8ries<\/a><\/p>\n","protected":false},"excerpt":{"rendered":"<p>L\u2019escola ha entrat el curs 2019-2020 en un programa d\u2019innovaci\u00f3 pedag\u00f2gica anomenat GEP\u00a0(GEneraci\u00f3\u00a0Pluriling\u00fce: aprendre lleng\u00fces estrangeres a trav\u00e9s de les mat\u00e8ries). La finalitat d\u2019aquest programa \u00e9s millorar la compet\u00e8ncia en lleng\u00fces estrangeres de l\u2019alumnat, afavorint el seu creixement acad\u00e8mic i posterior inserci\u00f3 laboral, i capacitant-lo&hellip;  <a href=\"https:\/\/agora.xtec.cat\/esc-ramonycajal-terrassa\/projecte-educatiu-2\/gep\/\" title=\"Read Programa GEP\">Llegeix m\u00e9s\u00bb<\/a><\/p>\n","protected":false},"author":1,"featured_media":0,"parent":683,"menu_order":30,"comment_status":"closed","ping_status":"closed","template":"page-templates\/side-menu.php","meta":{"_bbp_topic_count":0,"_bbp_reply_count":0,"_bbp_total_topic_count":0,"_bbp_total_reply_count":0,"_bbp_voice_count":0,"_bbp_anonymous_reply_count":0,"_bbp_topic_count_hidden":0,"_bbp_reply_count_hidden":0,"_bbp_forum_subforum_count":0,"footnotes":""},"class_list":["post-516","page","type-page","status-publish","hentry"],"post_mailing_queue_ids":[],"_links":{"self":[{"href":"https:\/\/agora.xtec.cat\/esc-ramonycajal-terrassa\/wp-json\/wp\/v2\/pages\/516","targetHints":{"allow":["GET"]}}],"collection":[{"href":"https:\/\/agora.xtec.cat\/esc-ramonycajal-terrassa\/wp-json\/wp\/v2\/pages"}],"about":[{"href":"https:\/\/agora.xtec.cat\/esc-ramonycajal-terrassa\/wp-json\/wp\/v2\/types\/page"}],"author":[{"embeddable":true,"href":"https:\/\/agora.xtec.cat\/esc-ramonycajal-terrassa\/wp-json\/wp\/v2\/users\/1"}],"replies":[{"embeddable":true,"href":"https:\/\/agora.xtec.cat\/esc-ramonycajal-terrassa\/wp-json\/wp\/v2\/comments?post=516"}],"version-history":[{"count":2,"href":"https:\/\/agora.xtec.cat\/esc-ramonycajal-terrassa\/wp-json\/wp\/v2\/pages\/516\/revisions"}],"predecessor-version":[{"id":664,"href":"https:\/\/agora.xtec.cat\/esc-ramonycajal-terrassa\/wp-json\/wp\/v2\/pages\/516\/revisions\/664"}],"up":[{"embeddable":true,"href":"https:\/\/agora.xtec.cat\/esc-ramonycajal-terrassa\/wp-json\/wp\/v2\/pages\/683"}],"wp:attachment":[{"href":"https:\/\/agora.xtec.cat\/esc-ramonycajal-terrassa\/wp-json\/wp\/v2\/media?parent=516"}],"curies":[{"name":"wp","href":"https:\/\/api.w.org\/{rel}","templated":true}]}}