{"id":38,"date":"2014-09-18T12:34:08","date_gmt":"2014-09-18T11:34:08","guid":{"rendered":"http:\/\/agora.xtec.cat\/esc-ramonycajal-terrassa\/?page_id=38"},"modified":"2020-06-25T11:17:57","modified_gmt":"2020-06-25T09:17:57","slug":"salut","status":"publish","type":"page","link":"https:\/\/agora.xtec.cat\/esc-ramonycajal-terrassa\/lescola\/salut\/","title":{"rendered":"Salut"},"content":{"rendered":"<div class=\"entry-content\">\n<p><strong>AL\u00b7L\u00c8RGIES ALIMENT\u00c0RIES<\/strong><\/p>\n<p>\u200b\u200b\u200b\u200b\u200bLa fam\u00edlia de l&#8217;alumne amb al\u00b7l\u00e8rgia aliment\u00e0ria, ha d&#8217;informar-ne els responsables del centre educatiu a l&#8217;inici de l&#8217;escolaritzaci\u00f3 o quan en tingui coneixement.<\/p>\n<p>La fam\u00edlia ha d&#8217;aportar al centre la documentaci\u00f3 seg\u00fcent:<\/p>\n<ul style=\"list-style-type: circle;\">\n<li><strong>Informe m\u00e8dic<\/strong>\u00a0signat per l&#8217;equip sanitari responsable, on han de constar totes les dades de la malaltia de l&#8217;infant, les actuacions que cal fer i els tel\u00e8fons dels referents sanitaris.<\/li>\n<li>Impr\u00e8s signat amb la\u00a0<strong>recollida d&#8217;informaci\u00f3<\/strong>\u00a0on es detalla el tipus d&#8217;al\u00b7l\u00e8rgia de l&#8217;alumne, les vies d&#8217;entrada i el tipus de reacci\u00f3<span class=\"ms-rteThemeBackColor-1-0\">\u00a0<strong>(<\/strong><\/span><strong><a href=\"https:\/\/documents.espai.educacio.gencat.cat\/FormularisModels\/SeguretatSalut\/A310.pdf\" target=\"_blank\" rel=\"noopener noreferrer\"><span class=\"ms-rteThemeBackColor-1-0\">document1<\/span><\/a><span class=\"ms-rteThemeBackColor-1-0\">).<\/span><\/strong><\/li>\n<li>Impr\u00e8s de<strong style=\"font-family: inherit; font-size: 1em;\">\u00a0sol\u00b7licitud\u00a0<\/strong><span style=\"font-family: inherit; font-size: 1em;\">signat i autoritzaci\u00f3 d&#8217;administraci\u00f3 de la medicaci\u00f3 prescrita i l&#8217;atenci\u00f3 espec\u00edfica prescrita i pautada pel metge o metgessa<\/span><span class=\"ms-rteThemeBackColor-1-0\" style=\"font-family: inherit; font-size: 1em;\">\u00a0<strong>(<\/strong><\/span><strong><a style=\"font-family: inherit; font-size: 1em;\" href=\"https:\/\/documents.espai.educacio.gencat.cat\/FormularisModels\/SeguretatSalut\/A311.pdf\" target=\"_blank\" rel=\"noopener noreferrer\"><span class=\"ms-rteThemeBackColor-1-0\">document2\u200b<\/span><\/a><span class=\"ms-rteThemeBackColor-1-0\" style=\"font-family: inherit; font-size: 1em;\">)<\/span><span class=\"ms-rteThemeBackColor-1-0\" style=\"font-family: inherit; font-size: 1em;\">.<\/span><\/strong><\/li>\n<\/ul>\n<header class=\"entry-header\"><strong>MEDICAMENTS<\/strong>La normativa impedeix l&#8217;administraci\u00f3 de medicaments als infants si no es disposa de la <strong>recepta m\u00e8dica. <\/strong>Per poder administrar la medicaci\u00f3 es necessita:<\/p>\n<ul style=\"list-style-type: circle;\">\n<li>El <strong>medicament,<\/strong> que proporcionar\u00e0 la fam\u00edlia.<\/li>\n<li>La <strong>recepta<\/strong> m\u00e8dica, on s\u2019especifiqui dosi i horari d\u2019administraci\u00f3.<\/li>\n<li><strong>L\u2019autoritzaci\u00f3<\/strong> signada per la mare, pare o tutor legal. Podeu descarregar l&#8217;autoritzaci\u00f3 en aquest enlla\u00e7.<em>(falta enlla\u00e7ar el document).<\/em><\/li>\n<\/ul>\n<\/header>\n<p><strong>PAR\u00c0SITS<\/strong><\/p>\n<p>Els par\u00e0sits m\u00e9s habituals a l\u2019escola s\u00f3n els <strong>polls<\/strong>.<\/p>\n<p>En el cas que es detectin par\u00e0sits, l\u2019escola informar\u00e0 la fam\u00edlia afectada i a la resta de fam\u00edlies del grup classe per poder dur a terme la desparassitaci\u00f3 pertinent. Una vegada s\u2019hagi fet el tractament es recomana que l\u2019infant romangui a casa un parell de dies per acabar de fer net.<\/p>\n<p>Aix\u00ed mateix us recomanem revisions peri\u00f2diques per evitar futures infeccions.<\/p>\n<p>Teniu m\u00e9s informaci\u00f3 sobre el polls en aquest document <em>(falta enlla\u00e7ar el document informatiu de l&#8217;escola sobre polls).<\/em><\/p>\n<p><strong>ADMINISTRACI\u00d3 DE PARACETAMOL<\/strong><\/p>\n<p>Per administrar paracetamol als infants a les escoles, cal tenir l\u2019autoritzaci\u00f3 del pare, mare o tutor, que s\u2019ha de demanar en el moment de matriculaci\u00f3 de l\u2019alumnat<span class=\"ms-rteThemeBackColor-1-0\">. <strong>(<\/strong><\/span><strong><a href=\"https:\/\/documents.espai.educacio.gencat.cat\/FormularisModels\/CentresGestioAdministrativa\/Y332_188.pdf\" target=\"_blank\" rel=\"noopener noreferrer\">model d&#8217;aut\u200boritzaci\u00f3\u200b<\/a><span class=\"ms-rteThemeBackColor-1-0\">).<\/span><\/strong><br \/>\n\u200b<br \/>\n\u200bDavant d\u2019un infant amb febre de 38 \u00baC o m\u00e9s l\u2019escola ha de contactar amb el pare, mare o tutor i demanar-li que el reculli tan aviat com pugui.\u00a0 Mentrestant, si la febre \u00e9s igual o superior a 38 \u00baC es recomana administrar un antit\u00e8rmic\/analg\u00e8sic. El f\u00e0rmac de refer\u00e8ncia i m\u00e9s utilitzat arreu \u00e9s el paracetamol, per la seva bona toler\u00e0ncia i la relativa abs\u00e8ncia d\u2019efectes\u00a0secundaris.<\/p>\n<p>Encara que no es tracti d\u2019una urg\u00e8ncia, un infant amb febre no ha de quedar-se a l\u2019escola fins que finalitzi la jornada escolar.<\/p>\n<p><em><strong>\u200bRecomanacions elaborades per la Societat Catalana de Pediatria i pel Departament de Salut de la Generalitat de Catalunya.<\/strong><\/em><\/p>\n<\/div>\n<p>&nbsp;<\/p>\n<p>&nbsp;<\/p>\n<p>&nbsp;<\/p>\n<p>&nbsp;<\/p>\n<p>&nbsp;<\/p>\n","protected":false},"excerpt":{"rendered":"<p>AL\u00b7L\u00c8RGIES ALIMENT\u00c0RIES<br \/>\n\u200b\u200b\u200b\u200b\u200bLa fam\u00edlia de l&#8217;alumne amb al\u00b7l\u00e8rgia aliment\u00e0ria, ha d&#8217;informar-ne els responsables del centre educatiu a l&#8217;inici de l&#8217;escolaritzaci\u00f3 o quan en tingui coneixement.<br \/>\nLa fam\u00edlia ha d&#8217;aportar al centre la documentaci\u00f3 seg\u00fcent:<\/p>\n<ul style=\"list-style-type: circle;\">\n<li>Informe m\u00e8dic\u00a0signat per l&#8217;equip sanitari responsable, on han de constar totes les&hellip;  <a href=\"https:\/\/agora.xtec.cat\/esc-ramonycajal-terrassa\/lescola\/salut\/\" title=\"Read Salut\">Llegeix m\u00e9s\u00bb<\/a><br \/>\n","protected":false},"author":1,"featured_media":0,"parent":22,"menu_order":70,"comment_status":"closed","ping_status":"closed","template":"page-templates\/side-menu.php","meta":{"_bbp_topic_count":0,"_bbp_reply_count":0,"_bbp_total_topic_count":0,"_bbp_total_reply_count":0,"_bbp_voice_count":0,"_bbp_anonymous_reply_count":0,"_bbp_topic_count_hidden":0,"_bbp_reply_count_hidden":0,"_bbp_forum_subforum_count":0,"footnotes":""},"class_list":["post-38","page","type-page","status-publish","hentry"],"post_mailing_queue_ids":[],"_links":{"self":[{"href":"https:\/\/agora.xtec.cat\/esc-ramonycajal-terrassa\/wp-json\/wp\/v2\/pages\/38","targetHints":{"allow":["GET"]}}],"collection":[{"href":"https:\/\/agora.xtec.cat\/esc-ramonycajal-terrassa\/wp-json\/wp\/v2\/pages"}],"about":[{"href":"https:\/\/agora.xtec.cat\/esc-ramonycajal-terrassa\/wp-json\/wp\/v2\/types\/page"}],"author":[{"embeddable":true,"href":"https:\/\/agora.xtec.cat\/esc-ramonycajal-terrassa\/wp-json\/wp\/v2\/users\/1"}],"replies":[{"embeddable":true,"href":"https:\/\/agora.xtec.cat\/esc-ramonycajal-terrassa\/wp-json\/wp\/v2\/comments?post=38"}],"version-history":[{"count":4,"href":"https:\/\/agora.xtec.cat\/esc-ramonycajal-terrassa\/wp-json\/wp\/v2\/pages\/38\/revisions"}],"predecessor-version":[{"id":775,"href":"https:\/\/agora.xtec.cat\/esc-ramonycajal-terrassa\/wp-json\/wp\/v2\/pages\/38\/revisions\/775"}],"up":[{"embeddable":true,"href":"https:\/\/agora.xtec.cat\/esc-ramonycajal-terrassa\/wp-json\/wp\/v2\/pages\/22"}],"wp:attachment":[{"href":"https:\/\/agora.xtec.cat\/esc-ramonycajal-terrassa\/wp-json\/wp\/v2\/media?parent=38"}],"curies":[{"name":"wp","href":"https:\/\/api.w.org\/{rel}","templated":true}]}}