{"id":34,"date":"2014-09-18T12:32:18","date_gmt":"2014-09-18T11:32:18","guid":{"rendered":"http:\/\/agora.xtec.cat\/esc-ramonycajal-terrassa\/?page_id=34"},"modified":"2020-10-05T17:56:26","modified_gmt":"2020-10-05T15:56:26","slug":"oferta-educativa","status":"publish","type":"page","link":"https:\/\/agora.xtec.cat\/esc-ramonycajal-terrassa\/lescola\/oferta-educativa\/","title":{"rendered":"Oferta educativa"},"content":{"rendered":"<p>Som una escola p\u00fablica de dues l\u00ednies (dos grups-classe per nivell) que ofereix ensenyament d\u2019educaci\u00f3 infantil (3 &#8211; 6 anys) i d\u2019educaci\u00f3 prim\u00e0ria (6 &#8211; 12 anys).<\/p>\n<p>El curs 20-21 hi ha, a m\u00e9s a m\u00e9s, una tercera l\u00ednia (aula bolet) al nivell de 6\u00e8 de prim\u00e0ria (assignada des de P-3) i mig bolet al nivell de 5\u00e8 de prim\u00e0ria. El curs vinent ser\u00e0 un tercer grup sencer.<\/p>\n<p>L&#8217;escola est\u00e0 dotada amb suport SIEI.<\/p>\n","protected":false},"excerpt":{"rendered":"<p>Som una escola p\u00fablica de dues l\u00ednies (dos grups-classe per nivell) que ofereix ensenyament d\u2019educaci\u00f3 infantil (3 &#8211; 6 anys) i d\u2019educaci\u00f3 prim\u00e0ria (6 &#8211; 12 anys).<br \/>\nEl curs 20-21 hi ha, a m\u00e9s a m\u00e9s, una tercera l\u00ednia (aula bolet) al nivell de 6\u00e8 de&hellip;  <a href=\"https:\/\/agora.xtec.cat\/esc-ramonycajal-terrassa\/lescola\/oferta-educativa\/\" title=\"Read Oferta educativa\">Llegeix m\u00e9s\u00bb<\/a><\/p>\n","protected":false},"author":1,"featured_media":0,"parent":22,"menu_order":40,"comment_status":"closed","ping_status":"closed","template":"page-templates\/side-menu.php","meta":{"_bbp_topic_count":0,"_bbp_reply_count":0,"_bbp_total_topic_count":0,"_bbp_total_reply_count":0,"_bbp_voice_count":0,"_bbp_anonymous_reply_count":0,"_bbp_topic_count_hidden":0,"_bbp_reply_count_hidden":0,"_bbp_forum_subforum_count":0,"footnotes":""},"class_list":["post-34","page","type-page","status-publish","hentry"],"post_mailing_queue_ids":[],"_links":{"self":[{"href":"https:\/\/agora.xtec.cat\/esc-ramonycajal-terrassa\/wp-json\/wp\/v2\/pages\/34","targetHints":{"allow":["GET"]}}],"collection":[{"href":"https:\/\/agora.xtec.cat\/esc-ramonycajal-terrassa\/wp-json\/wp\/v2\/pages"}],"about":[{"href":"https:\/\/agora.xtec.cat\/esc-ramonycajal-terrassa\/wp-json\/wp\/v2\/types\/page"}],"author":[{"embeddable":true,"href":"https:\/\/agora.xtec.cat\/esc-ramonycajal-terrassa\/wp-json\/wp\/v2\/users\/1"}],"replies":[{"embeddable":true,"href":"https:\/\/agora.xtec.cat\/esc-ramonycajal-terrassa\/wp-json\/wp\/v2\/comments?post=34"}],"version-history":[{"count":3,"href":"https:\/\/agora.xtec.cat\/esc-ramonycajal-terrassa\/wp-json\/wp\/v2\/pages\/34\/revisions"}],"predecessor-version":[{"id":1029,"href":"https:\/\/agora.xtec.cat\/esc-ramonycajal-terrassa\/wp-json\/wp\/v2\/pages\/34\/revisions\/1029"}],"up":[{"embeddable":true,"href":"https:\/\/agora.xtec.cat\/esc-ramonycajal-terrassa\/wp-json\/wp\/v2\/pages\/22"}],"wp:attachment":[{"href":"https:\/\/agora.xtec.cat\/esc-ramonycajal-terrassa\/wp-json\/wp\/v2\/media?parent=34"}],"curies":[{"name":"wp","href":"https:\/\/api.w.org\/{rel}","templated":true}]}}