{"id":32,"date":"2014-09-18T12:31:33","date_gmt":"2014-09-18T11:31:33","guid":{"rendered":"http:\/\/agora.xtec.cat\/esc-ramonycajal-terrassa\/?page_id=32"},"modified":"2025-09-02T12:04:40","modified_gmt":"2025-09-02T10:04:40","slug":"calendari-del-curs","status":"publish","type":"page","link":"https:\/\/agora.xtec.cat\/esc-ramonycajal-terrassa\/curs-actual\/calendari-del-curs\/","title":{"rendered":"Calendari del curs 25-26"},"content":{"rendered":"<p>&nbsp;<\/p>\n<table style=\"border-collapse: collapse; width: 100%; height: 770px;\">\n<tbody>\n<tr>\n<td style=\"width: 50%; border-style: hidden;\">\n<h4><b>Horari lectiu<\/b>:<\/h4>\n<ul>\n<li>Mat\u00ed: de 9 a 12.30 h.<\/li>\n<li>Tarda: de 15 a 16.30 h<\/li>\n<\/ul>\n<h4><strong>Inici de curs: <\/strong><\/h4>\n<p>Dilluns 8 de setembre de 2025<\/p>\n<h4><strong>Darrer dia de curs:<\/strong><\/h4>\n<p>Divendres 19 de juny de 2026<\/p>\n<h4><strong>Vacances:<\/strong><\/h4>\n<ul>\n<li>Per\u00edode de Nadal: del 20 de desembre de 2025 al 7 de gener de 2026 (ambd\u00f3s inclosos)<\/li>\n<li>Per\u00edode de Setmana Santa: del 28 de mar\u00e7 al 6 d&#8217;abril de 2026 (ambd\u00f3s inclosos)<\/li>\n<\/ul>\n<h4><strong>Dies festius de lliure disposici\u00f3:<\/strong><\/h4>\n<ul>\n<li>Divendres 10 d&#8217;octubre de 2025<\/li>\n<li>Dilluns 3 de novembre de 2025<\/li>\n<li>Divendres 5 de desembre de 2025<\/li>\n<li>Dilluns 16 de febrer de 2026<\/li>\n<li>Dijous 30 d&#8217;abril de 2026<\/li>\n<li>Dilluns 25 de maig de 2026<\/li>\n<\/ul>\n<h4><strong>Jornada compactada:\u00a0<\/strong>De 9 a 13 h.<\/h4>\n<ul>\n<li>Divendres 19 de desembre de 2025 (darrer dia primer trimestre)<\/li>\n<li>Del 8 al 19 de juny de 2026 (ambd\u00f3s inclosos)<\/li>\n<\/ul>\n<h4><strong>Entrada progressiva I-3:<\/strong><\/h4>\n<ul>\n<li>Dilluns 8, dimarts 9 i dimecres 10 de setembre de 2025 en dos torns (de 9.15 a 10.45 h. i de 15 a 16.30 h.)<\/li>\n<li>A partir del divendres 12 de setembre de 2025: horari normalitzat<\/li>\n<\/ul>\n<\/td>\n<td style=\"width: 50%; border-style: hidden;\"><\/td>\n<\/tr>\n<\/tbody>\n<\/table>\n<h4><\/h4>\n<p>&nbsp;<\/p>\n","protected":false},"excerpt":{"rendered":"<p>&nbsp;<\/p>\n<p>Horari lectiu:<\/p>\n<ul>\n<li>Mat\u00ed: de 9 a 12.30 h.<\/li>\n<li>Tarda: de 15 a 16.30 h<\/li>\n<\/ul>\n<p>Inici de curs:<br \/>\nDilluns 8 de setembre de 2025<br \/>\nDarrer dia de curs:<br \/>\nDivendres 19 de juny de 2026<br \/>\nVacances:<\/p>\n<ul>\n<li>Per\u00edode de Nadal: del 20 de desembre de 2025 al 7 de gener de 2026 (ambd\u00f3s inclosos)<\/li>\n<li>Per\u00edode de&hellip;  <a href=\"https:\/\/agora.xtec.cat\/esc-ramonycajal-terrassa\/curs-actual\/calendari-del-curs\/\" title=\"Read Calendari del curs 25-26\">Llegeix m\u00e9s\u00bb<\/a><br \/>\n","protected":false},"author":1,"featured_media":0,"parent":843,"menu_order":30,"comment_status":"closed","ping_status":"closed","template":"page-templates\/side-menu.php","meta":{"_bbp_topic_count":0,"_bbp_reply_count":0,"_bbp_total_topic_count":0,"_bbp_total_reply_count":0,"_bbp_voice_count":0,"_bbp_anonymous_reply_count":0,"_bbp_topic_count_hidden":0,"_bbp_reply_count_hidden":0,"_bbp_forum_subforum_count":0,"footnotes":""},"class_list":["post-32","page","type-page","status-publish","hentry"],"post_mailing_queue_ids":[],"_links":{"self":[{"href":"https:\/\/agora.xtec.cat\/esc-ramonycajal-terrassa\/wp-json\/wp\/v2\/pages\/32","targetHints":{"allow":["GET"]}}],"collection":[{"href":"https:\/\/agora.xtec.cat\/esc-ramonycajal-terrassa\/wp-json\/wp\/v2\/pages"}],"about":[{"href":"https:\/\/agora.xtec.cat\/esc-ramonycajal-terrassa\/wp-json\/wp\/v2\/types\/page"}],"author":[{"embeddable":true,"href":"https:\/\/agora.xtec.cat\/esc-ramonycajal-terrassa\/wp-json\/wp\/v2\/users\/1"}],"replies":[{"embeddable":true,"href":"https:\/\/agora.xtec.cat\/esc-ramonycajal-terrassa\/wp-json\/wp\/v2\/comments?post=32"}],"version-history":[{"count":8,"href":"https:\/\/agora.xtec.cat\/esc-ramonycajal-terrassa\/wp-json\/wp\/v2\/pages\/32\/revisions"}],"predecessor-version":[{"id":5956,"href":"https:\/\/agora.xtec.cat\/esc-ramonycajal-terrassa\/wp-json\/wp\/v2\/pages\/32\/revisions\/5956"}],"up":[{"embeddable":true,"href":"https:\/\/agora.xtec.cat\/esc-ramonycajal-terrassa\/wp-json\/wp\/v2\/pages\/843"}],"wp:attachment":[{"href":"https:\/\/agora.xtec.cat\/esc-ramonycajal-terrassa\/wp-json\/wp\/v2\/media?parent=32"}],"curies":[{"name":"wp","href":"https:\/\/api.w.org\/{rel}","templated":true}]}}