{"id":26,"date":"2014-09-18T12:24:32","date_gmt":"2014-09-18T11:24:32","guid":{"rendered":"http:\/\/agora.xtec.cat\/esc-ramonycajal-terrassa\/?page_id=26"},"modified":"2020-06-25T11:16:53","modified_gmt":"2020-06-25T09:16:53","slug":"historia","status":"publish","type":"page","link":"https:\/\/agora.xtec.cat\/esc-ramonycajal-terrassa\/lescola\/historia\/","title":{"rendered":"Qui \u00e9s en Ram\u00f3n y Cajal?"},"content":{"rendered":"<p id=\"h.p_aNkvl0px3Cnp\" class=\"zfr3Q\"><strong>Petilla de Arag\u00f3n, <\/strong>1 de maig de 1852 \u2014 <strong>Madrid, <\/strong>17 d\u2019octubre de 1934<\/p>\n<p id=\"h.p_Aqhz0poq3bqx\" class=\"zfr3Q\">Fill d\u2019un metge rural, de temperament inquiet i absorbit pel dibuix en la seva infantesa, estudi\u00e0 medicina a Saragossa, f\u00e9u oposicions a la sanitat militar i fou enviat a Cuba (1874), en plena revolta contra la metr\u00f2polis. En examinar-se de doctorat a Madrid (1877), tingu\u00e9 per primera vegada contacte amb la histologia, i el professor d\u2019aquesta assignatura, Maestre de San Juan, l\u2019orient\u00e0 vers aquest objectiu cient\u00edfic. Despr\u00e9s d\u2019haver-se casat, obtingu\u00e9 la c\u00e0tedra d\u2019anatomia de Val\u00e8ncia (1883), i quatre anys m\u00e9s tard, per concurs de trasllat, la d\u2019histologia de Barcelona, on comen\u00e7\u00e0 una tasca fonamental d\u2019investigaci\u00f3, aplicant el m\u00e8tode de Golgi a l\u2019exploraci\u00f3 microsc\u00f2pica del sistema nervi\u00f3s. Assist\u00ed al Congr\u00e9s Anat\u00f2mic de Berl\u00edn de l\u2019any 1889 i conegu\u00e9 els savis m\u00e9s destacats de la seva especialitat. El 1892 guany\u00e0 les oposicions a la c\u00e0tedra d\u2019histologia de Madrid. Despr\u00e9s de llargues investigacions, comen\u00e7\u00e0 a defensar la teoria de la transmissi\u00f3 de l\u2019impuls nervi\u00f3s per contig\u00fcitat entre c\u00e8l\u00b7lules independents ( <em>teoria de la neurona<\/em> ), formulada finalment a la gran obra <em>Textura del sistema nervioso del hombre y los vertebrados<\/em> , publicada en fascicles del 1899 al 1904 i molt ampliada en una versi\u00f3 francesa posterior (1911). Creador de la important escola histol\u00f2gica de Madrid, honorat per innombrables institucions cient\u00edfiques estrangeres, assol\u00ed la gl\u00f2ria mundial gr\u00e0cies a la concessi\u00f3 del premi Nobel de medicina, l\u2019any 1906, compartit amb C.Golgi. A m\u00e9s d\u2019excel\u00b7lents manuals did\u00e0ctics de la seva especialitat, escriv\u00ed llibres d\u2019assaig i de pura creaci\u00f3 liter\u00e0ria \u2014 <em>Los t\u00f3nicos de la voluntad, Charlas de caf\u00e9, Cuentos de vacaciones, <\/em>etc\u2014 i \u00e0gils articles de peri\u00f2dic que signava amb el pseud\u00f2nim de <em>Doctor Bacteria.<\/em><\/p>\n<p>&nbsp;<\/p>\n<p><iframe loading=\"lazy\" src=\"https:\/\/www.youtube.com\/embed\/LIII6obt62o\" width=\"560\" height=\"315\" frameborder=\"0\"><\/iframe><\/p>\n","protected":false},"excerpt":{"rendered":"<p>Petilla de Arag\u00f3n, 1 de maig de 1852 \u2014 Madrid, 17 d\u2019octubre de 1934<br \/>\nFill d\u2019un metge rural, de temperament inquiet i absorbit pel dibuix en la seva infantesa, estudi\u00e0 medicina a Saragossa, f\u00e9u oposicions a la sanitat militar i fou enviat a Cuba (1874), en&hellip;  <a href=\"https:\/\/agora.xtec.cat\/esc-ramonycajal-terrassa\/lescola\/historia\/\" title=\"Read Qui \u00e9s en Ram\u00f3n y Cajal?\">Llegeix m\u00e9s\u00bb<\/a><\/p>\n","protected":false},"author":1,"featured_media":0,"parent":22,"menu_order":20,"comment_status":"closed","ping_status":"closed","template":"page-templates\/side-menu.php","meta":{"_bbp_topic_count":0,"_bbp_reply_count":0,"_bbp_total_topic_count":0,"_bbp_total_reply_count":0,"_bbp_voice_count":0,"_bbp_anonymous_reply_count":0,"_bbp_topic_count_hidden":0,"_bbp_reply_count_hidden":0,"_bbp_forum_subforum_count":0,"footnotes":""},"class_list":["post-26","page","type-page","status-publish","hentry"],"post_mailing_queue_ids":[],"_links":{"self":[{"href":"https:\/\/agora.xtec.cat\/esc-ramonycajal-terrassa\/wp-json\/wp\/v2\/pages\/26","targetHints":{"allow":["GET"]}}],"collection":[{"href":"https:\/\/agora.xtec.cat\/esc-ramonycajal-terrassa\/wp-json\/wp\/v2\/pages"}],"about":[{"href":"https:\/\/agora.xtec.cat\/esc-ramonycajal-terrassa\/wp-json\/wp\/v2\/types\/page"}],"author":[{"embeddable":true,"href":"https:\/\/agora.xtec.cat\/esc-ramonycajal-terrassa\/wp-json\/wp\/v2\/users\/1"}],"replies":[{"embeddable":true,"href":"https:\/\/agora.xtec.cat\/esc-ramonycajal-terrassa\/wp-json\/wp\/v2\/comments?post=26"}],"version-history":[{"count":3,"href":"https:\/\/agora.xtec.cat\/esc-ramonycajal-terrassa\/wp-json\/wp\/v2\/pages\/26\/revisions"}],"predecessor-version":[{"id":717,"href":"https:\/\/agora.xtec.cat\/esc-ramonycajal-terrassa\/wp-json\/wp\/v2\/pages\/26\/revisions\/717"}],"up":[{"embeddable":true,"href":"https:\/\/agora.xtec.cat\/esc-ramonycajal-terrassa\/wp-json\/wp\/v2\/pages\/22"}],"wp:attachment":[{"href":"https:\/\/agora.xtec.cat\/esc-ramonycajal-terrassa\/wp-json\/wp\/v2\/media?parent=26"}],"curies":[{"name":"wp","href":"https:\/\/api.w.org\/{rel}","templated":true}]}}