{"id":2234,"date":"2021-11-18T15:54:05","date_gmt":"2021-11-18T14:54:05","guid":{"rendered":"https:\/\/agora.xtec.cat\/esc-ramonycajal-terrassa\/?page_id=2234"},"modified":"2024-07-03T12:28:00","modified_gmt":"2024-07-03T10:28:00","slug":"programa-tae","status":"publish","type":"page","link":"https:\/\/agora.xtec.cat\/esc-ramonycajal-terrassa\/curs-actual\/programa-tae\/","title":{"rendered":"Programa TAE"},"content":{"rendered":"<p style=\"text-align: left;\">El Taller d\u2019Acompanyament Educatiu pret\u00e9n enfortir les compet\u00e8ncies transversals especialment la compet\u00e8ncia comunicativa, ling\u00fc\u00edstica i audiovisual, compet\u00e8ncia social i ciutadana, compet\u00e8ncia art\u00edstica i cultural, compet\u00e8ncia d\u2019aprendre a aprendre i la compet\u00e8ncia d\u2019autonomia i iniciativa personal, a m\u00e9s de fomentar la cooperaci\u00f3 i col\u00b7laboraci\u00f3 entre els participants. Es treballen aspectes relacionats amb l\u2019empatia, l\u2019autoconeixement i l\u2019autoestima, els valors prosocials i el respecte a la diversitat, entre d\u2019altres. Es dur\u00e0 a terme un projecte entorn les emocions al llarg de tot el curs, dividit per trimestres i a finals de curs es presentar\u00e0 tot el que s\u2019ha treballat.<\/p>\n<p style=\"text-align: left;\">Taller d\u20191h de durada de novembre a maig els dimarts i dijous de 16.50h a 17.50h. Pr\u00e8viament l\u2019alumnat berenar\u00e0 i tindr\u00e0 un breu espai d\u2019esbarjo abans d\u2019iniciar el taller dins la pr\u00f2pia escola.<\/p>\n<p><a href=\"https:\/\/agora.xtec.cat\/esc-ramonycajal-terrassa\/wp-content\/uploads\/usu2087\/2021\/11\/Logos-Sponsor-RGB-03-scaled.jpg\"><img loading=\"lazy\" decoding=\"async\" class=\"wp-image-2235 alignright\" src=\"https:\/\/agora.xtec.cat\/esc-ramonycajal-terrassa\/wp-content\/uploads\/usu2087\/2021\/11\/Logos-Sponsor-RGB-03-scaled.jpg\" alt=\"\" width=\"486\" height=\"124\" srcset=\"https:\/\/agora.xtec.cat\/esc-ramonycajal-terrassa\/wp-content\/uploads\/usu2087\/2021\/11\/Logos-Sponsor-RGB-03-scaled.jpg 2560w, https:\/\/agora.xtec.cat\/esc-ramonycajal-terrassa\/wp-content\/uploads\/usu2087\/2021\/11\/Logos-Sponsor-RGB-03-300x77.jpg 300w, https:\/\/agora.xtec.cat\/esc-ramonycajal-terrassa\/wp-content\/uploads\/usu2087\/2021\/11\/Logos-Sponsor-RGB-03-1024x262.jpg 1024w, https:\/\/agora.xtec.cat\/esc-ramonycajal-terrassa\/wp-content\/uploads\/usu2087\/2021\/11\/Logos-Sponsor-RGB-03-768x196.jpg 768w, https:\/\/agora.xtec.cat\/esc-ramonycajal-terrassa\/wp-content\/uploads\/usu2087\/2021\/11\/Logos-Sponsor-RGB-03-1536x392.jpg 1536w, https:\/\/agora.xtec.cat\/esc-ramonycajal-terrassa\/wp-content\/uploads\/usu2087\/2021\/11\/Logos-Sponsor-RGB-03-2048x523.jpg 2048w\" sizes=\"auto, (max-width: 486px) 100vw, 486px\" \/><\/a><\/p>\n","protected":false},"excerpt":{"rendered":"<p>El Taller d\u2019Acompanyament Educatiu pret\u00e9n enfortir les compet\u00e8ncies transversals especialment la compet\u00e8ncia comunicativa, ling\u00fc\u00edstica i audiovisual, compet\u00e8ncia social i ciutadana, compet\u00e8ncia art\u00edstica i cultural, compet\u00e8ncia d\u2019aprendre a aprendre i la compet\u00e8ncia d\u2019autonomia i iniciativa personal, a m\u00e9s de fomentar la cooperaci\u00f3 i col\u00b7laboraci\u00f3 entre els&hellip;  <a href=\"https:\/\/agora.xtec.cat\/esc-ramonycajal-terrassa\/curs-actual\/programa-tae\/\" title=\"Read Programa TAE\">Llegeix m\u00e9s\u00bb<\/a><\/p>\n","protected":false},"author":5,"featured_media":0,"parent":843,"menu_order":50,"comment_status":"closed","ping_status":"closed","template":"","meta":{"_bbp_topic_count":0,"_bbp_reply_count":0,"_bbp_total_topic_count":0,"_bbp_total_reply_count":0,"_bbp_voice_count":0,"_bbp_anonymous_reply_count":0,"_bbp_topic_count_hidden":0,"_bbp_reply_count_hidden":0,"_bbp_forum_subforum_count":0,"footnotes":""},"class_list":["post-2234","page","type-page","status-publish","hentry"],"post_mailing_queue_ids":[],"_links":{"self":[{"href":"https:\/\/agora.xtec.cat\/esc-ramonycajal-terrassa\/wp-json\/wp\/v2\/pages\/2234","targetHints":{"allow":["GET"]}}],"collection":[{"href":"https:\/\/agora.xtec.cat\/esc-ramonycajal-terrassa\/wp-json\/wp\/v2\/pages"}],"about":[{"href":"https:\/\/agora.xtec.cat\/esc-ramonycajal-terrassa\/wp-json\/wp\/v2\/types\/page"}],"author":[{"embeddable":true,"href":"https:\/\/agora.xtec.cat\/esc-ramonycajal-terrassa\/wp-json\/wp\/v2\/users\/5"}],"replies":[{"embeddable":true,"href":"https:\/\/agora.xtec.cat\/esc-ramonycajal-terrassa\/wp-json\/wp\/v2\/comments?post=2234"}],"version-history":[{"count":2,"href":"https:\/\/agora.xtec.cat\/esc-ramonycajal-terrassa\/wp-json\/wp\/v2\/pages\/2234\/revisions"}],"predecessor-version":[{"id":4716,"href":"https:\/\/agora.xtec.cat\/esc-ramonycajal-terrassa\/wp-json\/wp\/v2\/pages\/2234\/revisions\/4716"}],"up":[{"embeddable":true,"href":"https:\/\/agora.xtec.cat\/esc-ramonycajal-terrassa\/wp-json\/wp\/v2\/pages\/843"}],"wp:attachment":[{"href":"https:\/\/agora.xtec.cat\/esc-ramonycajal-terrassa\/wp-json\/wp\/v2\/media?parent=2234"}],"curies":[{"name":"wp","href":"https:\/\/api.w.org\/{rel}","templated":true}]}}