{"id":1227,"date":"2020-11-16T16:06:24","date_gmt":"2020-11-16T15:06:24","guid":{"rendered":"https:\/\/agora.xtec.cat\/esc-ramonycajal-terrassa\/?page_id=1227"},"modified":"2024-07-03T12:27:41","modified_gmt":"2024-07-03T10:27:41","slug":"programa-croma","status":"publish","type":"page","link":"https:\/\/agora.xtec.cat\/esc-ramonycajal-terrassa\/curs-actual\/programa-croma\/","title":{"rendered":"Programa CROMA"},"content":{"rendered":"<p>La<strong> finalitat<\/strong> dels tallers de suport educatiu \u00e9s la de promoure la vinculaci\u00f3 de la universitat amb les escoles de prim\u00e0ria per incrementar l\u2019inter\u00e8s per l\u2019aprenentatge dels infants. Es tracta de treballar per la promoci\u00f3 de l\u2019educaci\u00f3 formal i la continu\u00eftat educativa dels infants mitjan\u00e7ant l\u2019acompanyament de voluntariat universitari.<\/p>\n<p>Els tallers es portaran a terme a l\u2019escola i tenen una durada d\u20191.30h els\u00a0<strong>dilluns i dimecres\u00a0<\/strong>en horari extraescolar de\u00a0<strong>16:30 a 18:00<\/strong>\u00a0hores.<\/p>\n<p><strong>Els objectius:<\/strong><\/p>\n<ul>\n<li>Promoure l\u2019inter\u00e8s per l\u2019aprenentatge (curiositat, experimentaci\u00f3&#8230;)<\/li>\n<li>Adquirir h\u00e0bits d\u2019organitzaci\u00f3 i estudi.<\/li>\n<li>Promoure l\u2019\u00fas de la llengua catalana<\/li>\n<li>Treballar les habilitats socials: relaci\u00f3 entre iguals, gesti\u00f3 de conflictes, cooperaci\u00f3, respecte cap els altres i treball en equip.<\/li>\n<li>Treballar les habilitats emocionals: reconeixement, gesti\u00f3 i acceptaci\u00f3 de les pr\u00f2pies emocions i les dels companys i companyes.<\/li>\n<li>Promoure vincles entre Universitat i Escola.<\/li>\n<\/ul>\n<p>&nbsp;<\/p>\n<p style=\"text-align: center;\"><a href=\"https:\/\/www.terrassa.cat\/croma20\">https:\/\/www.terrassa.cat\/croma20<\/a><\/p>\n<p>&nbsp;<\/p>\n<p><a href=\"https:\/\/agora.xtec.cat\/esc-ramonycajal-terrassa\/wp-content\/uploads\/usu2087\/2021\/11\/Programa-Croma-FAS.png\"><img loading=\"lazy\" decoding=\"async\" class=\"size-full wp-image-2229 alignright\" src=\"https:\/\/agora.xtec.cat\/esc-ramonycajal-terrassa\/wp-content\/uploads\/usu2087\/2021\/11\/Programa-Croma-FAS.png\" alt=\"\" width=\"273\" height=\"171\" \/><\/a><\/p>\n","protected":false},"excerpt":{"rendered":"<p>La finalitat dels tallers de suport educatiu \u00e9s la de promoure la vinculaci\u00f3 de la universitat amb les escoles de prim\u00e0ria per incrementar l\u2019inter\u00e8s per l\u2019aprenentatge dels infants. Es tracta de treballar per la promoci\u00f3 de l\u2019educaci\u00f3 formal i la continu\u00eftat educativa dels infants mitjan\u00e7ant&hellip;  <a href=\"https:\/\/agora.xtec.cat\/esc-ramonycajal-terrassa\/curs-actual\/programa-croma\/\" title=\"Read Programa CROMA\">Llegeix m\u00e9s\u00bb<\/a><\/p>\n","protected":false},"author":6,"featured_media":0,"parent":843,"menu_order":40,"comment_status":"closed","ping_status":"closed","template":"page-templates\/side-menu.php","meta":{"_bbp_topic_count":0,"_bbp_reply_count":0,"_bbp_total_topic_count":0,"_bbp_total_reply_count":0,"_bbp_voice_count":0,"_bbp_anonymous_reply_count":0,"_bbp_topic_count_hidden":0,"_bbp_reply_count_hidden":0,"_bbp_forum_subforum_count":0,"footnotes":""},"class_list":["post-1227","page","type-page","status-publish","hentry"],"post_mailing_queue_ids":[],"_links":{"self":[{"href":"https:\/\/agora.xtec.cat\/esc-ramonycajal-terrassa\/wp-json\/wp\/v2\/pages\/1227","targetHints":{"allow":["GET"]}}],"collection":[{"href":"https:\/\/agora.xtec.cat\/esc-ramonycajal-terrassa\/wp-json\/wp\/v2\/pages"}],"about":[{"href":"https:\/\/agora.xtec.cat\/esc-ramonycajal-terrassa\/wp-json\/wp\/v2\/types\/page"}],"author":[{"embeddable":true,"href":"https:\/\/agora.xtec.cat\/esc-ramonycajal-terrassa\/wp-json\/wp\/v2\/users\/6"}],"replies":[{"embeddable":true,"href":"https:\/\/agora.xtec.cat\/esc-ramonycajal-terrassa\/wp-json\/wp\/v2\/comments?post=1227"}],"version-history":[{"count":4,"href":"https:\/\/agora.xtec.cat\/esc-ramonycajal-terrassa\/wp-json\/wp\/v2\/pages\/1227\/revisions"}],"predecessor-version":[{"id":4486,"href":"https:\/\/agora.xtec.cat\/esc-ramonycajal-terrassa\/wp-json\/wp\/v2\/pages\/1227\/revisions\/4486"}],"up":[{"embeddable":true,"href":"https:\/\/agora.xtec.cat\/esc-ramonycajal-terrassa\/wp-json\/wp\/v2\/pages\/843"}],"wp:attachment":[{"href":"https:\/\/agora.xtec.cat\/esc-ramonycajal-terrassa\/wp-json\/wp\/v2\/media?parent=1227"}],"curies":[{"name":"wp","href":"https:\/\/api.w.org\/{rel}","templated":true}]}}