{"id":1204,"date":"2020-11-11T17:43:03","date_gmt":"2020-11-11T16:43:03","guid":{"rendered":"https:\/\/agora.xtec.cat\/esc-ramonycajal-terrassa\/?page_id=1204"},"modified":"2020-11-12T09:46:26","modified_gmt":"2020-11-12T08:46:26","slug":"canal-salut-salut-escola","status":"publish","type":"page","link":"https:\/\/agora.xtec.cat\/esc-ramonycajal-terrassa\/espai-covid\/canal-salut-salut-escola\/","title":{"rendered":"Canal Salut &#8211; Salut\/Escola"},"content":{"rendered":"<p>Per si \u00e9s del vostre inter\u00e8s, en els seg\u00fcents links hi trobareu:<\/p>\n<ul>\n<li><span style=\"color: #000000;\">Cartells divulgatius de la Covid-19<\/span><\/li>\n<li><span style=\"color: #000000;\">Informaci\u00f3 i recomanacions generals, mesures de prevenci\u00f3 i protecci\u00f3, a\u00efllament domiciliari<\/span><\/li>\n<li><span style=\"color: #000000;\">Recull de materials editats en altres lleng\u00fces<\/span><span style=\"color: #000000;\">. <\/span><\/li>\n<\/ul>\n<p><a href=\"https:\/\/canalsalut.gencat.cat\/ca\/salut-a-z\/c\/coronavirus-2019-ncov\/divulgacio\/materials-idiomes\/\" target=\"_blank\" rel=\"noopener noreferrer\" data-saferedirecturl=\"https:\/\/www.google.com\/url?q=https:\/\/canalsalut.gencat.cat\/ca\/salut-a-z\/c\/coronavirus-2019-ncov\/divulgacio\/materials-idiomes\/&amp;source=gmail&amp;ust=1605189509060000&amp;usg=AOvVaw0FwxQtGyTTeStIARm8-M1I\">Canal Salut: material sobre el coronavirus en altres lleng\u00fces<\/a><\/p>\n<p><a href=\"https:\/\/canalsalut.gencat.cat\/ca\/salut-a-z\/c\/coronavirus-2019-ncov\/ciutadania\/salut-escola\/\" target=\"_blank\" rel=\"noopener noreferrer\" data-saferedirecturl=\"https:\/\/www.google.com\/url?q=https:\/\/canalsalut.gencat.cat\/ca\/salut-a-z\/c\/coronavirus-2019-ncov\/ciutadania\/salut-escola\/&amp;source=gmail&amp;ust=1605189509060000&amp;usg=AOvVaw3JNkEA-_Cq2LPgMQuVEaZk\">Canal Salut\/Escola<\/a><\/p>\n","protected":false},"excerpt":{"rendered":"<p>Per si \u00e9s del vostre inter\u00e8s, en els seg\u00fcents links hi trobareu:<\/p>\n<ul>\n<li>Cartells divulgatius de la Covid-19<\/li>\n<li>Informaci\u00f3 i recomanacions generals, mesures de prevenci\u00f3 i protecci\u00f3, a\u00efllament domiciliari<\/li>\n<li>Recull de materials editats en altres lleng\u00fces. <\/li>\n<\/ul>\n<p><a href=\"https:\/\/canalsalut.gencat.cat\/ca\/salut-a-z\/c\/coronavirus-2019-ncov\/divulgacio\/materials-idiomes\/\" target=\"_blank\" rel=\"noopener noreferrer\" data-saferedirecturl=\"https:\/\/www.google.com\/url?q=https:\/\/canalsalut.gencat.cat\/ca\/salut-a-z\/c\/coronavirus-2019-ncov\/divulgacio\/materials-idiomes\/&amp;source=gmail&amp;ust=1605189509060000&amp;usg=AOvVaw0FwxQtGyTTeStIARm8-M1I\">Canal Salut: material sobre el coronavirus en altres&hellip;  <a href=\"https:\/\/agora.xtec.cat\/esc-ramonycajal-terrassa\/espai-covid\/canal-salut-salut-escola\/\" title=\"Read Canal Salut &#8211; Salut\/Escola\">Llegeix m\u00e9s\u00bb<\/a><\/p>\n","protected":false},"author":6,"featured_media":0,"parent":1193,"menu_order":10,"comment_status":"closed","ping_status":"closed","template":"page-templates\/side-menu.php","meta":{"_bbp_topic_count":0,"_bbp_reply_count":0,"_bbp_total_topic_count":0,"_bbp_total_reply_count":0,"_bbp_voice_count":0,"_bbp_anonymous_reply_count":0,"_bbp_topic_count_hidden":0,"_bbp_reply_count_hidden":0,"_bbp_forum_subforum_count":0,"footnotes":""},"class_list":["post-1204","page","type-page","status-publish","hentry"],"post_mailing_queue_ids":[],"_links":{"self":[{"href":"https:\/\/agora.xtec.cat\/esc-ramonycajal-terrassa\/wp-json\/wp\/v2\/pages\/1204","targetHints":{"allow":["GET"]}}],"collection":[{"href":"https:\/\/agora.xtec.cat\/esc-ramonycajal-terrassa\/wp-json\/wp\/v2\/pages"}],"about":[{"href":"https:\/\/agora.xtec.cat\/esc-ramonycajal-terrassa\/wp-json\/wp\/v2\/types\/page"}],"author":[{"embeddable":true,"href":"https:\/\/agora.xtec.cat\/esc-ramonycajal-terrassa\/wp-json\/wp\/v2\/users\/6"}],"replies":[{"embeddable":true,"href":"https:\/\/agora.xtec.cat\/esc-ramonycajal-terrassa\/wp-json\/wp\/v2\/comments?post=1204"}],"version-history":[{"count":2,"href":"https:\/\/agora.xtec.cat\/esc-ramonycajal-terrassa\/wp-json\/wp\/v2\/pages\/1204\/revisions"}],"predecessor-version":[{"id":1207,"href":"https:\/\/agora.xtec.cat\/esc-ramonycajal-terrassa\/wp-json\/wp\/v2\/pages\/1204\/revisions\/1207"}],"up":[{"embeddable":true,"href":"https:\/\/agora.xtec.cat\/esc-ramonycajal-terrassa\/wp-json\/wp\/v2\/pages\/1193"}],"wp:attachment":[{"href":"https:\/\/agora.xtec.cat\/esc-ramonycajal-terrassa\/wp-json\/wp\/v2\/media?parent=1204"}],"curies":[{"name":"wp","href":"https:\/\/api.w.org\/{rel}","templated":true}]}}