{"id":1202,"date":"2020-11-11T17:36:40","date_gmt":"2020-11-11T16:36:40","guid":{"rendered":"https:\/\/agora.xtec.cat\/esc-ramonycajal-terrassa\/?page_id=1202"},"modified":"2020-11-16T12:51:48","modified_gmt":"2020-11-16T11:51:48","slug":"diferents-documents-traduits-sobre-la-covid-19","status":"publish","type":"page","link":"https:\/\/agora.xtec.cat\/esc-ramonycajal-terrassa\/espai-covid\/diferents-documents-traduits-sobre-la-covid-19\/","title":{"rendered":"Diferents documents tradu\u00efts sobre la Covid-19"},"content":{"rendered":"<p>Podreu trobar diferents documents tradu\u00efts i publicats relacionats amb la Covid-19 en el seg\u00fcent <a href=\"https:\/\/projectes.xtec.cat\/acollidasuport\/portada\/documentacio-families-i-escola-traduida\/\" target=\"_blank\" rel=\"noopener noreferrer\">ENLLA\u00c7<\/a><\/p>\n<p>&nbsp;<\/p>\n","protected":false},"excerpt":{"rendered":"<p>Podreu trobar diferents documents tradu\u00efts i publicats relacionats amb la Covid-19 en el seg\u00fcent <a href=\"https:\/\/projectes.xtec.cat\/acollidasuport\/portada\/documentacio-families-i-escola-traduida\/\" target=\"_blank\" rel=\"noopener noreferrer\">ENLLA\u00c7<\/a><br \/>\n&nbsp;<\/p>\n","protected":false},"author":6,"featured_media":0,"parent":1193,"menu_order":20,"comment_status":"closed","ping_status":"closed","template":"page-templates\/side-menu.php","meta":{"_bbp_topic_count":0,"_bbp_reply_count":0,"_bbp_total_topic_count":0,"_bbp_total_reply_count":0,"_bbp_voice_count":0,"_bbp_anonymous_reply_count":0,"_bbp_topic_count_hidden":0,"_bbp_reply_count_hidden":0,"_bbp_forum_subforum_count":0,"footnotes":""},"class_list":["post-1202","page","type-page","status-publish","hentry"],"post_mailing_queue_ids":[],"_links":{"self":[{"href":"https:\/\/agora.xtec.cat\/esc-ramonycajal-terrassa\/wp-json\/wp\/v2\/pages\/1202","targetHints":{"allow":["GET"]}}],"collection":[{"href":"https:\/\/agora.xtec.cat\/esc-ramonycajal-terrassa\/wp-json\/wp\/v2\/pages"}],"about":[{"href":"https:\/\/agora.xtec.cat\/esc-ramonycajal-terrassa\/wp-json\/wp\/v2\/types\/page"}],"author":[{"embeddable":true,"href":"https:\/\/agora.xtec.cat\/esc-ramonycajal-terrassa\/wp-json\/wp\/v2\/users\/6"}],"replies":[{"embeddable":true,"href":"https:\/\/agora.xtec.cat\/esc-ramonycajal-terrassa\/wp-json\/wp\/v2\/comments?post=1202"}],"version-history":[{"count":3,"href":"https:\/\/agora.xtec.cat\/esc-ramonycajal-terrassa\/wp-json\/wp\/v2\/pages\/1202\/revisions"}],"predecessor-version":[{"id":1222,"href":"https:\/\/agora.xtec.cat\/esc-ramonycajal-terrassa\/wp-json\/wp\/v2\/pages\/1202\/revisions\/1222"}],"up":[{"embeddable":true,"href":"https:\/\/agora.xtec.cat\/esc-ramonycajal-terrassa\/wp-json\/wp\/v2\/pages\/1193"}],"wp:attachment":[{"href":"https:\/\/agora.xtec.cat\/esc-ramonycajal-terrassa\/wp-json\/wp\/v2\/media?parent=1202"}],"curies":[{"name":"wp","href":"https:\/\/api.w.org\/{rel}","templated":true}]}}