{"id":1200,"date":"2020-11-11T17:03:58","date_gmt":"2020-11-11T16:03:58","guid":{"rendered":"https:\/\/agora.xtec.cat\/esc-ramonycajal-terrassa\/?page_id=1200"},"modified":"2020-11-11T17:03:58","modified_gmt":"2020-11-11T16:03:58","slug":"faqs-sobre-les-pcr","status":"publish","type":"page","link":"https:\/\/agora.xtec.cat\/esc-ramonycajal-terrassa\/espai-covid\/faqs-sobre-les-pcr\/","title":{"rendered":"FAQS sobre les PCR"},"content":{"rendered":"<p>Resposta a alguns dubtes respecte les PCR.<\/p>\n<p><b><u>QUE HAIG DE FER SI AL MEU FILL\/A LI FAN UNA PROVA DE PCR?<\/u><\/b><\/p>\n<p><u><b>SUP\u00d2SIT 1:<\/b><\/u><\/p>\n<p>El meu fill\/a t\u00e9 s\u00edmptomes compatibles amb la Covid-19 (mal de coll, mal de cap, febre, tos, &#8230;) i el porto al metge. Si li fan prova PCR,\u00a0<u><b>TOTS ELS GERMANS\/ES i resta de fam\u00edlia S&#8217;HAN DE QUEDAR A CASA\u00a0<\/b><\/u>a l&#8217;espera del resultat.<\/p>\n<p>&#8211; Si el resultat \u00e9s negatiu els germans\/es poden tornar a l&#8217;escola. I el fill\/a malalt\/a s&#8217;ha de recuperar i seguir les instruccions m\u00e8diques.<\/p>\n<p>&#8211; Si el resultat \u00e9s positiu, tota la fam\u00edlia ha de fer-se la PCR i el confinament que marqui salut.<\/p>\n<p><b><u>SUP\u00d2SIT 2:<\/u><\/b><\/p>\n<p>Es confina el grup estable de conviv\u00e8ncia del meu fill\/a per un positiu del mateix grup:<\/p>\n<p>&#8211; Aquest infant es queda confinat a casa i s&#8217;espera a saber el resultat de la PCR que es practica a tot el grup. S&#8217;ha de quedar a casa i no pot fer cap activitat extraescolar. Es recomana no tenir visites (ni d&#8217;amics ni de familiars). En aquest cas:<\/p>\n<p>&#8211; Si aquest infant\u00a0<b>no presenta cap s\u00edmptoma, els seus germans\/es PODEN ANAR A L&#8217;ESCOLA, mentre espera el resultat, ja que no s\u00f3n contactes directes.<\/b><\/p>\n<p>&#8211; Si aquest infant\u00a0<b>presenta s\u00edmptomes\u00a0<\/b>compatibles amb la Covid-19,\u00a0<b>els seus germans\/es NO PODEN ANAR A L&#8217;ESCOLA<\/b>, fins saber el resultat.<\/p>\n<p>&#8211; Si el resultat \u00e9s negatiu, nom\u00e9s cal que es faci els dies de confinament que el servei d&#8217;epidemiologia ha dictaminat i que la direcci\u00f3 a traslladat a les fam\u00edlies. Tamb\u00e9 s&#8217;ha d&#8217;enviar el document adjunt o l&#8217;SMS que indica que el resultat \u00e9s negatiu al correu de l&#8217;escola\u00a0 a8029386@xtec.cat<\/p>\n<p>&#8211; Si el resultat \u00e9s positiu, tota la fam\u00edlia ha de fer-se la PCR i el nou confinament que marqui salut.<\/p>\n","protected":false},"excerpt":{"rendered":"<p>Resposta a alguns dubtes respecte les PCR.<br \/>\nQUE HAIG DE FER SI AL MEU FILL\/A LI FAN UNA PROVA DE PCR?<br \/>\nSUP\u00d2SIT 1:<br \/>\nEl meu fill\/a t\u00e9 s\u00edmptomes compatibles amb la Covid-19 (mal de coll, mal de cap, febre, tos, &#8230;) i el porto al metge. Si li&hellip;  <a href=\"https:\/\/agora.xtec.cat\/esc-ramonycajal-terrassa\/espai-covid\/faqs-sobre-les-pcr\/\" title=\"Read FAQS sobre les PCR\">Llegeix m\u00e9s\u00bb<\/a><\/p>\n","protected":false},"author":6,"featured_media":0,"parent":1193,"menu_order":30,"comment_status":"closed","ping_status":"closed","template":"page-templates\/side-menu.php","meta":{"_bbp_topic_count":0,"_bbp_reply_count":0,"_bbp_total_topic_count":0,"_bbp_total_reply_count":0,"_bbp_voice_count":0,"_bbp_anonymous_reply_count":0,"_bbp_topic_count_hidden":0,"_bbp_reply_count_hidden":0,"_bbp_forum_subforum_count":0,"footnotes":""},"class_list":["post-1200","page","type-page","status-publish","hentry"],"post_mailing_queue_ids":[],"_links":{"self":[{"href":"https:\/\/agora.xtec.cat\/esc-ramonycajal-terrassa\/wp-json\/wp\/v2\/pages\/1200","targetHints":{"allow":["GET"]}}],"collection":[{"href":"https:\/\/agora.xtec.cat\/esc-ramonycajal-terrassa\/wp-json\/wp\/v2\/pages"}],"about":[{"href":"https:\/\/agora.xtec.cat\/esc-ramonycajal-terrassa\/wp-json\/wp\/v2\/types\/page"}],"author":[{"embeddable":true,"href":"https:\/\/agora.xtec.cat\/esc-ramonycajal-terrassa\/wp-json\/wp\/v2\/users\/6"}],"replies":[{"embeddable":true,"href":"https:\/\/agora.xtec.cat\/esc-ramonycajal-terrassa\/wp-json\/wp\/v2\/comments?post=1200"}],"version-history":[{"count":1,"href":"https:\/\/agora.xtec.cat\/esc-ramonycajal-terrassa\/wp-json\/wp\/v2\/pages\/1200\/revisions"}],"predecessor-version":[{"id":1201,"href":"https:\/\/agora.xtec.cat\/esc-ramonycajal-terrassa\/wp-json\/wp\/v2\/pages\/1200\/revisions\/1201"}],"up":[{"embeddable":true,"href":"https:\/\/agora.xtec.cat\/esc-ramonycajal-terrassa\/wp-json\/wp\/v2\/pages\/1193"}],"wp:attachment":[{"href":"https:\/\/agora.xtec.cat\/esc-ramonycajal-terrassa\/wp-json\/wp\/v2\/media?parent=1200"}],"curies":[{"name":"wp","href":"https:\/\/api.w.org\/{rel}","templated":true}]}}