{"id":1051,"date":"2020-10-21T18:41:20","date_gmt":"2020-10-21T16:41:20","guid":{"rendered":"https:\/\/agora.xtec.cat\/esc-ramonycajal-terrassa\/?page_id=1051"},"modified":"2020-10-21T18:57:31","modified_gmt":"2020-10-21T16:57:31","slug":"eines-gsuite-i-correu-escolar","status":"publish","type":"page","link":"https:\/\/agora.xtec.cat\/esc-ramonycajal-terrassa\/serveis-digitals\/eines-gsuite-i-correu-escolar\/","title":{"rendered":"Eines GSuite i correu escolar"},"content":{"rendered":"<p>Com b\u00e9 sabeu a l\u2019escola Ram\u00f3n y Cajal hem creat el nostre domini propi <strong>@ramonycajalterrassa.cat<\/strong> amb la finalitat d\u2019engegar un EVA (Entorn Virtual d\u2019Aprenentatge) on l\u2019alumnat i el personal docent pugui utilitzar un correu intern propi i unes eines d\u2019aprenentatge d\u2019\u00fas exclusiu dins de l\u2019\u00e0mbit escolar.<\/p>\n<p><strong>Perqu\u00e8 hem escollit Gsuite a l\u2019escola?<\/strong><\/p>\n<p>El Departament d\u2019Educaci\u00f3 proporciona diferents alternatives per implantar l\u2019EVA als centres educatius com Moodle o les Eines G Suite (Drive, Gmail, Classroom, Google docs,&#8230;) i deixa a l\u2019elecci\u00f3 de cada centre l\u2019entorn\u00a0 virtual que millor s\u2019adapti a les seves circumst\u00e0ncies i context per millorar l\u2019efici\u00e8ncia en la implantaci\u00f3 i \u00fas d\u2019aquestes. A l\u2019escola hem escollit preparar l\u2019entorn d\u2019aprenentatge de Google per les eines que inclou, la seva versatilitat, funcionalitat, validesa i seguretat.<\/p>\n<p>Tot l\u2019equip docent s\u2019ha estat formant durant aquest primer trimestre en l\u2019entorn virtual d\u2019aprenentatge del G-Suite for Education assessorat i acompanyat d\u2019una formaci\u00f3 digital interna de centre, dissenyada conjuntament amb el CRP de Terrassa que ja l\u2019ha implantat a altres escoles de la localitat i rodalies (amb una \u00e0mplia experi\u00e8ncia i formaci\u00f3 en entorns virtuals d\u2019aprenentatge escolar).<\/p>\n<p><strong>Que s\u00f3n les eines G Suite?<\/strong><\/p>\n<p>S\u00f3n un conjunt d\u2019eines molt \u00e0mplies que permeten a l\u2019usuari disposar de correu electr\u00f2nic, de l\u2019emmagatzematge al n\u00favol, de l\u2019\u00fas de documents de caire escolar, d\u2019un entorn virtual d\u2019aprenentatge que garanteixi el lliurament i l\u2019avaluaci\u00f3 de tasques virtuals i de l\u2019acc\u00e9s a videoconfer\u00e8ncies a trav\u00e9s del Meet.<\/p>\n<p><strong>Quines eines G Suite t\u00e9 activades el correu del nostre alumnat? <\/strong><\/p>\n<p>Amb la finalitat de refor\u00e7ar la protecci\u00f3 de dades i advocar per un bon \u00fas d\u2019aquesta plataforma per part de tots els membres de la comunitat educativa a l\u2019escola Ram\u00f3n y Cajal nom\u00e9s tenim activades les seg\u00fcents eines:<\/p>\n<ul>\n<li><strong>P3 i P4: <\/strong>Meet (incloent Google xat), Gmail, Calendar, Drive i documents de Google.<\/li>\n<li><strong>P5 i tots el cursos de l\u2019etapa d\u2019educaci\u00f3 prim\u00e0ria:<\/strong> Meet (incloent Google xat), Gmail, Calendar, Classroom, Drive i documents de Google.<\/li>\n<\/ul>\n<p>Amb aquestes restriccions ens assegurem que el nostre alumnat no accedeixi a cap contingut no recomanat per a la seva edat o que estigui fora de l\u2019\u00e0mbit educatiu. Tamb\u00e9 permet millorar la protecci\u00f3 de dades impedint a l\u2019alumnat accions com la desc\u00e0rrega d\u2019aplicacions de tercers o la creaci\u00f3 de perfils propis com per exemple la creaci\u00f3 de canals de Youtube.<\/p>\n<p><strong>Quines dades de l\u2019alumnat tenim a la consola d\u2019administraci\u00f3 ? <\/strong><\/p>\n<p>Per crear el correu educatiu hem introdu\u00eft a la consola d\u2019administraci\u00f3 \u00fanicament les dades de nom, cognom, curs i correu creat per a cada membre de la comunitat educativa.<\/p>\n<p><strong>Compleix G Suite per educaci\u00f3 amb les lleis de protecci\u00f3 de dades?<\/strong><\/p>\n<p>G Suite en l\u2019\u00e0mbit escolar cedeix el control de les dades i l\u2019administraci\u00f3 a l\u2019escola. El proc\u00e9s de registre \u00e9s exhaustiu, obliga al centre educatiu a presentar informaci\u00f3 que demostri que aquestes eines seran utilitzades en un context educatiu i s\u00f3n contrastades abans de la seva activaci\u00f3.<\/p>\n<p>A continuaci\u00f3 afegim diferents fonts d\u2019informaci\u00f3 sobre Gsuite i la protecci\u00f3 de dades:<\/p>\n<ul>\n<li>Centro Criptol\u00f3gico Nacional:\u00a0<strong><a href=\"https:\/\/www.ccn-cert.cni.es\/seguridad-al-dia\/avisos-ccn-cert\/10208-ccn-cert-av-53-20-seguridad-y-cumplimiento-normativo-en-google-classroom.html\" target=\"_blank\" rel=\"noopener noreferrer\">Enlla\u00e7 <\/a><\/strong>Sobre la seguretat i compliment normatiu de Classroom.<\/li>\n<li>Informe (un poc m\u00e9s complet) del Centro Criptol\u00f3gico Nacional:\u00a0<strong><a href=\"https:\/\/www.ccn-cert.cni.es\/informes\/abstracts\/5072-google-classroom-seguridad-y-cumplimiento-normativo\/file.html\" target=\"_blank\" rel=\"noopener noreferrer\">Enlla\u00e7<\/a><\/strong> Sobre la seguretat i compliment normatiu de Classroom.<\/li>\n<li>Ieducando:\u00a0<strong><a href=\"https:\/\/ieducando.com\/nuestro-blog\/2019\/09\/17\/es-g-suite-seguro\" target=\"_blank\" rel=\"noopener noreferrer\">Enlla\u00e7 <\/a><\/strong>Article de Ieducando (consultor educatiu de Google) que resol dubtes sobre la seguretat de GSuite.<\/li>\n<li>Google &#8211;&gt; Centre de privacitat i seguretat de Google:\u00a0<strong><a href=\"https:\/\/edu.google.com\/intl\/es-419\/why-google\/privacy-security\/?modal_active=none\" target=\"_blank\" rel=\"noopener noreferrer\">Enlla\u00e7 <\/a><\/strong>Referent a preguntes i q\u00fcestions sobre GSuite per l&#8217;educaci\u00f3.<\/li>\n<li>EVA Departament Educaci\u00f3:\u00a0<strong><a href=\"http:\/\/xtec.gencat.cat\/ca\/recursos\/actuacio-extraordinaria-activitats-autoaprenentatge\/entorns-aprenentatge\/\" target=\"_blank\" rel=\"noopener noreferrer\">Enlla\u00e7<\/a><\/strong><\/li>\n<li>Orientacions per personalitzar els EVA en entorns educatius:\u00a0<strong><a href=\"http:\/\/xtec.gencat.cat\/web\/.content\/centres\/centres-educatius-en-linia\/Orientacions-per-a-la-personalitzacio-entorn-virtual-aprenentatge.pdf\" target=\"_blank\" rel=\"noopener noreferrer\">Enlla\u00e7<\/a><\/strong><\/li>\n<\/ul>\n<p>&nbsp;<\/p>\n<p><strong>Qui gestiona aquestes dades? <\/strong><\/p>\n<p>Aquestes dades s\u00f3n gestionades per l\u2019escola des de la consola d\u2019administraci\u00f3 i per tant \u00e9s l\u2019escola l\u2019\u00fanic organisme que hi t\u00e9 acc\u00e9s. Les dades no es comparteixen amb cap altra entitat, incl\u00f2s Google.<\/p>\n<p>En aquest enlla\u00e7 podeu trobar m\u00e9s informaci\u00f3 sobre la gesti\u00f3 i protecci\u00f3 de dades de GSuite aix\u00ed com el seu comprom\u00eds:<\/p>\n<p><a href=\"https:\/\/edu.google.com\/intl\/es-419\/why-google\/privacy-security\/?modal_active=none\" target=\"_blank\" rel=\"noopener noreferrer\"><strong>Informaci\u00f3 gesti\u00f3 i protecci\u00f3 de dades GSuite for Education<\/strong><\/a><\/p>\n<p><strong>Quan comen\u00e7ar\u00e0 el centre a utilitzar aquest EVA?<\/strong><\/p>\n<p>Hem preparat aquest entorn d\u2019aprenentatge a l\u2019escola per poder garantir un espai de trobada i de comunicaci\u00f3 a Internet on t\u00e9 lloc l\u2019ensenyament i l\u2019aprenentatge. Aquest entorn ens permet garantir:<\/p>\n<ul>\n<li>La funcionalitat de comunicaci\u00f3: missatgeria<\/li>\n<li>La funcionalitat per facilitar l\u2019aprenentatge: recursos i activitats diverses (enlla\u00e7os, fitxers, p\u00e0gines webs, presentacions\u2026)<\/li>\n<li>La funcionalitat d\u2019organitzaci\u00f3 i de gesti\u00f3: calendari, agenda, tauler de not\u00edcies, avaluacions&#8230;<\/li>\n<\/ul>\n<p>Tot i que l\u2019entorn est\u00e0 preparat per fer \u00fas d\u2019ell, quedar\u00e0 a l\u2019elecci\u00f3 de la comissi\u00f3 pedag\u00f2gica quan i com comen\u00e7ar\u00e0 a utilitzar-se per a qu\u00e8 l\u2019alumnat vagi familiaritzant-se en aquest nou entorn d\u2019aprenentatge.<\/p>\n<p>Seran els\/les tutor\/es els que donaran instruccions a l\u2019alumnat per comen\u00e7ar a utilitzar-les segons les necessitats de cada nivell de les diferents etapes i cicles educatius.<\/p>\n","protected":false},"excerpt":{"rendered":"<p>Com b\u00e9 sabeu a l\u2019escola Ram\u00f3n y Cajal hem creat el nostre domini propi @ramonycajalterrassa.cat amb la finalitat d\u2019engegar un EVA (Entorn Virtual d\u2019Aprenentatge) on l\u2019alumnat i el personal docent pugui utilitzar un correu intern propi i unes eines d\u2019aprenentatge d\u2019\u00fas exclusiu dins de l\u2019\u00e0mbit&hellip;  <a href=\"https:\/\/agora.xtec.cat\/esc-ramonycajal-terrassa\/serveis-digitals\/eines-gsuite-i-correu-escolar\/\" title=\"Read Eines GSuite i correu escolar\">Llegeix m\u00e9s\u00bb<\/a><\/p>\n","protected":false},"author":7,"featured_media":0,"parent":71,"menu_order":30,"comment_status":"closed","ping_status":"closed","template":"page-templates\/side-menu.php","meta":{"_bbp_topic_count":0,"_bbp_reply_count":0,"_bbp_total_topic_count":0,"_bbp_total_reply_count":0,"_bbp_voice_count":0,"_bbp_anonymous_reply_count":0,"_bbp_topic_count_hidden":0,"_bbp_reply_count_hidden":0,"_bbp_forum_subforum_count":0,"footnotes":""},"class_list":["post-1051","page","type-page","status-publish","hentry"],"post_mailing_queue_ids":[],"_links":{"self":[{"href":"https:\/\/agora.xtec.cat\/esc-ramonycajal-terrassa\/wp-json\/wp\/v2\/pages\/1051","targetHints":{"allow":["GET"]}}],"collection":[{"href":"https:\/\/agora.xtec.cat\/esc-ramonycajal-terrassa\/wp-json\/wp\/v2\/pages"}],"about":[{"href":"https:\/\/agora.xtec.cat\/esc-ramonycajal-terrassa\/wp-json\/wp\/v2\/types\/page"}],"author":[{"embeddable":true,"href":"https:\/\/agora.xtec.cat\/esc-ramonycajal-terrassa\/wp-json\/wp\/v2\/users\/7"}],"replies":[{"embeddable":true,"href":"https:\/\/agora.xtec.cat\/esc-ramonycajal-terrassa\/wp-json\/wp\/v2\/comments?post=1051"}],"version-history":[{"count":3,"href":"https:\/\/agora.xtec.cat\/esc-ramonycajal-terrassa\/wp-json\/wp\/v2\/pages\/1051\/revisions"}],"predecessor-version":[{"id":1056,"href":"https:\/\/agora.xtec.cat\/esc-ramonycajal-terrassa\/wp-json\/wp\/v2\/pages\/1051\/revisions\/1056"}],"up":[{"embeddable":true,"href":"https:\/\/agora.xtec.cat\/esc-ramonycajal-terrassa\/wp-json\/wp\/v2\/pages\/71"}],"wp:attachment":[{"href":"https:\/\/agora.xtec.cat\/esc-ramonycajal-terrassa\/wp-json\/wp\/v2\/media?parent=1051"}],"curies":[{"name":"wp","href":"https:\/\/api.w.org\/{rel}","templated":true}]}}