{"id":80,"date":"2014-09-18T14:09:48","date_gmt":"2014-09-18T13:09:48","guid":{"rendered":"http:\/\/agora.xtec.cat\/ceiprafaelcasanova\/?page_id=80"},"modified":"2024-12-03T14:59:10","modified_gmt":"2024-12-03T13:59:10","slug":"passejadesperlescola","status":"publish","type":"page","link":"https:\/\/agora.xtec.cat\/esc-rafaelcasanova-badalona\/families\/passejadesperlescola\/","title":{"rendered":"Passejades per l\u00b4escola"},"content":{"rendered":"<p><span style=\"font-weight: 400;\">Creiem que cal que les fam\u00edlies estiguin informades dels esdeveniments, les accions, els canvis i les decisions que anem prenent. \u00c9s per aix\u00f2 que organitzem uns passejos per l\u2019escola, per tal de poder mostrar els espais i poder explicar a les fam\u00edlies les activitats que fem i per qu\u00e8 les fem d\u2019aquesta manera.<\/span><\/p>\n<p>&nbsp;<\/p>\n<p><a href=\"https:\/\/agora.xtec.cat\/ceiprafaelcasanova\/wp-content\/uploads\/usu2919\/2021\/11\/Foto-passejades.png\"><img loading=\"lazy\" decoding=\"async\" class=\"aligncenter wp-image-675 size-large\" src=\"https:\/\/agora.xtec.cat\/ceiprafaelcasanova\/wp-content\/uploads\/usu2919\/2021\/11\/Foto-passejades-1024x1024.png\" alt=\"\" width=\"1024\" height=\"1024\" srcset=\"https:\/\/agora.xtec.cat\/esc-rafaelcasanova-badalona\/wp-content\/uploads\/usu2919\/2021\/11\/Foto-passejades-1024x1024.png 1024w, https:\/\/agora.xtec.cat\/esc-rafaelcasanova-badalona\/wp-content\/uploads\/usu2919\/2021\/11\/Foto-passejades-300x300.png 300w, https:\/\/agora.xtec.cat\/esc-rafaelcasanova-badalona\/wp-content\/uploads\/usu2919\/2021\/11\/Foto-passejades-150x150.png 150w, https:\/\/agora.xtec.cat\/esc-rafaelcasanova-badalona\/wp-content\/uploads\/usu2919\/2021\/11\/Foto-passejades-768x768.png 768w, https:\/\/agora.xtec.cat\/esc-rafaelcasanova-badalona\/wp-content\/uploads\/usu2919\/2021\/11\/Foto-passejades.png 1080w\" sizes=\"auto, (max-width: 1024px) 100vw, 1024px\" \/><\/a><\/p>\n","protected":false},"excerpt":{"rendered":"<p>Creiem que cal que les fam\u00edlies estiguin informades dels esdeveniments, les accions, els canvis i les decisions que anem prenent. \u00c9s per aix\u00f2 que organitzem uns passejos per l\u2019escola, per tal de poder mostrar els espais i poder explicar a les fam\u00edlies les activitats que&hellip;  <a href=\"https:\/\/agora.xtec.cat\/esc-rafaelcasanova-badalona\/families\/passejadesperlescola\/\" title=\"Read Passejades per l\u00b4escola\">Llegeix m\u00e9s\u00bb<\/a><\/p>\n","protected":false},"author":1,"featured_media":0,"parent":543,"menu_order":10,"comment_status":"closed","ping_status":"closed","template":"page-templates\/side-menu.php","meta":{"_bbp_topic_count":0,"_bbp_reply_count":0,"_bbp_total_topic_count":0,"_bbp_total_reply_count":0,"_bbp_voice_count":0,"_bbp_anonymous_reply_count":0,"_bbp_topic_count_hidden":0,"_bbp_reply_count_hidden":0,"_bbp_forum_subforum_count":0,"footnotes":""},"class_list":["post-80","page","type-page","status-publish","hentry"],"post_mailing_queue_ids":[],"_links":{"self":[{"href":"https:\/\/agora.xtec.cat\/esc-rafaelcasanova-badalona\/wp-json\/wp\/v2\/pages\/80","targetHints":{"allow":["GET"]}}],"collection":[{"href":"https:\/\/agora.xtec.cat\/esc-rafaelcasanova-badalona\/wp-json\/wp\/v2\/pages"}],"about":[{"href":"https:\/\/agora.xtec.cat\/esc-rafaelcasanova-badalona\/wp-json\/wp\/v2\/types\/page"}],"author":[{"embeddable":true,"href":"https:\/\/agora.xtec.cat\/esc-rafaelcasanova-badalona\/wp-json\/wp\/v2\/users\/1"}],"replies":[{"embeddable":true,"href":"https:\/\/agora.xtec.cat\/esc-rafaelcasanova-badalona\/wp-json\/wp\/v2\/comments?post=80"}],"version-history":[{"count":5,"href":"https:\/\/agora.xtec.cat\/esc-rafaelcasanova-badalona\/wp-json\/wp\/v2\/pages\/80\/revisions"}],"predecessor-version":[{"id":1855,"href":"https:\/\/agora.xtec.cat\/esc-rafaelcasanova-badalona\/wp-json\/wp\/v2\/pages\/80\/revisions\/1855"}],"up":[{"embeddable":true,"href":"https:\/\/agora.xtec.cat\/esc-rafaelcasanova-badalona\/wp-json\/wp\/v2\/pages\/543"}],"wp:attachment":[{"href":"https:\/\/agora.xtec.cat\/esc-rafaelcasanova-badalona\/wp-json\/wp\/v2\/media?parent=80"}],"curies":[{"name":"wp","href":"https:\/\/api.w.org\/{rel}","templated":true}]}}