{"id":587,"date":"2021-10-31T08:43:19","date_gmt":"2021-10-31T07:43:19","guid":{"rendered":"https:\/\/agora.xtec.cat\/ceiprafaelcasanova\/?page_id=587"},"modified":"2023-06-27T06:50:46","modified_gmt":"2023-06-27T04:50:46","slug":"eixos-curriculars","status":"publish","type":"page","link":"https:\/\/agora.xtec.cat\/esc-rafaelcasanova-badalona\/projecte-educatiu\/eixos-curriculars\/","title":{"rendered":"Organitzaci\u00f3 metodol\u00f2gica"},"content":{"rendered":"<p style=\"text-align: justify;\"><span style=\"font-weight: 400;\">La nostra idea gira sempre al voltant\u00a0 de quina \u00e9s la millor manera d&#8217;aconseguir infants competents en diferents \u00e0mbits. Gr\u00e0cies als estudis de la neuroci\u00e8ncia sabem que les persones adquirim coneixement a l&#8217;experimentar i sobretot\u00a0 partint de les nostres emocions. Est\u00e0 demostrat que un ambient d\u2019aprenen<\/span>tatge equilibrat i motivador dona peu a un aprenentatge m\u00e9s significatiu. Els experts ens diuen que per crear xarxes\u00a0 neuronals, el cervell necessita d\u2019experi\u00e8ncies noves.<\/p>\n<p><img loading=\"lazy\" decoding=\"async\" class=\"alignright wp-image-1682\" src=\"https:\/\/agora.xtec.cat\/esc-rafaelcasanova-badalona\/wp-content\/uploads\/usu2919\/2023\/02\/BLANC-I-NEGRE-NENS.jpg\" alt=\"\" width=\"362\" height=\"383\" srcset=\"https:\/\/agora.xtec.cat\/esc-rafaelcasanova-badalona\/wp-content\/uploads\/usu2919\/2023\/02\/BLANC-I-NEGRE-NENS.jpg 827w, https:\/\/agora.xtec.cat\/esc-rafaelcasanova-badalona\/wp-content\/uploads\/usu2919\/2023\/02\/BLANC-I-NEGRE-NENS-284x300.jpg 284w, https:\/\/agora.xtec.cat\/esc-rafaelcasanova-badalona\/wp-content\/uploads\/usu2919\/2023\/02\/BLANC-I-NEGRE-NENS-768x813.jpg 768w\" sizes=\"auto, (max-width: 362px) 100vw, 362px\" \/><\/p>\n<p style=\"text-align: justify;\"><span style=\"font-weight: 400;\">Basant-nos en aix\u00f2 incorporem la sorpresa i la curiositat a les nostres propostes d\u2019aprenentatge\u00a0 i als nostres espais preparats. Mirem amb molta cura com realitzem la presentaci\u00f3 dels sabers que s\u2019han de treballar.<\/span><\/p>\n<p style=\"text-align: justify;\"><span style=\"font-weight: 400;\">Partim d\u2019una situaci\u00f3 problema que de forma habitual proposa els infants un repte, una provocaci\u00f3, una pregunta que han de resoldre mitjan\u00e7ant els coneixements que tenen i aquells que han d&#8217;assolir.<\/span><\/p>\n<p><span style=\"font-weight: 400;\">Nosaltres pensem que la sorpresa porta a la curiositat, la curiositat desperta la motivaci\u00f3 i la motivaci\u00f3 fomenta l\u2019aprenentatge.<\/span><\/p>\n<p style=\"text-align: justify;\"><span style=\"font-weight: 400;\">El component social i la relaci\u00f3 entre iguals a les propostes de treball tamb\u00e9 fomenten habilitats i capacitats socials que faran que l\u2019aprenentatge assolit sigui de millor qualitat.<\/span><\/p>\n","protected":false},"excerpt":{"rendered":"<p>La nostra idea gira sempre al voltant\u00a0 de quina \u00e9s la millor manera d&#8217;aconseguir infants competents en diferents \u00e0mbits. Gr\u00e0cies als estudis de la neuroci\u00e8ncia sabem que les persones adquirim coneixement a l&#8217;experimentar i sobretot\u00a0 partint de les nostres emocions. Est\u00e0 demostrat que un ambient&hellip;  <a href=\"https:\/\/agora.xtec.cat\/esc-rafaelcasanova-badalona\/projecte-educatiu\/eixos-curriculars\/\" title=\"Read Organitzaci\u00f3 metodol\u00f2gica\">Llegeix m\u00e9s\u00bb<\/a><\/p>\n","protected":false},"author":1,"featured_media":0,"parent":64,"menu_order":4,"comment_status":"closed","ping_status":"closed","template":"page-templates\/side-menu.php","meta":{"_bbp_topic_count":0,"_bbp_reply_count":0,"_bbp_total_topic_count":0,"_bbp_total_reply_count":0,"_bbp_voice_count":0,"_bbp_anonymous_reply_count":0,"_bbp_topic_count_hidden":0,"_bbp_reply_count_hidden":0,"_bbp_forum_subforum_count":0,"footnotes":""},"class_list":["post-587","page","type-page","status-publish","hentry"],"post_mailing_queue_ids":[],"_links":{"self":[{"href":"https:\/\/agora.xtec.cat\/esc-rafaelcasanova-badalona\/wp-json\/wp\/v2\/pages\/587","targetHints":{"allow":["GET"]}}],"collection":[{"href":"https:\/\/agora.xtec.cat\/esc-rafaelcasanova-badalona\/wp-json\/wp\/v2\/pages"}],"about":[{"href":"https:\/\/agora.xtec.cat\/esc-rafaelcasanova-badalona\/wp-json\/wp\/v2\/types\/page"}],"author":[{"embeddable":true,"href":"https:\/\/agora.xtec.cat\/esc-rafaelcasanova-badalona\/wp-json\/wp\/v2\/users\/1"}],"replies":[{"embeddable":true,"href":"https:\/\/agora.xtec.cat\/esc-rafaelcasanova-badalona\/wp-json\/wp\/v2\/comments?post=587"}],"version-history":[{"count":4,"href":"https:\/\/agora.xtec.cat\/esc-rafaelcasanova-badalona\/wp-json\/wp\/v2\/pages\/587\/revisions"}],"predecessor-version":[{"id":1759,"href":"https:\/\/agora.xtec.cat\/esc-rafaelcasanova-badalona\/wp-json\/wp\/v2\/pages\/587\/revisions\/1759"}],"up":[{"embeddable":true,"href":"https:\/\/agora.xtec.cat\/esc-rafaelcasanova-badalona\/wp-json\/wp\/v2\/pages\/64"}],"wp:attachment":[{"href":"https:\/\/agora.xtec.cat\/esc-rafaelcasanova-badalona\/wp-json\/wp\/v2\/media?parent=587"}],"curies":[{"name":"wp","href":"https:\/\/api.w.org\/{rel}","templated":true}]}}