{"id":543,"date":"2021-10-16T13:22:27","date_gmt":"2021-10-16T11:22:27","guid":{"rendered":"https:\/\/agora.xtec.cat\/ceiprafaelcasanova\/?page_id=543"},"modified":"2021-11-07T11:32:20","modified_gmt":"2021-11-07T10:32:20","slug":"families","status":"publish","type":"page","link":"https:\/\/agora.xtec.cat\/esc-rafaelcasanova-badalona\/families\/","title":{"rendered":"Fam\u00edlies"},"content":{"rendered":"<p>Creiem que l&#8217;acompanyament de les fam\u00edlies \u00e9s necessari i indispensable per ajudar-nos a desenvolupar el projecte educatiu. Per tant, creiem que la vostra participaci\u00f3 \u00e9s essencial per promoure relacions de confian\u00e7a conjuntes amb l&#8217;equip pedag\u00f2gic i els infants.<\/p>\n<p>Amb el nostre projecte pedag\u00f2gic volem estimular la implicaci\u00f3 i la corresponsabilitat de tots els agents educatius: vosaltres les fam\u00edlies, l&#8217;equip docent i els infants.<\/p>\n<p>&nbsp;<\/p>\n","protected":false},"excerpt":{"rendered":"<p>Creiem que l&#8217;acompanyament de les fam\u00edlies \u00e9s necessari i indispensable per ajudar-nos a desenvolupar el projecte educatiu. Per tant, creiem que la vostra participaci\u00f3 \u00e9s essencial per promoure relacions de confian\u00e7a conjuntes amb l&#8217;equip pedag\u00f2gic i els infants.<br \/>\nAmb el nostre projecte pedag\u00f2gic volem estimular la&hellip;  <a href=\"https:\/\/agora.xtec.cat\/esc-rafaelcasanova-badalona\/families\/\" title=\"Read Fam\u00edlies\">Llegeix m\u00e9s\u00bb<\/a><\/p>\n","protected":false},"author":1,"featured_media":0,"parent":0,"menu_order":0,"comment_status":"closed","ping_status":"closed","template":"page-templates\/side-menu.php","meta":{"_bbp_topic_count":0,"_bbp_reply_count":0,"_bbp_total_topic_count":0,"_bbp_total_reply_count":0,"_bbp_voice_count":0,"_bbp_anonymous_reply_count":0,"_bbp_topic_count_hidden":0,"_bbp_reply_count_hidden":0,"_bbp_forum_subforum_count":0,"footnotes":""},"class_list":["post-543","page","type-page","status-publish","hentry"],"post_mailing_queue_ids":[],"_links":{"self":[{"href":"https:\/\/agora.xtec.cat\/esc-rafaelcasanova-badalona\/wp-json\/wp\/v2\/pages\/543","targetHints":{"allow":["GET"]}}],"collection":[{"href":"https:\/\/agora.xtec.cat\/esc-rafaelcasanova-badalona\/wp-json\/wp\/v2\/pages"}],"about":[{"href":"https:\/\/agora.xtec.cat\/esc-rafaelcasanova-badalona\/wp-json\/wp\/v2\/types\/page"}],"author":[{"embeddable":true,"href":"https:\/\/agora.xtec.cat\/esc-rafaelcasanova-badalona\/wp-json\/wp\/v2\/users\/1"}],"replies":[{"embeddable":true,"href":"https:\/\/agora.xtec.cat\/esc-rafaelcasanova-badalona\/wp-json\/wp\/v2\/comments?post=543"}],"version-history":[{"count":3,"href":"https:\/\/agora.xtec.cat\/esc-rafaelcasanova-badalona\/wp-json\/wp\/v2\/pages\/543\/revisions"}],"predecessor-version":[{"id":669,"href":"https:\/\/agora.xtec.cat\/esc-rafaelcasanova-badalona\/wp-json\/wp\/v2\/pages\/543\/revisions\/669"}],"wp:attachment":[{"href":"https:\/\/agora.xtec.cat\/esc-rafaelcasanova-badalona\/wp-json\/wp\/v2\/media?parent=543"}],"curies":[{"name":"wp","href":"https:\/\/api.w.org\/{rel}","templated":true}]}}