{"id":32,"date":"2014-09-18T12:31:33","date_gmt":"2014-09-18T11:31:33","guid":{"rendered":"http:\/\/agora.xtec.cat\/ceiprafaelcasanova\/?page_id=32"},"modified":"2024-09-13T11:32:39","modified_gmt":"2024-09-13T09:32:39","slug":"calendari-del-curs","status":"publish","type":"page","link":"https:\/\/agora.xtec.cat\/esc-rafaelcasanova-badalona\/lescola\/calendari-del-curs\/","title":{"rendered":"Calendari del curs"},"content":{"rendered":"<h4><strong>Inici de curs:<\/strong><\/h4>\n<p>9 de setembre del 2024<\/p>\n<h4><strong>Vacances:<\/strong><\/h4>\n<p>Del 21 de desembre del 2024 al 7 de gener del 2025\u00a0 (ambd\u00f3s inclosos)<\/p>\n<p>Del 12 al 21 d&#8217;abril del 2025 (ambd\u00f3s inclosos)<\/p>\n<p>A partir del 21 de juny del 2025<\/p>\n<h4><strong>Dies festius de\u00a0<\/strong><\/h4>\n<p>11 de setembre del 2024<\/p>\n<p>1 de novembre del 2024<\/p>\n<p>6 de desembre del 2024<\/p>\n<p>1 de maig del 2025<\/p>\n<p>12 de maig del 2025 (Festa local per confirmar)<\/p>\n<p>9 de juny del 2025 (Festa local)<\/p>\n<p>&nbsp;<\/p>\n<h4><strong>Dies lliure disposici\u00f3:<\/strong><\/h4>\n<p>4 de novembre del 2024<\/p>\n<p>14 de febrer del 2025<\/p>\n<p>3 de mar\u00e7 del 2025<\/p>\n<p>2 de maig del 2025<\/p>\n<h4><strong>Jornada intensiva:<\/strong><\/h4>\n<p>20 de desembre de 2024 i del 10 al 20 de juny del 2025 (ambd\u00f3s inclosos).<\/p>\n<p>L\u2019<b>horari lectiu<\/b> del centre \u00e9s de 9 a 12,30h i de 15,00 a 16,30h per a tot l&#8217;alumnat del centre. El dia 20 de desembre del 2024 i a partir del 10 de juny del 2024 es realitza horari intensiu de 9 a 13h. (Els infants que fan \u00fas de l&#8217;espai de migdia surten a les 15:30h.)<\/p>\n<p>Per als alumnes que inicien l\u2019escolaritzaci\u00f3 a I3 s\u2019organitza un breu per\u00edode de familiaritzaci\u00f3 que suposa una certa modificaci\u00f3 dels horaris dels tres primers dies de classe, i que es fa saber a les fam\u00edlies en les reunions pr\u00e8vies corresponents.<\/p>\n","protected":false},"excerpt":{"rendered":"<p>Inici de curs:<br \/>\n9 de setembre del 2024<br \/>\nVacances:<br \/>\nDel 21 de desembre del 2024 al 7 de gener del 2025\u00a0 (ambd\u00f3s inclosos)<br \/>\nDel 12 al 21 d&#8217;abril del 2025 (ambd\u00f3s inclosos)<br \/>\nA partir del 21 de juny del 2025<br \/>\nDies festius de\u00a0<br \/>\n11 de setembre del 2024<br \/>\n1 de novembre del 2024<br \/>\n6&hellip;  <a href=\"https:\/\/agora.xtec.cat\/esc-rafaelcasanova-badalona\/lescola\/calendari-del-curs\/\" title=\"Read Calendari del curs\">Llegeix m\u00e9s\u00bb<\/a><\/p>\n","protected":false},"author":1,"featured_media":0,"parent":22,"menu_order":40,"comment_status":"closed","ping_status":"closed","template":"page-templates\/side-menu.php","meta":{"_bbp_topic_count":0,"_bbp_reply_count":0,"_bbp_total_topic_count":0,"_bbp_total_reply_count":0,"_bbp_voice_count":0,"_bbp_anonymous_reply_count":0,"_bbp_topic_count_hidden":0,"_bbp_reply_count_hidden":0,"_bbp_forum_subforum_count":0,"footnotes":""},"class_list":["post-32","page","type-page","status-publish","hentry"],"post_mailing_queue_ids":[],"_links":{"self":[{"href":"https:\/\/agora.xtec.cat\/esc-rafaelcasanova-badalona\/wp-json\/wp\/v2\/pages\/32","targetHints":{"allow":["GET"]}}],"collection":[{"href":"https:\/\/agora.xtec.cat\/esc-rafaelcasanova-badalona\/wp-json\/wp\/v2\/pages"}],"about":[{"href":"https:\/\/agora.xtec.cat\/esc-rafaelcasanova-badalona\/wp-json\/wp\/v2\/types\/page"}],"author":[{"embeddable":true,"href":"https:\/\/agora.xtec.cat\/esc-rafaelcasanova-badalona\/wp-json\/wp\/v2\/users\/1"}],"replies":[{"embeddable":true,"href":"https:\/\/agora.xtec.cat\/esc-rafaelcasanova-badalona\/wp-json\/wp\/v2\/comments?post=32"}],"version-history":[{"count":6,"href":"https:\/\/agora.xtec.cat\/esc-rafaelcasanova-badalona\/wp-json\/wp\/v2\/pages\/32\/revisions"}],"predecessor-version":[{"id":1844,"href":"https:\/\/agora.xtec.cat\/esc-rafaelcasanova-badalona\/wp-json\/wp\/v2\/pages\/32\/revisions\/1844"}],"up":[{"embeddable":true,"href":"https:\/\/agora.xtec.cat\/esc-rafaelcasanova-badalona\/wp-json\/wp\/v2\/pages\/22"}],"wp:attachment":[{"href":"https:\/\/agora.xtec.cat\/esc-rafaelcasanova-badalona\/wp-json\/wp\/v2\/media?parent=32"}],"curies":[{"name":"wp","href":"https:\/\/api.w.org\/{rel}","templated":true}]}}