{"id":1760,"date":"2023-06-30T08:49:58","date_gmt":"2023-06-30T06:49:58","guid":{"rendered":"https:\/\/agora.xtec.cat\/esc-rafaelcasanova-badalona\/?page_id=1760"},"modified":"2023-06-30T10:09:08","modified_gmt":"2023-06-30T08:09:08","slug":"pmoe-proa-pla-de-millora-doportunitats-educatives","status":"publish","type":"page","link":"https:\/\/agora.xtec.cat\/esc-rafaelcasanova-badalona\/projecte-educatiu\/pmoe-proa-pla-de-millora-doportunitats-educatives\/","title":{"rendered":"PMOE &#8211; PROA+ (Pla de Millora d&#8217;Oportunitats Educatives)"},"content":{"rendered":"<p style=\"text-align: justify;\">El Departament d&#8217;Educaci\u00f3 a trav\u00e9s de la Resoluci\u00f3 EDU\/2694\/2021, de 30 d&#8217;agost, regula el Pla de millora d&#8217;oportunitats educatives (PMOE) per al curs 2021-2022, en el marc de les mesures adoptades pel Departament d&#8217;Educaci\u00f3 per pal\u00b7liar els efectes desfavorables per la covid-19.<\/p>\n<p style=\"text-align: justify;\">D&#8217;altra banda, el Ministeri d&#8217;Educaci\u00f3 i Formaci\u00f3 Professional ha aprovat el Programa de cooperaci\u00f3 territorial per a l&#8217;orientaci\u00f3, l&#8217;aven\u00e7 i l&#8217;enriquiment educatiu PROA+, en el marc del component 21 &#8220;Modernitzaci\u00f3 i digitalitzaci\u00f3 del sistema educatiu, inclosa l&#8217;educaci\u00f3 primerenca de 0-3 anys&#8221;, amb car\u00e0cter plurianual, 2021-2024.<\/p>\n<p style=\"text-align: justify;\">Atesa la coincid\u00e8ncia entre el PMOE i el PROA + (2021-2024) en relaci\u00f3 amb els seus objectius, destinataris i cat\u00e0leg d&#8217;actuacions, es considera adient integrar el Programa del Ministeri d&#8217;Educaci\u00f3 i Formaci\u00f3 Professional PROA+ en el PMOE.<\/p>\n<p style=\"text-align: justify;\">El Pla t\u00e9 com a persones destinat\u00e0ries l&#8217;alumnat d&#8217;educaci\u00f3 infantil, prim\u00e0ria, secund\u00e0ria i formaci\u00f3 professional de grau b\u00e0sic, dels centres del Servei d&#8217;Educaci\u00f3 de Catalunya amb m\u00e9s complexitat educativa derivada de les condicions socioecon\u00f2miques desafavorides de l&#8217;alumnat, d&#8217;acord amb el darrer estudi de complexitat del Consell Superior d&#8217;Avaluaci\u00f3 del Sistema Educatiu elaborat l&#8217;any 2020.<\/p>\n<p><strong>Objectius:<\/strong><\/p>\n<ul>\n<li style=\"text-align: justify;\">Contribuir a la millora de l&#8217;equitat en l&#8217;acc\u00e9s a oportunitats educatives i a l&#8217;\u00e8xit escolar de tot l&#8217;alumnat amb l&#8217;enfortiment dels centres educatius p\u00fablics de m\u00e9s complexitat educativa del Servei d&#8217;Educaci\u00f3 de Catalunya per tal que disposin dels recursos necessaris per compensar les necessitats i desigualtats educatives de l&#8217;alumnat i les seves fam\u00edlies.<\/li>\n<li style=\"text-align: justify;\">Integrar el Programa de cooperaci\u00f3 territorial per a l&#8217;orientaci\u00f3, l&#8217;aven\u00e7 i l&#8217;enriquiment educatiu PROA+ en el Pla de millora d&#8217;oportunitats educatives PMOE.<\/li>\n<li style=\"text-align: justify;\">Refor\u00e7ar l&#8217;atenci\u00f3 de l&#8217;alumnat amb necessitats espec\u00edfiques de suport educatiu i millorar l&#8217;enfocament inclusiu.<\/li>\n<li style=\"text-align: justify;\">Refor\u00e7ar la dimensi\u00f3 comunit\u00e0ria de l&#8217;acci\u00f3 educativa.<\/li>\n<\/ul>\n","protected":false},"excerpt":{"rendered":"<p>El Departament d&#8217;Educaci\u00f3 a trav\u00e9s de la Resoluci\u00f3 EDU\/2694\/2021, de 30 d&#8217;agost, regula el Pla de millora d&#8217;oportunitats educatives (PMOE) per al curs 2021-2022, en el marc de les mesures adoptades pel Departament d&#8217;Educaci\u00f3 per pal\u00b7liar els efectes desfavorables per la covid-19.<br \/>\nD&#8217;altra banda, el Ministeri&hellip;  <a href=\"https:\/\/agora.xtec.cat\/esc-rafaelcasanova-badalona\/projecte-educatiu\/pmoe-proa-pla-de-millora-doportunitats-educatives\/\" title=\"Read PMOE &#8211; PROA+ (Pla de Millora d&#8217;Oportunitats Educatives)\">Llegeix m\u00e9s\u00bb<\/a><\/p>\n","protected":false},"author":1,"featured_media":0,"parent":64,"menu_order":10,"comment_status":"closed","ping_status":"closed","template":"page-templates\/side-menu.php","meta":{"_bbp_topic_count":0,"_bbp_reply_count":0,"_bbp_total_topic_count":0,"_bbp_total_reply_count":0,"_bbp_voice_count":0,"_bbp_anonymous_reply_count":0,"_bbp_topic_count_hidden":0,"_bbp_reply_count_hidden":0,"_bbp_forum_subforum_count":0,"footnotes":""},"class_list":["post-1760","page","type-page","status-publish","hentry"],"post_mailing_queue_ids":[],"_links":{"self":[{"href":"https:\/\/agora.xtec.cat\/esc-rafaelcasanova-badalona\/wp-json\/wp\/v2\/pages\/1760","targetHints":{"allow":["GET"]}}],"collection":[{"href":"https:\/\/agora.xtec.cat\/esc-rafaelcasanova-badalona\/wp-json\/wp\/v2\/pages"}],"about":[{"href":"https:\/\/agora.xtec.cat\/esc-rafaelcasanova-badalona\/wp-json\/wp\/v2\/types\/page"}],"author":[{"embeddable":true,"href":"https:\/\/agora.xtec.cat\/esc-rafaelcasanova-badalona\/wp-json\/wp\/v2\/users\/1"}],"replies":[{"embeddable":true,"href":"https:\/\/agora.xtec.cat\/esc-rafaelcasanova-badalona\/wp-json\/wp\/v2\/comments?post=1760"}],"version-history":[{"count":2,"href":"https:\/\/agora.xtec.cat\/esc-rafaelcasanova-badalona\/wp-json\/wp\/v2\/pages\/1760\/revisions"}],"predecessor-version":[{"id":1765,"href":"https:\/\/agora.xtec.cat\/esc-rafaelcasanova-badalona\/wp-json\/wp\/v2\/pages\/1760\/revisions\/1765"}],"up":[{"embeddable":true,"href":"https:\/\/agora.xtec.cat\/esc-rafaelcasanova-badalona\/wp-json\/wp\/v2\/pages\/64"}],"wp:attachment":[{"href":"https:\/\/agora.xtec.cat\/esc-rafaelcasanova-badalona\/wp-json\/wp\/v2\/media?parent=1760"}],"curies":[{"name":"wp","href":"https:\/\/api.w.org\/{rel}","templated":true}]}}