{"id":1614,"date":"2023-02-15T12:22:29","date_gmt":"2023-02-15T11:22:29","guid":{"rendered":"https:\/\/agora.xtec.cat\/esc-rafaelcasanova-badalona\/?page_id=1614"},"modified":"2025-02-28T11:31:35","modified_gmt":"2025-02-28T10:31:35","slug":"mitjans","status":"publish","type":"page","link":"https:\/\/agora.xtec.cat\/esc-rafaelcasanova-badalona\/comunitats\/mitjans\/","title":{"rendered":"Mitjans"},"content":{"rendered":"<p data-start=\"0\" data-end=\"153\">Aquesta comunitat est\u00e0 formada pels infants de 6, 7 i 8 anys, les seves fam\u00edlies i un grup de mestres que els acompanyem en el seu proc\u00e9s d&#8217;aprenentatge.<\/p>\n<p data-start=\"155\" data-end=\"1280\" data-is-last-node=\"\" data-is-only-node=\"\">\u00c9s una comunitat plena de vitalitat, ja que el moviment, l&#8217;acci\u00f3, el joc i l&#8217;emoci\u00f3 hi tenen un gran protagonisme. La curiositat i el desig de comprendre el m\u00f3n porten els nens i nenes a fer recerques constants sobre tot all\u00f2 que els envolta. A m\u00e9s, aquests anys s\u00f3n els de m\u00e9s intensitat en el joc simb\u00f2lic, on la imaginaci\u00f3 ocupa un lloc destacat i les paraules surten amb for\u00e7a.<\/p>\n<p data-start=\"155\" data-end=\"1280\" data-is-last-node=\"\" data-is-only-node=\"\">Els infants d&#8217;aquestes edats necessiten cr\u00e9ixer a trav\u00e9s de les hist\u00f2ries que creen, transformant-les gaireb\u00e9 en aventures reals. A trav\u00e9s de l&#8217;art, el joc simb\u00f2lic i la creaci\u00f3, els nens i nenes poden expressar-se, explorar emocions i donar forma a la seva imaginaci\u00f3, fet que els ajuda a desenvolupar la seva capacitat de pensar de manera abstracta i cr\u00edtica. Aquests processos creatius, a m\u00e9s, els permeten connectar amb el m\u00f3n que els envolta d&#8217;una manera m\u00e9s profunda i personal, afavorint l&#8217;aprenentatge actiu i significatiu.<\/p>\n<p data-start=\"155\" data-end=\"1280\" data-is-last-node=\"\" data-is-only-node=\"\">La recerca i la investigaci\u00f3, per la seva part, fomenten la curiositat natural que caracteritza aquesta edat, proporcionant-los eines per resoldre problemes i descobrir noves idees per ells mateixos. Aix\u00ed, treballar aquests aspectes ajuda els infants no nom\u00e9s a aprendre, sin\u00f3 tamb\u00e9 a aprendre a aprendre, desenvolupant habilitats clau per a la seva autonomia i el seu creixement personal.<\/p>\n","protected":false},"excerpt":{"rendered":"<p>Aquesta comunitat est\u00e0 formada pels infants de 6, 7 i 8 anys, les seves fam\u00edlies i un grup de mestres que els acompanyem en el seu proc\u00e9s d&#8217;aprenentatge.<br \/>\n\u00c9s una comunitat plena de vitalitat, ja que el moviment, l&#8217;acci\u00f3, el joc i l&#8217;emoci\u00f3 hi tenen un&hellip;  <a href=\"https:\/\/agora.xtec.cat\/esc-rafaelcasanova-badalona\/comunitats\/mitjans\/\" title=\"Read Mitjans\">Llegeix m\u00e9s\u00bb<\/a><\/p>\n","protected":false},"author":1,"featured_media":0,"parent":1596,"menu_order":1,"comment_status":"closed","ping_status":"closed","template":"page-templates\/side-menu.php","meta":{"_bbp_topic_count":0,"_bbp_reply_count":0,"_bbp_total_topic_count":0,"_bbp_total_reply_count":0,"_bbp_voice_count":0,"_bbp_anonymous_reply_count":0,"_bbp_topic_count_hidden":0,"_bbp_reply_count_hidden":0,"_bbp_forum_subforum_count":0,"footnotes":""},"class_list":["post-1614","page","type-page","status-publish","hentry"],"post_mailing_queue_ids":[],"_links":{"self":[{"href":"https:\/\/agora.xtec.cat\/esc-rafaelcasanova-badalona\/wp-json\/wp\/v2\/pages\/1614","targetHints":{"allow":["GET"]}}],"collection":[{"href":"https:\/\/agora.xtec.cat\/esc-rafaelcasanova-badalona\/wp-json\/wp\/v2\/pages"}],"about":[{"href":"https:\/\/agora.xtec.cat\/esc-rafaelcasanova-badalona\/wp-json\/wp\/v2\/types\/page"}],"author":[{"embeddable":true,"href":"https:\/\/agora.xtec.cat\/esc-rafaelcasanova-badalona\/wp-json\/wp\/v2\/users\/1"}],"replies":[{"embeddable":true,"href":"https:\/\/agora.xtec.cat\/esc-rafaelcasanova-badalona\/wp-json\/wp\/v2\/comments?post=1614"}],"version-history":[{"count":3,"href":"https:\/\/agora.xtec.cat\/esc-rafaelcasanova-badalona\/wp-json\/wp\/v2\/pages\/1614\/revisions"}],"predecessor-version":[{"id":1874,"href":"https:\/\/agora.xtec.cat\/esc-rafaelcasanova-badalona\/wp-json\/wp\/v2\/pages\/1614\/revisions\/1874"}],"up":[{"embeddable":true,"href":"https:\/\/agora.xtec.cat\/esc-rafaelcasanova-badalona\/wp-json\/wp\/v2\/pages\/1596"}],"wp:attachment":[{"href":"https:\/\/agora.xtec.cat\/esc-rafaelcasanova-badalona\/wp-json\/wp\/v2\/media?parent=1614"}],"curies":[{"name":"wp","href":"https:\/\/api.w.org\/{rel}","templated":true}]}}