{"id":1500,"date":"2023-02-10T14:05:40","date_gmt":"2023-02-10T13:05:40","guid":{"rendered":"https:\/\/agora.xtec.cat\/esc-rafaelcasanova-badalona\/?page_id=1500"},"modified":"2023-02-13T22:35:23","modified_gmt":"2023-02-13T21:35:23","slug":"estrategia-digital-de-centre","status":"publish","type":"page","link":"https:\/\/agora.xtec.cat\/esc-rafaelcasanova-badalona\/estrategia-digital-de-centre\/","title":{"rendered":"Estrat\u00e8gia Digital de Centre (EDC)"},"content":{"rendered":"<p><strong><em>L&#8217;estrat\u00e8gia digital de centre<\/em> <\/strong>(EDC) defineix i concreta les l\u00ednies d&#8217;actuaci\u00f3 d&#8217;un centre que fan possible que docents, alumnat i centre assoleixin la compet\u00e8ncia digital. Per aconseguir aquesta compet\u00e8ncia digital, l&#8217;EDC compr\u00e8n tots els \u00e0mbits del centre: organitzatius, metodol\u00f2gics, curriculars i comunicatius, els quals s&#8217;han de veure necess\u00e0riament implicats i, si escau, transformats, des d\u2019una perspectiva d&#8217;innovaci\u00f3 i de millora cont\u00ednua.Ha de tenir com a referent el Pla d\u2019educaci\u00f3 digital de Catalunya (PEDC), on s\u2019indica la necessitat d\u2019assolir la fita d\u2019una societat digitalment competent, fent \u00e8mfasi en l\u2019equitat i tenint en compte l\u2019evoluci\u00f3 del context social i tecnol\u00f2gic.<\/p>\n<p><img loading=\"lazy\" decoding=\"async\" class=\"wp-image-1556 aligncenter\" src=\"https:\/\/agora.xtec.cat\/esc-rafaelcasanova-badalona\/wp-content\/uploads\/usu2919\/2023\/02\/edc-i-cultura.png\" alt=\"\" width=\"447\" height=\"272\" srcset=\"https:\/\/agora.xtec.cat\/esc-rafaelcasanova-badalona\/wp-content\/uploads\/usu2919\/2023\/02\/edc-i-cultura.png 626w, https:\/\/agora.xtec.cat\/esc-rafaelcasanova-badalona\/wp-content\/uploads\/usu2919\/2023\/02\/edc-i-cultura-300x183.png 300w\" sizes=\"auto, (max-width: 447px) 100vw, 447px\" \/><\/p>\n","protected":false},"excerpt":{"rendered":"<p>L&#8217;estrat\u00e8gia digital de centre (EDC) defineix i concreta les l\u00ednies d&#8217;actuaci\u00f3 d&#8217;un centre que fan possible que docents, alumnat i centre assoleixin la compet\u00e8ncia digital. Per aconseguir aquesta compet\u00e8ncia digital, l&#8217;EDC compr\u00e8n tots els \u00e0mbits del centre: organitzatius, metodol\u00f2gics, curriculars i comunicatius, els quals s&#8217;han&hellip;  <a href=\"https:\/\/agora.xtec.cat\/esc-rafaelcasanova-badalona\/estrategia-digital-de-centre\/\" title=\"Read Estrat\u00e8gia Digital de Centre (EDC)\">Llegeix m\u00e9s\u00bb<\/a><\/p>\n","protected":false},"author":1,"featured_media":0,"parent":0,"menu_order":0,"comment_status":"closed","ping_status":"closed","template":"page-templates\/side-menu.php","meta":{"_bbp_topic_count":0,"_bbp_reply_count":0,"_bbp_total_topic_count":0,"_bbp_total_reply_count":0,"_bbp_voice_count":0,"_bbp_anonymous_reply_count":0,"_bbp_topic_count_hidden":0,"_bbp_reply_count_hidden":0,"_bbp_forum_subforum_count":0,"footnotes":""},"class_list":["post-1500","page","type-page","status-publish","hentry"],"post_mailing_queue_ids":[],"_links":{"self":[{"href":"https:\/\/agora.xtec.cat\/esc-rafaelcasanova-badalona\/wp-json\/wp\/v2\/pages\/1500","targetHints":{"allow":["GET"]}}],"collection":[{"href":"https:\/\/agora.xtec.cat\/esc-rafaelcasanova-badalona\/wp-json\/wp\/v2\/pages"}],"about":[{"href":"https:\/\/agora.xtec.cat\/esc-rafaelcasanova-badalona\/wp-json\/wp\/v2\/types\/page"}],"author":[{"embeddable":true,"href":"https:\/\/agora.xtec.cat\/esc-rafaelcasanova-badalona\/wp-json\/wp\/v2\/users\/1"}],"replies":[{"embeddable":true,"href":"https:\/\/agora.xtec.cat\/esc-rafaelcasanova-badalona\/wp-json\/wp\/v2\/comments?post=1500"}],"version-history":[{"count":3,"href":"https:\/\/agora.xtec.cat\/esc-rafaelcasanova-badalona\/wp-json\/wp\/v2\/pages\/1500\/revisions"}],"predecessor-version":[{"id":1578,"href":"https:\/\/agora.xtec.cat\/esc-rafaelcasanova-badalona\/wp-json\/wp\/v2\/pages\/1500\/revisions\/1578"}],"wp:attachment":[{"href":"https:\/\/agora.xtec.cat\/esc-rafaelcasanova-badalona\/wp-json\/wp\/v2\/media?parent=1500"}],"curies":[{"name":"wp","href":"https:\/\/api.w.org\/{rel}","templated":true}]}}