{"id":1012,"date":"2022-02-11T12:43:04","date_gmt":"2022-02-11T11:43:04","guid":{"rendered":"https:\/\/agora.xtec.cat\/ceiprafaelcasanova\/?page_id=1012"},"modified":"2022-02-15T09:49:27","modified_gmt":"2022-02-15T08:49:27","slug":"hort","status":"publish","type":"page","link":"https:\/\/agora.xtec.cat\/esc-rafaelcasanova-badalona\/projecte-educatiu\/projectes-descola\/hort\/","title":{"rendered":"Hort"},"content":{"rendered":"<p style=\"text-align: justify;\">Aquest curs hem engegat aquest bonic projecte. L\u00b4escola de Natura ens ha assessorat per a poder portar-ho a terme. Estem molt engrescats i els infants molt contents de poder comen\u00e7ar en breu a treballar.<\/p>\n<p style=\"text-align: justify;\"><span style=\"font-weight: 400;\">A partir de reflexions a nivell de claustre vam optar per treballar l\u2019agricultura ecol\u00f2gica amb els nostres infants ja que \u00e9s el futur per respectar el medi i tots els \u00e9ssers que l\u2019habiten. Volem ensenyar al nostre alumnat a fer un consum respectu\u00f3s i el m\u00e9s saludable possible, cultivant hortalisses. Sabran de la seva proced\u00e8ncia, les coneixeran i possiblement, seran m\u00e9s receptius a provar-les i a introduir-les a la seva dieta.<\/span><\/p>\n<p style=\"text-align: justify;\"><span style=\"font-weight: 400;\">\u00c9s molt important poder donar-los l\u2019oportunitat\u00a0 d\u2019estar en contacte amb la natura i comprendre els processos que es produeixen en ella. Poden aprendre sobre t\u00e8cniques respectuosos amb el medi i sobre la sostenibilitat dels recursos.<\/span><\/p>\n<p style=\"text-align: justify;\"><span style=\"font-weight: 400;\">A m\u00e9s a m\u00e9s, desenvolupen capacitats com: l\u2019observaci\u00f3 i la paci\u00e8ncia. Podran utilitzar l\u2019hort per treballar continguts de l\u2019aula de manera transversal.<\/span><\/p>\n<p style=\"text-align: justify;\">Per aquest curs ens hem marcat els seg\u00fcents objectius:<\/p>\n<ul style=\"text-align: justify;\">\n<li><span style=\"font-weight: 400;\">Con\u00e8ixer els noms de les diferents plantes i hortalisses que cultivaran\u00a0\u00a0<\/span><\/li>\n<li><span style=\"font-weight: 400;\">Con\u00e8ixer com treballar els cultius de l\u2019hort: humitat, adob, insolaci\u00f3, moment de sembrar\/plantar, recol\u00b7lecci\u00f3\u2026\u00a0<\/span><\/li>\n<li><span style=\"font-weight: 400;\">Fer-se responsable de les tasques que se\u2019ls adjudiquen per mantenir l\u2019hort escolar\u00a0\u00a0<\/span><\/li>\n<li><span style=\"font-weight: 400;\">Adoptar una actitud de col\u00b7laboraci\u00f3 per cuidar i treballar l\u2019hort\u00a0\u00a0<\/span><\/li>\n<li><span style=\"font-weight: 400;\">Elaborar un codi de bones pr\u00e0ctiques (normativa) entre tota la comunitat educativa i vetllar pel compliment de les seves normes.\u00a0<\/span><\/li>\n<\/ul>\n<p style=\"text-align: justify;\">Hem elaborat unes activitats pr\u00e8vies per familiaritzar els infants i poder iniciar-ho tot al 3r trimestre.<\/p>\n<p style=\"text-align: justify;\">Per a nosaltres \u00e9s molt important involucrar les fam\u00edlies en els nostres projectes, degut a la situaci\u00f3 de la pand\u00e8mia no hem pogut fer-ho tant com ens hagu\u00e9s agradat. Tot i aix\u00ed, hem demanat ajuda per netejar l\u00b4hort i preparar la terra per a conrear-la i estem molt agra\u00efts de la participaci\u00f3 i l\u00b4ajuda que hem rebut. Moltes gr\u00e0cies fam\u00edlies!<\/p>\n","protected":false},"excerpt":{"rendered":"<p>Aquest curs hem engegat aquest bonic projecte. L\u00b4escola de Natura ens ha assessorat per a poder portar-ho a terme. Estem molt engrescats i els infants molt contents de poder comen\u00e7ar en breu a treballar.<br \/>\nA partir de reflexions a nivell de claustre vam optar per treballar&hellip;  <a href=\"https:\/\/agora.xtec.cat\/esc-rafaelcasanova-badalona\/projecte-educatiu\/projectes-descola\/hort\/\" title=\"Read Hort\">Llegeix m\u00e9s\u00bb<\/a><\/p>\n","protected":false},"author":1,"featured_media":0,"parent":595,"menu_order":30,"comment_status":"closed","ping_status":"closed","template":"page-templates\/side-menu.php","meta":{"_bbp_topic_count":0,"_bbp_reply_count":0,"_bbp_total_topic_count":0,"_bbp_total_reply_count":0,"_bbp_voice_count":0,"_bbp_anonymous_reply_count":0,"_bbp_topic_count_hidden":0,"_bbp_reply_count_hidden":0,"_bbp_forum_subforum_count":0,"footnotes":""},"class_list":["post-1012","page","type-page","status-publish","hentry"],"post_mailing_queue_ids":[],"_links":{"self":[{"href":"https:\/\/agora.xtec.cat\/esc-rafaelcasanova-badalona\/wp-json\/wp\/v2\/pages\/1012","targetHints":{"allow":["GET"]}}],"collection":[{"href":"https:\/\/agora.xtec.cat\/esc-rafaelcasanova-badalona\/wp-json\/wp\/v2\/pages"}],"about":[{"href":"https:\/\/agora.xtec.cat\/esc-rafaelcasanova-badalona\/wp-json\/wp\/v2\/types\/page"}],"author":[{"embeddable":true,"href":"https:\/\/agora.xtec.cat\/esc-rafaelcasanova-badalona\/wp-json\/wp\/v2\/users\/1"}],"replies":[{"embeddable":true,"href":"https:\/\/agora.xtec.cat\/esc-rafaelcasanova-badalona\/wp-json\/wp\/v2\/comments?post=1012"}],"version-history":[{"count":3,"href":"https:\/\/agora.xtec.cat\/esc-rafaelcasanova-badalona\/wp-json\/wp\/v2\/pages\/1012\/revisions"}],"predecessor-version":[{"id":1104,"href":"https:\/\/agora.xtec.cat\/esc-rafaelcasanova-badalona\/wp-json\/wp\/v2\/pages\/1012\/revisions\/1104"}],"up":[{"embeddable":true,"href":"https:\/\/agora.xtec.cat\/esc-rafaelcasanova-badalona\/wp-json\/wp\/v2\/pages\/595"}],"wp:attachment":[{"href":"https:\/\/agora.xtec.cat\/esc-rafaelcasanova-badalona\/wp-json\/wp\/v2\/media?parent=1012"}],"curies":[{"name":"wp","href":"https:\/\/api.w.org\/{rel}","templated":true}]}}