{"id":1001,"date":"2022-02-11T09:53:33","date_gmt":"2022-02-11T08:53:33","guid":{"rendered":"https:\/\/agora.xtec.cat\/ceiprafaelcasanova\/?page_id=1001"},"modified":"2022-04-20T17:03:32","modified_gmt":"2022-04-20T15:03:32","slug":"badasport","status":"publish","type":"page","link":"https:\/\/agora.xtec.cat\/esc-rafaelcasanova-badalona\/projecte-educatiu\/projectes-descola\/badasport\/","title":{"rendered":"Badasport"},"content":{"rendered":"<p style=\"text-align: justify;\">Fa anys que l escola participa en el projecte Badasport organitzat pel grup MEF de Badalona. El Grup de Mestres d\u2019Educaci\u00f3 F\u00edsica \u00e9s un grup de treball obert a tots els i les mestres de les escoles de prim\u00e0ria (tant p\u00fabliques com privades\/concertades) de Badalona i dels seus voltants.<\/p>\n<p style=\"text-align: justify;\">En aquest projecte<strong>, <\/strong>participen les diferents escoles que formen part del grup MEF de Badalona. Integra les seg\u00fcents activitats intercentres, amb la qual cosa a m\u00e9s de treballar el conjunt d\u00b4activitats de l\u00b4\u00e0rea d \u00b4Educaci\u00f3 F\u00edsica, el nostre alumnat es relaciona amb infants d\u00b4altres escoles, fent l\u00b4experi\u00e8ncia molt enriquidora.\u00a0 A la p\u00e0gina d\u00b4inici trobareu al calendari quin dia estan programades aquestes sortides.<\/p>\n<ul>\n<li><strong>Badamotri:<\/strong>\u00a0Activitat d\u2019habilitats motrius adre\u00e7ada al curs de 1r.<a style=\"color: #2795b6;\" href=\"https:\/\/agora.xtec.cat\/ceiprafaelcasanova\/wp-content\/uploads\/usu2919\/2022\/02\/badasport.png\"><img loading=\"lazy\" decoding=\"async\" class=\"wp-image-1002 size-full alignright\" src=\"https:\/\/agora.xtec.cat\/ceiprafaelcasanova\/wp-content\/uploads\/usu2919\/2022\/02\/badasport.png\" alt=\"\" width=\"291\" height=\"413\" srcset=\"https:\/\/agora.xtec.cat\/esc-rafaelcasanova-badalona\/wp-content\/uploads\/usu2919\/2022\/02\/badasport.png 291w, https:\/\/agora.xtec.cat\/esc-rafaelcasanova-badalona\/wp-content\/uploads\/usu2919\/2022\/02\/badasport-211x300.png 211w\" sizes=\"auto, (max-width: 291px) 100vw, 291px\" \/><\/a><\/li>\n<li><strong>Badap<\/strong><strong>latja:<\/strong>\u00a0Activitat de jocs a la platja adre\u00e7ada al curs de 2n.<\/li>\n<li><strong>Badajoc:<\/strong>\u00a0Activitat de jocs tradicionals i jocs cooperatius adre\u00e7ada al curs de 3r<\/li>\n<li><strong>Badaorientaci\u00f3:<\/strong>\u00a0Activitat de curses d\u2019orientaci\u00f3 adre\u00e7ada al curs de 4t.<\/li>\n<li><strong>Badatletisme:<\/strong>\u00a0Activitat d\u2019atletisme adre\u00e7ada al curs de 5\u00e8.<\/li>\n<li><strong>Badakorfbal:<\/strong>\u00a0Activitat de korfball adre\u00e7ada al curs de 6\u00e8.<\/li>\n<\/ul>\n<p><a href=\"https:\/\/agora.xtec.cat\/ceiprafaelcasanova\/wp-content\/uploads\/usu2919\/2022\/02\/badasport.png\"><br \/>\n<\/a><\/p>\n","protected":false},"excerpt":{"rendered":"<p>Fa anys que l escola participa en el projecte Badasport organitzat pel grup MEF de Badalona. El Grup de Mestres d\u2019Educaci\u00f3 F\u00edsica \u00e9s un grup de treball obert a tots els i les mestres de les escoles de prim\u00e0ria (tant p\u00fabliques com privades\/concertades) de Badalona&hellip;  <a href=\"https:\/\/agora.xtec.cat\/esc-rafaelcasanova-badalona\/projecte-educatiu\/projectes-descola\/badasport\/\" title=\"Read Badasport\">Llegeix m\u00e9s\u00bb<\/a><\/p>\n","protected":false},"author":1,"featured_media":0,"parent":595,"menu_order":10,"comment_status":"closed","ping_status":"closed","template":"page-templates\/side-menu.php","meta":{"_bbp_topic_count":0,"_bbp_reply_count":0,"_bbp_total_topic_count":0,"_bbp_total_reply_count":0,"_bbp_voice_count":0,"_bbp_anonymous_reply_count":0,"_bbp_topic_count_hidden":0,"_bbp_reply_count_hidden":0,"_bbp_forum_subforum_count":0,"footnotes":""},"class_list":["post-1001","page","type-page","status-publish","hentry"],"post_mailing_queue_ids":[],"_links":{"self":[{"href":"https:\/\/agora.xtec.cat\/esc-rafaelcasanova-badalona\/wp-json\/wp\/v2\/pages\/1001","targetHints":{"allow":["GET"]}}],"collection":[{"href":"https:\/\/agora.xtec.cat\/esc-rafaelcasanova-badalona\/wp-json\/wp\/v2\/pages"}],"about":[{"href":"https:\/\/agora.xtec.cat\/esc-rafaelcasanova-badalona\/wp-json\/wp\/v2\/types\/page"}],"author":[{"embeddable":true,"href":"https:\/\/agora.xtec.cat\/esc-rafaelcasanova-badalona\/wp-json\/wp\/v2\/users\/1"}],"replies":[{"embeddable":true,"href":"https:\/\/agora.xtec.cat\/esc-rafaelcasanova-badalona\/wp-json\/wp\/v2\/comments?post=1001"}],"version-history":[{"count":3,"href":"https:\/\/agora.xtec.cat\/esc-rafaelcasanova-badalona\/wp-json\/wp\/v2\/pages\/1001\/revisions"}],"predecessor-version":[{"id":1460,"href":"https:\/\/agora.xtec.cat\/esc-rafaelcasanova-badalona\/wp-json\/wp\/v2\/pages\/1001\/revisions\/1460"}],"up":[{"embeddable":true,"href":"https:\/\/agora.xtec.cat\/esc-rafaelcasanova-badalona\/wp-json\/wp\/v2\/pages\/595"}],"wp:attachment":[{"href":"https:\/\/agora.xtec.cat\/esc-rafaelcasanova-badalona\/wp-json\/wp\/v2\/media?parent=1001"}],"curies":[{"name":"wp","href":"https:\/\/api.w.org\/{rel}","templated":true}]}}