{"id":998,"date":"2021-02-10T18:36:08","date_gmt":"2021-02-10T17:36:08","guid":{"rendered":"https:\/\/agora.xtec.cat\/esc-pompeufabra\/?page_id=998"},"modified":"2026-04-15T10:48:56","modified_gmt":"2026-04-15T08:48:56","slug":"portes-obertes","status":"publish","type":"page","link":"https:\/\/agora.xtec.cat\/esc-pompeufabra\/portes-obertes\/","title":{"rendered":"Portes obertes 2026-2027"},"content":{"rendered":"<p><strong>INFORMACIONS GENERALS:<\/strong><\/p>\n<p><a href=\"https:\/\/agora.xtec.cat\/esc-pompeufabra\/wp-content\/uploads\/usu2202\/2026\/03\/INFORME_OFERTA_OME_INFORME_OFERTA-3.pdf\">PUBLICACI\u00d3 DE L&#8217; OFERTA INICIAL DE PLACES<\/a><\/p>\n<p><a href=\"https:\/\/agora.xtec.cat\/esc-pompeufabra\/wp-content\/uploads\/usu2202\/2020\/11\/INFORME_BAREM_PROVISIONAL_BAREM-1-1.pdf\">INFORME BAREM PROVISIONAL<\/a><\/p>\n<p>En aquest espai trobareu totes les informacions referides a les portes obertes i la preinscripci\u00f3 2026-2027\u00a0 a la nostra escola.<\/p>\n<h3><strong>JORNADES DE PORTES OBERTES<\/strong><\/h3>\n<p>Les dates de les jornades de\u00a0 portes obertes de la nostra escola seran les seg\u00fcents:<\/p>\n<ol>\n<li><strong>Reuni\u00f3 telem\u00e0tica<\/strong> per a explicar el nostre projecte educatiu: dia 23 a les 17:15 hores. Heu d&#8217;omplir el seg\u00fcent formulari fins al divendres dia 20 de febrer, aquest dia rebreu l&#8217;enlla\u00e7 a la reuni\u00f3:<a href=\"https:\/\/docs.google.com\/forms\/d\/e\/1FAIpQLSdlgT0uyPR53vBhuq71Pxze4f9cQe42S_LbVOkIqETFzZA1KA\/viewform?usp=publish-editor\">\u00a0 FORMULARI SESSI\u00d3 TELEM\u00c0TICA\u00a0 <\/a><\/li>\n<\/ol>\n<p>2. <strong>Visita presencial a l&#8217;escola<\/strong>, dirigida per membres de l&#8217;equip docent de l&#8217;escola: Dissabte dia 28 de febrer de 9:30 a 13:30. Es faran diversos grups i cal concertar al visita al tel\u00e8fon del centre\u00a0 <strong>(933407697)<\/strong>.\u00a0 Us informem que la jornada de portes obertes <strong>est\u00e0 adre\u00e7ada exclusivament a les persones adultes.<\/strong> El format de la trobada, els continguts que s\u2019hi tractaran i la durada de l\u2019activitat no s\u00f3n adequats per als infants, motiu pel qual no es preveu l\u2019assist\u00e8ncia dels nens i nenes durant la sessi\u00f3.<\/p>\n<p data-start=\"410\" data-end=\"525\">Us agra\u00efm la vostra comprensi\u00f3 i col\u00b7laboraci\u00f3, i restem a la vostra disposici\u00f3 per a qualsevol dubte o aclariment.<\/p>\n<p data-start=\"410\" data-end=\"525\">Sereu molt ben rebuts a la nostra escola! Us esperem!<\/p>\n<p>&nbsp;<\/p>\n<h2 style=\"text-align: center;\">INFOGRAFIA- RESUM\u00a0 DE L&#8217;ESCOLA<\/h2>\n<p><img loading=\"lazy\" decoding=\"async\" class=\"alignnone size-large wp-image-6125 aligncenter\" src=\"https:\/\/agora.xtec.cat\/esc-pompeufabra\/wp-content\/uploads\/usu2202\/2025\/01\/Portes-obertes-2-410x1024.jpg\" alt=\"\" width=\"410\" height=\"1024\" srcset=\"https:\/\/agora.xtec.cat\/esc-pompeufabra\/wp-content\/uploads\/usu2202\/2025\/01\/Portes-obertes-2-410x1024.jpg 410w, https:\/\/agora.xtec.cat\/esc-pompeufabra\/wp-content\/uploads\/usu2202\/2025\/01\/Portes-obertes-2-120x300.jpg 120w, https:\/\/agora.xtec.cat\/esc-pompeufabra\/wp-content\/uploads\/usu2202\/2025\/01\/Portes-obertes-2-768x1920.jpg 768w, https:\/\/agora.xtec.cat\/esc-pompeufabra\/wp-content\/uploads\/usu2202\/2025\/01\/Portes-obertes-2.jpg 800w\" sizes=\"auto, (max-width: 410px) 100vw, 410px\" \/><\/p>\n<p>&nbsp;<\/p>\n<h3 style=\"text-align: center;\"><a href=\"https:\/\/www.edubcn.cat\/ca\/alumnat_i_familia\/informacio_general_matriculacio\/preinscripcio\">INFORMACI\u00d3 DEL CONSORCI D&#8217;EDUCACI\u00d3 DE BARCELONA<\/a><\/h3>\n<p>&nbsp;<\/p>\n<section class=\"padding-xs padding-sm padding-md colorSectionOdd\">\n<article class=\"container fullcontainer-xs\">\n<div class=\"row\">\n<div id=\"center_4R\">\n<div id=\"llista_5a1b3df3-5a45-11eb-a3c0-005056924a59_5a1b3df4-5a45-11eb-a3c0-005056924a59\" class=\"fpca_llista_enllacIcones formatter_body\">\n<div class=\"wrapper_llista_enllacIcones\">\n<div class=\"list-item-wrapper\">\n<div class=\"col content-col\">\n<div class=\"bloc-mobil\">\n<div class=\"descripcio\">\n<p>Un cop s&#8217;ha publicat la llista final d&#8217;alumnes admesos en cada centre, comen\u00e7a el per\u00edode de matriculaci\u00f3 dels preinscrits amb pla\u00e7a assignada. La matriculaci\u00f3 es far\u00e0 de manera virtual.<\/p>\n<\/div>\n<\/div>\n<\/div>\n<\/div>\n<\/div>\n<\/div>\n<\/div>\n<\/div>\n<\/article>\n<\/section>\n","protected":false},"excerpt":{"rendered":"<p>INFORMACIONS GENERALS:<br \/>\n<a href=\"https:\/\/agora.xtec.cat\/esc-pompeufabra\/wp-content\/uploads\/usu2202\/2026\/03\/INFORME_OFERTA_OME_INFORME_OFERTA-3.pdf\">PUBLICACI\u00d3 DE L&#8217; OFERTA INICIAL DE PLACES<\/a><br \/>\n<a href=\"https:\/\/agora.xtec.cat\/esc-pompeufabra\/wp-content\/uploads\/usu2202\/2020\/11\/INFORME_BAREM_PROVISIONAL_BAREM-1-1.pdf\">INFORME BAREM PROVISIONAL<\/a><br \/>\nEn aquest espai trobareu totes les informacions referides a les portes obertes i la preinscripci\u00f3 2026-2027\u00a0 a la nostra escola.<br \/>\nJORNADES DE PORTES OBERTES<br \/>\nLes dates de les jornades de\u00a0 portes obertes de la nostra escola&hellip;  <a href=\"https:\/\/agora.xtec.cat\/esc-pompeufabra\/portes-obertes\/\" title=\"Read Portes obertes 2026-2027\">Llegeix m\u00e9s\u00bb<\/a><\/p>\n","protected":false},"author":1,"featured_media":0,"parent":0,"menu_order":0,"comment_status":"closed","ping_status":"closed","template":"","meta":{"_bbp_topic_count":0,"_bbp_reply_count":0,"_bbp_total_topic_count":0,"_bbp_total_reply_count":0,"_bbp_voice_count":0,"_bbp_anonymous_reply_count":0,"_bbp_topic_count_hidden":0,"_bbp_reply_count_hidden":0,"_bbp_forum_subforum_count":0,"footnotes":""},"class_list":["post-998","page","type-page","status-publish","hentry"],"post_mailing_queue_ids":[],"_links":{"self":[{"href":"https:\/\/agora.xtec.cat\/esc-pompeufabra\/wp-json\/wp\/v2\/pages\/998","targetHints":{"allow":["GET"]}}],"collection":[{"href":"https:\/\/agora.xtec.cat\/esc-pompeufabra\/wp-json\/wp\/v2\/pages"}],"about":[{"href":"https:\/\/agora.xtec.cat\/esc-pompeufabra\/wp-json\/wp\/v2\/types\/page"}],"author":[{"embeddable":true,"href":"https:\/\/agora.xtec.cat\/esc-pompeufabra\/wp-json\/wp\/v2\/users\/1"}],"replies":[{"embeddable":true,"href":"https:\/\/agora.xtec.cat\/esc-pompeufabra\/wp-json\/wp\/v2\/comments?post=998"}],"version-history":[{"count":8,"href":"https:\/\/agora.xtec.cat\/esc-pompeufabra\/wp-json\/wp\/v2\/pages\/998\/revisions"}],"predecessor-version":[{"id":7920,"href":"https:\/\/agora.xtec.cat\/esc-pompeufabra\/wp-json\/wp\/v2\/pages\/998\/revisions\/7920"}],"wp:attachment":[{"href":"https:\/\/agora.xtec.cat\/esc-pompeufabra\/wp-json\/wp\/v2\/media?parent=998"}],"curies":[{"name":"wp","href":"https:\/\/api.w.org\/{rel}","templated":true}]}}