{"id":878,"date":"2020-12-11T17:15:17","date_gmt":"2020-12-11T16:15:17","guid":{"rendered":"https:\/\/agora.xtec.cat\/esc-pompeufabra\/?page_id=878"},"modified":"2025-02-23T10:18:54","modified_gmt":"2025-02-23T09:18:54","slug":"colonies","status":"publish","type":"page","link":"https:\/\/agora.xtec.cat\/esc-pompeufabra\/activitats-i-festes\/colonies\/","title":{"rendered":"Sortides i col\u00f2nies"},"content":{"rendered":"<p style=\"text-align: justify;\">Fem col\u00f2nies i sortides des d&#8217;I3, on aprenem a conviure i a con\u00e8ixer el nostre entorn. \u00c9s un valu\u00f3s recurs per a <strong>completar el curr\u00edculum<\/strong> de l\u2019alumnat i potenciar la participaci\u00f3 en activitats culturals i esportives a l&#8217;entorn i a la natura.<\/p>\n<p style=\"text-align: justify;\">Les <strong>col\u00f2nies<\/strong> s\u00f3n un moment molt important en la vida de cada grup que es prepara pr\u00e8viament amb els infants. Ens permeten aprendre a conviure amb els companys i companyes del grup i amb els i les mestres, tot refor\u00e7ant la cohesi\u00f3 del grup-classe. Tamb\u00e9 s\u00f3n una eina educativa que posa a disponibilitat dels i les mestres un espai on promoure la curiositat innata dels infants, la descoberta natural\u00edstica i l\u2019aproximaci\u00f3 cient\u00edfica.<\/p>\n<p style=\"text-align: justify;\">Al cicle de Petits les col\u00f2nies les fan conjuntament en cicle i tenen una durada de tres dies a I4 i I5 i de dos dies a I3. A Mitjans les col\u00f2nies duren tres dies i tamb\u00e9 van junts. A cicle de Grans els grups de 4t i 5\u00e8 van junts, igualment tres dies, mentre que el grup de 6\u00e8, per acomiadar-se de l&#8217;etapa de prim\u00e0ria, va per separat i durant quatre dies.<\/p>\n<p><a href=\"https:\/\/agora.xtec.cat\/esc-pompeufabra\/wp-content\/uploads\/usu2202\/2021\/02\/sortida_08-02-2021.jpg\"><img loading=\"lazy\" decoding=\"async\" class=\"alignnone wp-image-984\" src=\"https:\/\/agora.xtec.cat\/esc-pompeufabra\/wp-content\/uploads\/usu2202\/2021\/02\/sortida_08-02-2021.jpg\" alt=\"\" width=\"660\" height=\"495\" srcset=\"https:\/\/agora.xtec.cat\/esc-pompeufabra\/wp-content\/uploads\/usu2202\/2021\/02\/sortida_08-02-2021.jpg 899w, https:\/\/agora.xtec.cat\/esc-pompeufabra\/wp-content\/uploads\/usu2202\/2021\/02\/sortida_08-02-2021-300x225.jpg 300w, https:\/\/agora.xtec.cat\/esc-pompeufabra\/wp-content\/uploads\/usu2202\/2021\/02\/sortida_08-02-2021-768x576.jpg 768w, https:\/\/agora.xtec.cat\/esc-pompeufabra\/wp-content\/uploads\/usu2202\/2021\/02\/sortida_08-02-2021-200x150.jpg 200w\" sizes=\"auto, (max-width: 660px) 100vw, 660px\" \/><\/a><\/p>\n<p style=\"text-align: justify;\">L\u2019objectiu de<strong> les sortides<\/strong>, a m\u00e9s de con\u00e8ixer l\u2019entorn, est\u00e0 sempre relacionat amb el curr\u00edculum corresponent a cada curs. La realitat que ens envolta ens proporciona els elements complementaris a la tasca educativa di\u00e0ria i moltes vegades \u00e9s el punt de partida a l\u2019hora desenvolupar propostes, activitats o din\u00e0miques de classe; a m\u00e9s, reforcen el que s&#8217;estigui treballant en el projecte de grup. La planificaci\u00f3 de les sortides \u00e9s triennal, utilitzem el transport p\u00fablic des de 1r de prim\u00e0ria, tot preparant l\u2019itinerari amb els alumnes i ensenyant el seu bon \u00fas.<\/p>\n<p style=\"text-align: justify;\">Per altra banda, tamb\u00e9 fem sortides per a con\u00e8ixer el nostre entorn i on es posa en joc el <strong>coneixement i relaci\u00f3 entre l\u2019alumnat<\/strong> de diferents cicles i aules. En s\u00f3n un exemple la sortida de tardor i la sortida de primavera.<\/p>\n","protected":false},"excerpt":{"rendered":"<p>Fem col\u00f2nies i sortides des d&#8217;I3, on aprenem a conviure i a con\u00e8ixer el nostre entorn. \u00c9s un valu\u00f3s recurs per a completar el curr\u00edculum de l\u2019alumnat i potenciar la participaci\u00f3 en activitats culturals i esportives a l&#8217;entorn i a la natura.<br \/>\nLes col\u00f2nies s\u00f3n un&hellip;  <a href=\"https:\/\/agora.xtec.cat\/esc-pompeufabra\/activitats-i-festes\/colonies\/\" title=\"Read Sortides i col\u00f2nies\">Llegeix m\u00e9s\u00bb<\/a><\/p>\n","protected":false},"author":1,"featured_media":0,"parent":597,"menu_order":0,"comment_status":"closed","ping_status":"closed","template":"page-templates\/side-menu.php","meta":{"_bbp_topic_count":0,"_bbp_reply_count":0,"_bbp_total_topic_count":0,"_bbp_total_reply_count":0,"_bbp_voice_count":0,"_bbp_anonymous_reply_count":0,"_bbp_topic_count_hidden":0,"_bbp_reply_count_hidden":0,"_bbp_forum_subforum_count":0,"footnotes":""},"class_list":["post-878","page","type-page","status-publish","hentry"],"post_mailing_queue_ids":[],"_links":{"self":[{"href":"https:\/\/agora.xtec.cat\/esc-pompeufabra\/wp-json\/wp\/v2\/pages\/878","targetHints":{"allow":["GET"]}}],"collection":[{"href":"https:\/\/agora.xtec.cat\/esc-pompeufabra\/wp-json\/wp\/v2\/pages"}],"about":[{"href":"https:\/\/agora.xtec.cat\/esc-pompeufabra\/wp-json\/wp\/v2\/types\/page"}],"author":[{"embeddable":true,"href":"https:\/\/agora.xtec.cat\/esc-pompeufabra\/wp-json\/wp\/v2\/users\/1"}],"replies":[{"embeddable":true,"href":"https:\/\/agora.xtec.cat\/esc-pompeufabra\/wp-json\/wp\/v2\/comments?post=878"}],"version-history":[{"count":7,"href":"https:\/\/agora.xtec.cat\/esc-pompeufabra\/wp-json\/wp\/v2\/pages\/878\/revisions"}],"predecessor-version":[{"id":6470,"href":"https:\/\/agora.xtec.cat\/esc-pompeufabra\/wp-json\/wp\/v2\/pages\/878\/revisions\/6470"}],"up":[{"embeddable":true,"href":"https:\/\/agora.xtec.cat\/esc-pompeufabra\/wp-json\/wp\/v2\/pages\/597"}],"wp:attachment":[{"href":"https:\/\/agora.xtec.cat\/esc-pompeufabra\/wp-json\/wp\/v2\/media?parent=878"}],"curies":[{"name":"wp","href":"https:\/\/api.w.org\/{rel}","templated":true}]}}