{"id":84,"date":"2014-09-18T14:11:31","date_gmt":"2014-09-18T13:11:31","guid":{"rendered":"http:\/\/agora.xtec.cat\/esc-pompeufabra\/?page_id=84"},"modified":"2024-09-09T10:40:57","modified_gmt":"2024-09-09T08:40:57","slug":"activitats-extraescolars","status":"publish","type":"page","link":"https:\/\/agora.xtec.cat\/esc-pompeufabra\/serveis\/activitats-extraescolars\/","title":{"rendered":"Activitats extraescolars"},"content":{"rendered":"<p><span style=\"font-size: 2.3125em; font-weight: bold;\">Extraescolars<\/span><\/p>\n<p><img loading=\"lazy\" decoding=\"async\" class=\"size-full wp-image-1811 alignleft\" src=\"https:\/\/agora.xtec.cat\/esc-pompeufabra\/wp-content\/uploads\/usu2202\/2021\/09\/logo-afa.png\" alt=\"\" width=\"360\" height=\"149\" srcset=\"https:\/\/agora.xtec.cat\/esc-pompeufabra\/wp-content\/uploads\/usu2202\/2021\/09\/logo-afa.png 360w, https:\/\/agora.xtec.cat\/esc-pompeufabra\/wp-content\/uploads\/usu2202\/2021\/09\/logo-afa-300x124.png 300w\" sizes=\"auto, (max-width: 360px) 100vw, 360px\" \/><\/p>\n<h4>Les Extraescolars del Pompeu!<\/h4>\n<p class=\"font_1\"><span class=\"color_15\">L&#8217;Associaci\u00f3 de Fam\u00edlies de l&#8217;escola Pompeu Fabra\u00a0\u00a0AFA, organitza un seguit d\u2019activitats extraescolars amb l\u2019afany d\u2019oferir a les fam\u00edlies, i en especial a l\u2019alumnat, la possibilitat de gaudir d\u2019una part del seu temps de lleure durant la setmana.<\/span><\/p>\n<p class=\"font_1\"><span class=\"color_15\">No caldr\u00e0 dir, doncs, que des de l\u2019AFA i l\u2019Escola us animem a que\u00a0ajudeu els vostres fills i filles a escollir all\u00f2 que m\u00e9s els agrada\u00a0i que entre tots podeu trobar la justa mesura entre all\u00f2 que a cada infant li conv\u00e9 i all\u00f2 que cada infant vol fer.<\/span><\/p>\n<p>&nbsp;<\/p>\n<p>&nbsp;<\/p>\n<p><img loading=\"lazy\" decoding=\"async\" class=\"wp-image-1807 aligncenter\" src=\"https:\/\/agora.xtec.cat\/esc-pompeufabra\/wp-content\/uploads\/usu2202\/2021\/09\/Retol-extraescolars.png\" alt=\"\" width=\"395\" height=\"275\" srcset=\"https:\/\/agora.xtec.cat\/esc-pompeufabra\/wp-content\/uploads\/usu2202\/2021\/09\/Retol-extraescolars.png 766w, https:\/\/agora.xtec.cat\/esc-pompeufabra\/wp-content\/uploads\/usu2202\/2021\/09\/Retol-extraescolars-300x210.png 300w\" sizes=\"auto, (max-width: 395px) 100vw, 395px\" \/><\/p>\n<h4><span style=\"font-size: 1.125em;\">\u00a0 \u00a0 \u00a0 \u00a0 \u00a0 \u00a0 \u00a0 \u00a0 \u00a0 \u00a0 \u00a0 \u00a0 \u00a0 \u00a0 \u00a0 \u00a0 \u00a0 \u00a0 \u00a0 \u00a0 \u00a0 \u00a0 \u00a0 \u00a0 \u00a0 \u00a0 \u00a0<\/span><\/h4>\n<h4 class=\"font_4\">ASPECTES A CONSIDERAR<\/h4>\n<ol class=\"font_8\">\n<li>\n<p class=\"font_8\">Les inscripcions s&#8217;iniciaran el\u00a0dijous 17.06.2021 i finalitzaran el 10.09.2021.<br \/>\nTanmateix, us agrairem la seva tramitaci\u00f3 abans del 30 de juny (per tal de poder fer les oportunes previsions d\u2019alumnat inscrit).<\/p>\n<\/li>\n<li>\n<p class=\"font_8\">No es duran a terme aquelles activitats que siguin deficit\u00e0ries en nombre d\u2019inscripcions.<\/p>\n<\/li>\n<li>\n<p class=\"font_8\">Les nenes i els nens de I4 i I5 no tenen l\u00edmit per realitzar activitats extraescolars.<\/p>\n<\/li>\n<li>\n<p class=\"font_8\">Les activitats extraescolar a partir de 1r curs iniciaran al setembre, les de infantil (I3, i4 i I5) a l&#8217;octubre (pendent d&#8217;aprovaci\u00f3).<\/p>\n<\/li>\n<li>\n<p class=\"font_8\">Els nens i les nenes de I3 podran fer una \u00fanica activitat extraescolar.<\/p>\n<\/li>\n<li>\n<p class=\"font_8\">Hi ha activitats que estan\u00a0homologades en l\u2019\u00e0mbit del\u00a0<span class=\"color_23\"><a href=\"https:\/\/www.plaesportescolarbcn.cat\/ca\" target=\"_blank\" rel=\"nofollow noopener\">Pla de l\u2019Esport Escolar<\/a><\/span>\u00a0(Programes Municipals d&#8217;Esport en Edat Escolar) i s\u00f3n susceptibles de subvenci\u00f3 econ\u00f2mica (veure document).<\/p>\n<\/li>\n<li>\n<p class=\"font_8\">Els\u00a0preus de les activitats son mensuals\u00a0i podran patir alguna petita variaci\u00f3 en iniciar-se el curs.<\/p>\n<\/li>\n<li>\n<p class=\"font_8\">El\u00a0pagament de les activitats es realitza de manera trimestral\u00a0(octubre, gener i abril) per tant al abonar el primer m\u00e9s del trimestre queda l&#8217;alumne vinculat per tot el trimestre a l&#8217;activitat extraescolar.<\/p>\n<\/li>\n<li>\n<p class=\"font_8\">Aquesta proposta d\u2019activitats resta pendent de ratificaci\u00f3 per part del Consell Escolar.<\/p>\n<\/li>\n<li>\n<p class=\"font_8\">Els grups es tancaran segons rigor\u00f3s ordre d\u2019inscripci\u00f3.<\/p>\n<\/li>\n<\/ol>\n<h4><\/h4>\n<h4><\/h4>\n<h4 class=\"font_4\">PROC\u00c9S INSCRIPCI\u00d3<\/h4>\n<p class=\"font_8\">El proc\u00e9s d&#8217;inscripci\u00f3 a les activitats extraescolars es fa telem\u00e0ticament a trav\u00e9s d&#8217;un\u00a0formulari a la web de l&#8217;AFA.<\/p>\n<p class=\"font_8\">El per\u00edode s&#8217;iniciar\u00e0 el dijous 17.06.2021 fins al 10.09.2021.<\/p>\n","protected":false},"excerpt":{"rendered":"<p>Extraescolars<\/p>\n<p>Les Extraescolars del Pompeu!<br \/>\nL&#8217;Associaci\u00f3 de Fam\u00edlies de l&#8217;escola Pompeu Fabra\u00a0\u00a0AFA, organitza un seguit d\u2019activitats extraescolars amb l\u2019afany d\u2019oferir a les fam\u00edlies, i en especial a l\u2019alumnat, la possibilitat de gaudir d\u2019una part del seu temps de lleure durant la setmana.<br \/>\nNo caldr\u00e0 dir, doncs, que des&hellip;  <a href=\"https:\/\/agora.xtec.cat\/esc-pompeufabra\/serveis\/activitats-extraescolars\/\" title=\"Read Activitats extraescolars\">Llegeix m\u00e9s\u00bb<\/a><\/p>\n","protected":false},"author":1,"featured_media":0,"parent":66,"menu_order":3,"comment_status":"closed","ping_status":"closed","template":"page-templates\/side-menu.php","meta":{"_bbp_topic_count":0,"_bbp_reply_count":0,"_bbp_total_topic_count":0,"_bbp_total_reply_count":0,"_bbp_voice_count":0,"_bbp_anonymous_reply_count":0,"_bbp_topic_count_hidden":0,"_bbp_reply_count_hidden":0,"_bbp_forum_subforum_count":0,"footnotes":""},"class_list":["post-84","page","type-page","status-publish","hentry"],"post_mailing_queue_ids":[],"_links":{"self":[{"href":"https:\/\/agora.xtec.cat\/esc-pompeufabra\/wp-json\/wp\/v2\/pages\/84","targetHints":{"allow":["GET"]}}],"collection":[{"href":"https:\/\/agora.xtec.cat\/esc-pompeufabra\/wp-json\/wp\/v2\/pages"}],"about":[{"href":"https:\/\/agora.xtec.cat\/esc-pompeufabra\/wp-json\/wp\/v2\/types\/page"}],"author":[{"embeddable":true,"href":"https:\/\/agora.xtec.cat\/esc-pompeufabra\/wp-json\/wp\/v2\/users\/1"}],"replies":[{"embeddable":true,"href":"https:\/\/agora.xtec.cat\/esc-pompeufabra\/wp-json\/wp\/v2\/comments?post=84"}],"version-history":[{"count":6,"href":"https:\/\/agora.xtec.cat\/esc-pompeufabra\/wp-json\/wp\/v2\/pages\/84\/revisions"}],"predecessor-version":[{"id":5671,"href":"https:\/\/agora.xtec.cat\/esc-pompeufabra\/wp-json\/wp\/v2\/pages\/84\/revisions\/5671"}],"up":[{"embeddable":true,"href":"https:\/\/agora.xtec.cat\/esc-pompeufabra\/wp-json\/wp\/v2\/pages\/66"}],"wp:attachment":[{"href":"https:\/\/agora.xtec.cat\/esc-pompeufabra\/wp-json\/wp\/v2\/media?parent=84"}],"curies":[{"name":"wp","href":"https:\/\/api.w.org\/{rel}","templated":true}]}}