{"id":82,"date":"2014-09-18T14:10:51","date_gmt":"2014-09-18T13:10:51","guid":{"rendered":"http:\/\/agora.xtec.cat\/esc-pompeufabra\/?page_id=82"},"modified":"2025-02-23T12:29:52","modified_gmt":"2025-02-23T11:29:52","slug":"casal-destiu","status":"publish","type":"page","link":"https:\/\/agora.xtec.cat\/esc-pompeufabra\/serveis\/casal-destiu\/","title":{"rendered":"Casal d&#8217;estiu"},"content":{"rendered":"<div class=\"page-header\">\n<h2>Casal d&#8217;estiu<\/h2>\n<\/div>\n<div class=\"jsn-article-toolbar\">\n<div class=\"clearfix\"><\/div>\n<\/div>\n<h3>Educant en valors i conviv\u00e8ncia<\/h3>\n<p>Des de l\u2019AFA de l\u2019escola Pompeu Fabra, com cada estiu, s\u2019organitza l\u2019activitat del CASAL, amb l\u2019<strong>objectiu de compartir un temps d\u2019oci de qualitat amb infants<\/strong>\u00a0d\u2019edats entre 3 i 12 anys.<\/p>\n<p>\u00c9s una activitat oberta al barri i a tots aquells nens i nenes que vulguin venir a gaudir de les activitats, tallers, jocs i sortides programades per realitzar durant el casal.<\/p>\n<p>Entre aquestes activitats, que giren en torn un centre d\u2019inter\u00e8s, podem destacar:<\/p>\n<table>\n<tbody>\n<tr>\n<td valign=\"top\">\n<ul>\n<li>Tallers Manuals.<\/li>\n<li>Jocs Esportius.<\/li>\n<li>Jocs Col\u00b7laboratius i d\u2019Equip.<\/li>\n<li>Piscina (un cop per setmana).<\/li>\n<\/ul>\n<\/td>\n<td valign=\"top\">\n<ul>\n<li>Sortides d\u2019un dia cada setmana a diferents espais, com la h\u00edpica Can Vivet, la piscina La Bassa, etc.<\/li>\n<li>Nit a l\u2019escola (opcional).<\/li>\n<\/ul>\n<\/td>\n<\/tr>\n<\/tbody>\n<\/table>\n<div class=\"text-box\">\n<h5>La finalitat principal de l\u2019equip organitzatiu \u00e9s educar en valors com el respecte, la cooperaci\u00f3, l\u2019empatia, entre altres a trav\u00e9s de l\u2019activitat l\u00fadica, donar eines als nens i nenes per aprofitar i gaudir del seu temps lliure i sobre tot promoure actituds adequades per a una conviv\u00e8ncia positiva.<\/h5>\n<\/div>\n<p>Aix\u00ed doncs, s\u2019ofereix un servei de qualitat basat en un equip amb molta il\u00b7lusi\u00f3 vers la feina que realitza dia a dia amb els infants i amb un gran esperit de superaci\u00f3. Remarcar que s\u00f3n monitors i monitores amb experi\u00e8ncia en el m\u00f3n del lleure i, en la seva gran majoria, basat en l\u2019equip de treballadors i treballadores de l\u2019escola durant tot el curs.<\/p>\n<p>Tamb\u00e9 cal esmentar que l\u2019activitat es realitza durant els mesos de juny (\u00faltima setmana), juliol (mes sencer) i setembre (primera setmana) i alguns dels serveis que s\u2019ofereixen s\u00f3n:<\/p>\n<ul>\n<li>Possibilitat d\u2019escollir entre dos horaris: mati 9h-13h o dia sencer 9h-17h.<\/li>\n<li>Servei de menjador amb cuina pr\u00f2pia.<\/li>\n<li>Servei de perman\u00e8ncies matinal de 8h-9h.<\/li>\n<\/ul>\n<p>&nbsp;<\/p>\n<div class=\"text-box\">\n<h5>Us esperem per gaudir plegats d\u2019un estiu ple de diversi\u00f3 i aventures!<\/h5>\n<\/div>\n","protected":false},"excerpt":{"rendered":"<p>Casal d&#8217;estiu<\/p>\n<p>Educant en valors i conviv\u00e8ncia<br \/>\nDes de l\u2019AFA de l\u2019escola Pompeu Fabra, com cada estiu, s\u2019organitza l\u2019activitat del CASAL, amb l\u2019objectiu de compartir un temps d\u2019oci de qualitat amb infants\u00a0d\u2019edats entre 3 i 12 anys.<br \/>\n\u00c9s una activitat oberta al barri i a tots aquells nens&hellip;  <a href=\"https:\/\/agora.xtec.cat\/esc-pompeufabra\/serveis\/casal-destiu\/\" title=\"Read Casal d&#8217;estiu\">Llegeix m\u00e9s\u00bb<\/a><\/p>\n","protected":false},"author":1,"featured_media":0,"parent":66,"menu_order":4,"comment_status":"closed","ping_status":"closed","template":"page-templates\/side-menu.php","meta":{"_bbp_topic_count":0,"_bbp_reply_count":0,"_bbp_total_topic_count":0,"_bbp_total_reply_count":0,"_bbp_voice_count":0,"_bbp_anonymous_reply_count":0,"_bbp_topic_count_hidden":0,"_bbp_reply_count_hidden":0,"_bbp_forum_subforum_count":0,"footnotes":""},"class_list":["post-82","page","type-page","status-publish","hentry"],"post_mailing_queue_ids":[],"_links":{"self":[{"href":"https:\/\/agora.xtec.cat\/esc-pompeufabra\/wp-json\/wp\/v2\/pages\/82","targetHints":{"allow":["GET"]}}],"collection":[{"href":"https:\/\/agora.xtec.cat\/esc-pompeufabra\/wp-json\/wp\/v2\/pages"}],"about":[{"href":"https:\/\/agora.xtec.cat\/esc-pompeufabra\/wp-json\/wp\/v2\/types\/page"}],"author":[{"embeddable":true,"href":"https:\/\/agora.xtec.cat\/esc-pompeufabra\/wp-json\/wp\/v2\/users\/1"}],"replies":[{"embeddable":true,"href":"https:\/\/agora.xtec.cat\/esc-pompeufabra\/wp-json\/wp\/v2\/comments?post=82"}],"version-history":[{"count":5,"href":"https:\/\/agora.xtec.cat\/esc-pompeufabra\/wp-json\/wp\/v2\/pages\/82\/revisions"}],"predecessor-version":[{"id":6504,"href":"https:\/\/agora.xtec.cat\/esc-pompeufabra\/wp-json\/wp\/v2\/pages\/82\/revisions\/6504"}],"up":[{"embeddable":true,"href":"https:\/\/agora.xtec.cat\/esc-pompeufabra\/wp-json\/wp\/v2\/pages\/66"}],"wp:attachment":[{"href":"https:\/\/agora.xtec.cat\/esc-pompeufabra\/wp-json\/wp\/v2\/media?parent=82"}],"curies":[{"name":"wp","href":"https:\/\/api.w.org\/{rel}","templated":true}]}}