{"id":706,"date":"2020-07-12T11:57:14","date_gmt":"2020-07-12T09:57:14","guid":{"rendered":"https:\/\/agora.xtec.cat\/esc-pompeufabra\/?page_id=706"},"modified":"2024-05-07T09:27:58","modified_gmt":"2024-05-07T07:27:58","slug":"afa","status":"publish","type":"page","link":"https:\/\/agora.xtec.cat\/esc-pompeufabra\/serveis\/afa\/","title":{"rendered":"AFA"},"content":{"rendered":"<div class=\"page-header\">\n<h4><\/h4>\n<h4><a href=\"https:\/\/comuafapompeu.wixsite.com\/afapompeu\"><img loading=\"lazy\" decoding=\"async\" class=\"alignnone wp-image-738\" src=\"https:\/\/agora.xtec.cat\/esc-pompeufabra\/wp-content\/uploads\/usu2202\/2020\/11\/logo-afa.jpg\" alt=\"\" width=\"224\" height=\"92\" \/><\/a><\/h4>\n<p><a href=\"https:\/\/agora.xtec.cat\/esc-pompeufabra\/wp-content\/uploads\/usu2202\/2020\/11\/www.jpg\"><img loading=\"lazy\" decoding=\"async\" class=\"wp-image-740 alignleft\" src=\"https:\/\/agora.xtec.cat\/esc-pompeufabra\/wp-content\/uploads\/usu2202\/2020\/11\/www.jpg\" alt=\"\" width=\"100\" height=\"100\" srcset=\"https:\/\/agora.xtec.cat\/esc-pompeufabra\/wp-content\/uploads\/usu2202\/2020\/11\/www.jpg 800w, https:\/\/agora.xtec.cat\/esc-pompeufabra\/wp-content\/uploads\/usu2202\/2020\/11\/www-150x150.jpg 150w, https:\/\/agora.xtec.cat\/esc-pompeufabra\/wp-content\/uploads\/usu2202\/2020\/11\/www-300x300.jpg 300w, https:\/\/agora.xtec.cat\/esc-pompeufabra\/wp-content\/uploads\/usu2202\/2020\/11\/www-768x768.jpg 768w\" sizes=\"auto, (max-width: 100px) 100vw, 100px\" \/><\/a><\/p>\n<h4><\/h4>\n<h4><a href=\"https:\/\/comuafapompeu.wixsite.com\/afapompeu\"><strong>https:\/\/comuafapompeu.wixsite.com\/afapompeu<\/strong><\/a><\/h4>\n<p>&nbsp;<\/p>\n<\/div>\n<p>&nbsp;<\/p>\n<div class=\"page-header\">\n<h4><\/h4>\n<p><img loading=\"lazy\" decoding=\"async\" class=\"alignleft\" src=\"https:\/\/www.campingruralmontori.com\/wp-content\/uploads\/simbolo-de-un-telefono-auricular-en-un-circulo_318-50200-400x400.jpg\" width=\"65\" height=\"65\" \/><\/p>\n<h4>934\u00a0086 616<\/h4>\n<p>&nbsp;<\/p>\n<h4><\/h4>\n<\/div>\n<h4><\/h4>\n<p>&nbsp;<\/p>\n<div class=\"page-header\">\n<p><img loading=\"lazy\" decoding=\"async\" class=\"alignleft\" src=\"https:\/\/eldespertadorcoaching.files.wordpress.com\/2016\/04\/mail-icona.png\" width=\"73\" height=\"73\" \/><\/p>\n<h4><a href=\"mailto:afa@escolapompeu.cat\">afa@escolapompeu.cat<\/a><\/h4>\n<p>&nbsp;<\/p>\n<p>&nbsp;<\/p>\n<h4><img loading=\"lazy\" decoding=\"async\" class=\"alignleft\" src=\"https:\/\/seeklogo.net\/wp-content\/uploads\/2015\/09\/twitter-square-logo-400x400.png\" width=\"52\" height=\"52\" \/><br \/>\n<a href=\"https:\/\/twitter.com\/afapompeufabra\" target=\"_blank\" rel=\"noopener noreferrer\"> @afapompeufabra<\/a><\/h4>\n<h2><\/h2>\n<h2>L&#8217;AFA del Pompeu &#8211; Contacta amb nosaltres<\/h2>\n<div id=\"comp-kgshkzvh\" class=\"txtNew\" data-packed=\"true\" data-vertical-text=\"false\">\n<p class=\"font_9\">L&#8217;AFA compta amb l&#8217;Esperan\u00e7a Faura una figura administrativa per donar suport a totes les fam\u00edlies. Per contactar amb ella teniu les seg\u00fcents opcions:<\/p>\n<\/div>\n<\/div>\n<ul>\n<li class=\"font_9\">Tel\u00e8fon\u00a0<a href=\"tel:93 408 66 16\" data-content=\"93 408 66 16\" data-type=\"phone\">93 408 66 16<\/a> | Trobareu a l&#8217;Esperan\u00e7a Faura tots els matins de dilluns a divendres de 9h a 10h.<\/li>\n<li class=\"font_9\">Correu electr\u00f2nic\u00a0<a href=\"mailto:afa@escolapompeu.cat?subject=consulta%20des%20de%20web\" target=\"_self\" rel=\"noopener noreferrer\" data-content=\"afa@escolapompeu.cat\" data-type=\"mail\">afa@escolapompeu.cat<\/a><\/li>\n<\/ul>\n<p>A causa de la\u00a0covid-19\u00a0aquest curs 2020\/21 l&#8217;atenci\u00f3 nom\u00e9s podr\u00e0 ser\u00a0telef\u00f2nica o telem\u00e0tica.<\/p>\n<div class=\"page-header\">\n<div id=\"comp-kgszxpuy\" class=\"txtNew\" data-packed=\"true\" data-vertical-text=\"false\">\n<p class=\"font_9\">Per contactar amb els diferents serveis de l&#8217;AFA us indiquem els\u00a0<strong>correus<\/strong>\u00a0actuals i tamb\u00e9 disposeu de\u00a0<strong>formularis d&#8217;enviament<\/strong> <strong>directe<\/strong>\u00a0per consultar temes generals de l&#8217;AFA, per traslladar informaci\u00f3 d&#8217;acollida i menjador i per contactar amb les persones referents del servei d&#8217;extraescolars:<\/p>\n<\/div>\n<div id=\"comp-kgt02hz2\" class=\"txtNew\" data-packed=\"true\" data-vertical-text=\"false\">\n<ul>\n<li class=\"font_9\">Servei de menjador i acollida:\u00a0<a href=\"mailto:menjador@escolapompeu.cat?subject=consulta%20des%20de%20web\" target=\"_self\" rel=\"noopener noreferrer\" data-content=\"menjador@escolapompeu.cat\" data-type=\"mail\">menjador@escolapompeu.cat<\/a><\/li>\n<\/ul>\n<\/div>\n<div id=\"comp-kgt05z55\" class=\"style-kgshs1hj\" data-svg-id=\"ae3c359db8ca4125830deda58c35936f.svg\" data-svg-type=\"color\" data-display-mode=\"fit\" data-viewbox=\"0 0 200 200\" data-preserve-viewbox=\"ignore\">\n<div id=\"comp-kgt05z55link\" class=\"style-kgshs1hjlink\">\n<div id=\"comp-kgt05z55svg\" class=\"style-kgshs1hj_comp-kgt05z55 style-kgshs1hj_non-scaling-stroke style-kgshs1hjsvg\"><\/div>\n<\/div>\n<\/div>\n<div id=\"comp-kgt05z4c\" class=\"txtNew\" data-packed=\"true\" data-vertical-text=\"false\">\n<ul>\n<li class=\"font_9\">Servei d&#8217;extraescolars:\u00a0<a href=\"mailto:extraescolars@escolapompeu.cat?subject=consulta%20des%20de%20web\" target=\"_self\" rel=\"noopener noreferrer\" data-content=\"extraescolars@escolapompeu.cat\" data-type=\"mail\">extraescolars@escolapompeu.cat<\/a><\/li>\n<\/ul>\n<\/div>\n<div id=\"comp-kgt098ia\" class=\"style-kgshs1hj\" data-svg-id=\"11062b_cde573aa6f2645218524aaf6742c3736.svg\" data-svg-type=\"color\" data-display-mode=\"fit\" data-viewbox=\"0 0 200 200\" data-preserve-viewbox=\"ignore\">\n<div id=\"comp-kgt098ialink\" class=\"style-kgshs1hjlink\">\n<div id=\"comp-kgt098iasvg\" class=\"style-kgshs1hj_comp-kgt098ia style-kgshs1hj_non-scaling-stroke style-kgshs1hjsvg\"><\/div>\n<\/div>\n<\/div>\n<div id=\"comp-kgt098j9\" class=\"txtNew\" data-packed=\"true\" data-vertical-text=\"false\">\n<ul>\n<li class=\"font_9\">Comissi\u00f3 Comunicaci\u00f3:\u00a0<a href=\"mailto:comu.afapompeu@gmail.com\" target=\"_self\" rel=\"noopener noreferrer\" data-content=\"comu.afapompeu@gmail.com\" data-type=\"mail\">comu.afapompeu@gmail.com<\/a><\/li>\n<\/ul>\n<\/div>\n<div id=\"comp-kgt0thd4\" class=\"txtNew\" data-packed=\"true\" data-vertical-text=\"false\">\n<ul>\n<li class=\"font_9\">Escola de Fam\u00edlies:\u00a0<a href=\"mailto:escolafamiliespompeu@gmail.com\" target=\"_self\" rel=\"noopener noreferrer\" data-content=\"escolafamiliespompeu@gmail.com\" data-type=\"mail\">escolafamiliespompeu@gmail.com<\/a><\/li>\n<\/ul>\n<\/div>\n<div id=\"comp-kgt0ua4b\" class=\"style-kgshs1hj\" data-svg-id=\"5f80f60a48d14ba5b62aac91665b8c6f.svg\" data-svg-type=\"color\" data-display-mode=\"fit\" data-viewbox=\"0 0 200 200\" data-preserve-viewbox=\"ignore\">\n<div id=\"comp-kgt0ua4blink\" class=\"style-kgshs1hjlink\">\n<div id=\"comp-kgt0ua4bsvg\" class=\"style-kgshs1hj_comp-kgt0ua4b style-kgshs1hj_non-scaling-stroke style-kgshs1hjsvg\"><\/div>\n<\/div>\n<\/div>\n<div id=\"comp-kgt0rnkk\" class=\"txtNew\" data-packed=\"true\" data-vertical-text=\"false\">\n<ul>\n<li class=\"font_9\">Comissi\u00f3 Casal d&#8217;estiu:\u00a0<a href=\"mailto:casal@escolapompeu.cat\" target=\"_self\" rel=\"noopener noreferrer\" data-content=\"casal@escolapompeu.cat\" data-type=\"mail\">casal@escolapompeu.cat<\/a><\/li>\n<\/ul>\n<p>&nbsp;<\/p>\n<\/div>\n<\/div>\n<div class=\"jsn-article-toolbar\">\n<div class=\"clearfix\"><\/div>\n<\/div>\n<h4 align=\"center\"><\/h4>\n<div class=\"grid-layout grid-layout2 clearafter\">\n<div class=\"grid-col\">\n<div class=\"grid-col_inner\">\n<p align=\"center\"><a href=\"http:\/\/www.escolapompeu.cat\/l-afa\" target=\"_blank\" rel=\"noopener noreferrer\"><img loading=\"lazy\" decoding=\"async\" class=\"alignright\" src=\"http:\/\/www.escolapompeu.cat\/images\/AMPA\/Noticies\/Logo_totsomafa_02.png\" alt=\"\" width=\"445\" height=\"383\" \/><\/a><\/p>\n<\/div>\n<\/div>\n<div class=\"grid-col grid-lastcol\">\n<div class=\"grid-col_inner\">\n<h4 align=\"center\"><\/h4>\n<\/div>\n<\/div>\n<\/div>\n","protected":false},"excerpt":{"rendered":"<p><a href=\"https:\/\/comuafapompeu.wixsite.com\/afapompeu\"><\/a><br \/>\n<a href=\"https:\/\/agora.xtec.cat\/esc-pompeufabra\/wp-content\/uploads\/usu2202\/2020\/11\/www.jpg\"><\/a><\/p>\n<p><a href=\"https:\/\/comuafapompeu.wixsite.com\/afapompeu\">https:\/\/comuafapompeu.wixsite.com\/afapompeu<\/a><br \/>\n&nbsp;<\/p>\n<p>&nbsp;<\/p>\n<p>934\u00a0086 616<br \/>\n&nbsp;<\/p>\n<p>&nbsp;<\/p>\n<p><a href=\"mailto:afa@escolapompeu.cat\">afa@escolapompeu.cat<\/a><br \/>\n&nbsp;<br \/>\n&nbsp;<\/p>\n<p><a href=\"https:\/\/twitter.com\/afapompeufabra\" target=\"_blank\" rel=\"noopener noreferrer\"> @afapompeufabra<\/a><\/p>\n<p>L&#8217;AFA del Pompeu &#8211; Contacta amb nosaltres<\/p>\n<p>L&#8217;AFA compta amb l&#8217;Esperan\u00e7a Faura una figura administrativa per donar suport a totes les fam\u00edlies. Per contactar amb ella teniu les seg\u00fcents opcions:<\/p>\n<ul>\n<li class=\"font_9\">Tel\u00e8fon\u00a0<a href=\"tel:93 408 66 16\" data-content=\"93&hellip;  <a href=\"https:\/\/agora.xtec.cat\/esc-pompeufabra\/serveis\/afa\/\" title=\"Read AFA\">Llegeix m\u00e9s\u00bb<\/a><br \/>\n","protected":false},"author":1,"featured_media":0,"parent":66,"menu_order":1,"comment_status":"closed","ping_status":"closed","template":"page-templates\/side-menu.php","meta":{"_bbp_topic_count":0,"_bbp_reply_count":0,"_bbp_total_topic_count":0,"_bbp_total_reply_count":0,"_bbp_voice_count":0,"_bbp_anonymous_reply_count":0,"_bbp_topic_count_hidden":0,"_bbp_reply_count_hidden":0,"_bbp_forum_subforum_count":0,"footnotes":""},"class_list":["post-706","page","type-page","status-publish","hentry"],"post_mailing_queue_ids":[],"_links":{"self":[{"href":"https:\/\/agora.xtec.cat\/esc-pompeufabra\/wp-json\/wp\/v2\/pages\/706","targetHints":{"allow":["GET"]}}],"collection":[{"href":"https:\/\/agora.xtec.cat\/esc-pompeufabra\/wp-json\/wp\/v2\/pages"}],"about":[{"href":"https:\/\/agora.xtec.cat\/esc-pompeufabra\/wp-json\/wp\/v2\/types\/page"}],"author":[{"embeddable":true,"href":"https:\/\/agora.xtec.cat\/esc-pompeufabra\/wp-json\/wp\/v2\/users\/1"}],"replies":[{"embeddable":true,"href":"https:\/\/agora.xtec.cat\/esc-pompeufabra\/wp-json\/wp\/v2\/comments?post=706"}],"version-history":[{"count":5,"href":"https:\/\/agora.xtec.cat\/esc-pompeufabra\/wp-json\/wp\/v2\/pages\/706\/revisions"}],"predecessor-version":[{"id":5621,"href":"https:\/\/agora.xtec.cat\/esc-pompeufabra\/wp-json\/wp\/v2\/pages\/706\/revisions\/5621"}],"up":[{"embeddable":true,"href":"https:\/\/agora.xtec.cat\/esc-pompeufabra\/wp-json\/wp\/v2\/pages\/66"}],"wp:attachment":[{"href":"https:\/\/agora.xtec.cat\/esc-pompeufabra\/wp-json\/wp\/v2\/media?parent=706"}],"curies":[{"name":"wp","href":"https:\/\/api.w.org\/{rel}","templated":true}]}}