{"id":656,"date":"2020-07-10T14:07:34","date_gmt":"2020-07-10T12:07:34","guid":{"rendered":"https:\/\/agora.xtec.cat\/esc-pompeufabra\/?page_id=656"},"modified":"2025-02-24T17:17:33","modified_gmt":"2025-02-24T16:17:33","slug":"activitats-interescolars","status":"publish","type":"page","link":"https:\/\/agora.xtec.cat\/esc-pompeufabra\/activitats-i-festes\/activitats-interescolars\/","title":{"rendered":"Activitats en xarxa"},"content":{"rendered":"<h3><strong>DANSA ARA<\/strong><\/h3>\n<p>Dansa Ara \u00e9s un gran esdeveniment de dansa contempor\u00e0nia organitzat per l\u2019<a href=\"http:\/\/www.barcelona.cat\/\" target=\"_blank\" rel=\"noopener noreferrer\">Ajuntament de Barcelona<\/a>\u00a0i adre\u00e7at a l\u2019alumnat de cicle inicial d\u2019escoles de Barcelona.<br \/>\nVol promocionar l\u2019aprenentatge de les habilitats r\u00edtmiques i art\u00edstiques dels infants mitjan\u00e7ant la dansa contempor\u00e0nia.<br \/>\nDespr\u00e9s del treball d\u2019aprenentatge d\u2019un repertori de danses amb el professorat al centre educatiu, l\u2019alumnat participa en una jornada de dansa en la qual els nens i les nenes s\u00f3n protagonistes d\u2019un gran espectacle de dansa contempor\u00e0nia que t\u00e9 lloc al <a href=\"http:\/\/www.palausantjordi.cat\/\" target=\"_blank\" rel=\"noopener noreferrer\">Palau Sant Jordi<\/a>.<\/p>\n<p>Aquesta activitat tamb\u00e9 compta amb la col\u00b7laboraci\u00f3 de les seg\u00fcents entitats:\u00a0<a href=\"http:\/\/www.institutdelteatre.cat\/ca\/thm28\/graduats.htm\" target=\"_blank\" rel=\"noopener noreferrer\">Companyia IT Dansa de l\u2019Institut del Teatre<\/a>,\u00a0<a href=\"https:\/\/factoriamascaro.wordpress.com\/\" target=\"_blank\" rel=\"noopener noreferrer\">Factoria Mascar\u00f3<\/a>, Palau Sant Jordi-BSM i Barcelona Promoci\u00f3- Anella Ol\u00edmpica.<\/p>\n<h3><strong>CANT\u00c0NIA<\/strong><\/h3>\n<p style=\"text-align: justify;\">El curs 1989 \u2013 1990 va n\u00e9ixer Cant\u00e0nia a partir de la voluntat de les mestres de m\u00fasica de les nou escoles municipals de Barcelona de fer alguna activitat conjunta. L\u2019any 1997 es van afegir totes les escoles de la ciutat. L\u2019\u00e8xit va ser tal, que l\u2019any 2002 va comen\u00e7ar a implantar-se a altres ciutats de Catalunya i l\u2019any 2005 va comen\u00e7ar a cr\u00e9ixer arreu del m\u00f3n.<\/p>\n<p style=\"text-align: justify;\"><strong>L\u2019objectiu<\/strong> \u00e9s organitzar un acte per als infants que, per les caracter\u00edstiques globals pensades exclusivament per a ells, per la qualitat i per la implicaci\u00f3 personal i col\u00b7lectiva en l\u2019acte, es converteixi en una viv\u00e8ncia musical inoblidable per a tots. Una <strong>activitat participativa<\/strong> en la qual s\u2019inscriuen escolars de cicle mitj\u00e0 i superior de prim\u00e0ria de Catalunya.<\/p>\n<p style=\"text-align: justify;\">Cada any s\u2019estrena una obra encarregada especialment per a aquesta activitat.<\/p>\n<p style=\"text-align: justify;\">Els enc\u00e0rrecs acostumen a fer-se a <strong>compositors i escriptors catalans de reconegut prestigi<\/strong>.<\/p>\n<h3><strong>ACTIVITATS COMPARTIDES AMB ELS INSTITUTS<\/strong><\/h3>\n<p>A partir del segon trimestre de cada curs, visitem els dos instituts de refer\u00e8ncia de l&#8217;escola, l&#8217;institut l&#8217;Alzina i l&#8217;institut Dolors Aleu. Fem una visita a cada un dels centres on sovint els i les guies s\u00f3n antics i antigues alumnes de l&#8217;escola.<\/p>\n<h3><strong>ALTRES ACTIVITATS <\/strong><\/h3>\n<p style=\"text-align: justify;\">Hem participat en els darrers cursos i en funci\u00f3 de la disponibilitat del curs escolar en concret, d&#8217;activitats compartides amb altres escoles com el Projecte Prisma (teatre social, amb una representaci\u00f3 final al teatre de Can Clariana amb altres escoles) o les Curses d&#8217;Orientaci\u00f3 al parc ol\u00edmpic de Montju\u00efc.<\/p>\n<p style=\"text-align: justify;\">\n","protected":false},"excerpt":{"rendered":"<p>DANSA ARA<br \/>\nDansa Ara \u00e9s un gran esdeveniment de dansa contempor\u00e0nia organitzat per l\u2019<a href=\"http:\/\/www.barcelona.cat\/\" target=\"_blank\" rel=\"noopener noreferrer\">Ajuntament de Barcelona<\/a>\u00a0i adre\u00e7at a l\u2019alumnat de cicle inicial d\u2019escoles de Barcelona.<br \/>\nVol promocionar l\u2019aprenentatge de les habilitats r\u00edtmiques i art\u00edstiques dels infants mitjan\u00e7ant la dansa contempor\u00e0nia.<br \/>\nDespr\u00e9s del treball d\u2019aprenentatge&hellip;  <a href=\"https:\/\/agora.xtec.cat\/esc-pompeufabra\/activitats-i-festes\/activitats-interescolars\/\" title=\"Read Activitats en xarxa\">Llegeix m\u00e9s\u00bb<\/a><\/p>\n","protected":false},"author":1,"featured_media":0,"parent":597,"menu_order":3,"comment_status":"closed","ping_status":"closed","template":"page-templates\/side-menu.php","meta":{"_bbp_topic_count":0,"_bbp_reply_count":0,"_bbp_total_topic_count":0,"_bbp_total_reply_count":0,"_bbp_voice_count":0,"_bbp_anonymous_reply_count":0,"_bbp_topic_count_hidden":0,"_bbp_reply_count_hidden":0,"_bbp_forum_subforum_count":0,"footnotes":""},"class_list":["post-656","page","type-page","status-publish","hentry"],"post_mailing_queue_ids":[],"_links":{"self":[{"href":"https:\/\/agora.xtec.cat\/esc-pompeufabra\/wp-json\/wp\/v2\/pages\/656","targetHints":{"allow":["GET"]}}],"collection":[{"href":"https:\/\/agora.xtec.cat\/esc-pompeufabra\/wp-json\/wp\/v2\/pages"}],"about":[{"href":"https:\/\/agora.xtec.cat\/esc-pompeufabra\/wp-json\/wp\/v2\/types\/page"}],"author":[{"embeddable":true,"href":"https:\/\/agora.xtec.cat\/esc-pompeufabra\/wp-json\/wp\/v2\/users\/1"}],"replies":[{"embeddable":true,"href":"https:\/\/agora.xtec.cat\/esc-pompeufabra\/wp-json\/wp\/v2\/comments?post=656"}],"version-history":[{"count":7,"href":"https:\/\/agora.xtec.cat\/esc-pompeufabra\/wp-json\/wp\/v2\/pages\/656\/revisions"}],"predecessor-version":[{"id":6511,"href":"https:\/\/agora.xtec.cat\/esc-pompeufabra\/wp-json\/wp\/v2\/pages\/656\/revisions\/6511"}],"up":[{"embeddable":true,"href":"https:\/\/agora.xtec.cat\/esc-pompeufabra\/wp-json\/wp\/v2\/pages\/597"}],"wp:attachment":[{"href":"https:\/\/agora.xtec.cat\/esc-pompeufabra\/wp-json\/wp\/v2\/media?parent=656"}],"curies":[{"name":"wp","href":"https:\/\/api.w.org\/{rel}","templated":true}]}}