{"id":654,"date":"2020-07-10T14:06:14","date_gmt":"2020-07-10T12:06:14","guid":{"rendered":"https:\/\/agora.xtec.cat\/esc-pompeufabra\/?page_id=654"},"modified":"2025-02-23T10:38:42","modified_gmt":"2025-02-23T09:38:42","slug":"esdeveniments-descola","status":"publish","type":"page","link":"https:\/\/agora.xtec.cat\/esc-pompeufabra\/activitats-i-festes\/esdeveniments-descola\/","title":{"rendered":"Esdeveniments d&#8217;escola"},"content":{"rendered":"<h3><strong>L\u2019acte d\u2019inauguraci\u00f3. Benvinguda al nou curs.\u00a0<\/strong><\/h3>\n<p data-pm-slice=\"1 1 []\">Cada inici de curs rebem a tota la nostra comunitat educativa amb un acte d\u2019inauguraci\u00f3. La direcci\u00f3 de l&#8217;escola fa un petit discurs per donar la benvinguda a tothom i explica els objectius que es prioritzaran durant el curs escolar.<\/p>\n<p>Cada curs t\u00e9 un fil conductor que s&#8217;anuncia en aquest primer acte i es va treballant a les diferents aules durant el primer trimestre.<\/p>\n<div class=\"text-box\">\n<h3><strong>Les Olimpifabres. Esport i vida sana per tenir una educaci\u00f3 plena.\u00a0<\/strong><\/h3>\n<p style=\"text-align: justify;\"><span style=\"font-family: inherit; font-size: 1em;\">Cada any, l&#8217;escola organitza les <\/span><strong style=\"font-family: inherit; font-size: 1em;\">Olimpifabres<\/strong><span style=\"font-family: inherit; font-size: 1em;\"> a Can Drag\u00f3.<\/span><\/p>\n<\/div>\n<p>L\u2019esperit d\u2019aquesta jornada \u00e9s gaudir de l\u2019esfor\u00e7 col\u00b7lectiu, tot participant en activitats i proves esportives, amb l\u2019objectiu de posar en joc el potencial de cada infant.<br \/>\nEs tracta d&#8217;una manera sana i divertida d&#8217;aprendre valors importants com la cooperaci\u00f3 i l&#8217;esfor\u00e7, el treball en equip, la compressi\u00f3 dels altres i la superaci\u00f3 dels nostres propis l\u00edmits.<\/p>\n<p>Des dels m\u00e9s petits fins als m\u00e9s grans participen en tot un seguit de proves esportives i de jocs.<br \/>\nLes fam\u00edlies tamb\u00e9 estan convidades a veure aquesta diada esportiva. La comissi\u00f3 de fotografia \u00e9s l\u2019encarregada de fer fotos i v\u00eddeos.<\/p>\n<p>Recordar a tothom que els millors premis s\u00f3n: la satisfacci\u00f3 de guanyar entre tots jocs per compartir a les estones d\u2019esbarjo i el reconeixement als companys i companyes que mostren tenir unes bones aptituds per a l\u2019esport.<\/p>\n<h3><strong>Diada de Sant Jordi. Els Mots Florals.<\/strong><\/h3>\n<p data-pm-slice=\"1 1 []\">La diada de Sant Jordi es converteix en una oportunitat perqu\u00e8 tot l&#8217;alumnat pugui crear diferents tipus de textos literaris i compartir-los amb la resta de companys i companyes de l&#8217;escola.<\/p>\n<h3><strong>Aq\u00fc\u00edstrings. Festa de cloenda del curs.\u00a0<\/strong><\/h3>\n<p>Per tal de finalitzar el curs, a tota l&#8217;escola s\u2019organitza una gimcana, amb propostes preparades pels diferents grups de prim\u00e0ria, en la qual el denominador com\u00fa \u00e9s l&#8217;aigua.<\/p>\n<h3><strong>Comiat del grup de 6\u00e8.<\/strong><\/h3>\n<p>L&#8217;\u00faltim dia tamb\u00e9 es fa un acte final de curs per tal de fer el comiat als nois i les noies de 6\u00e8 que han estat a l&#8217;escola durant nou cursos. Un acte molt emotiu en qu\u00e8 participa tota l&#8217;escola.<\/p>\n","protected":false},"excerpt":{"rendered":"<p>L\u2019acte d\u2019inauguraci\u00f3. Benvinguda al nou curs.\u00a0<br \/>\nCada inici de curs rebem a tota la nostra comunitat educativa amb un acte d\u2019inauguraci\u00f3. La direcci\u00f3 de l&#8217;escola fa un petit discurs per donar la benvinguda a tothom i explica els objectius que es prioritzaran durant el curs escolar.<br \/>\nCada&hellip;  <a href=\"https:\/\/agora.xtec.cat\/esc-pompeufabra\/activitats-i-festes\/esdeveniments-descola\/\" title=\"Read Esdeveniments d&#8217;escola\">Llegeix m\u00e9s\u00bb<\/a><\/p>\n","protected":false},"author":1,"featured_media":0,"parent":597,"menu_order":2,"comment_status":"closed","ping_status":"closed","template":"page-templates\/side-menu.php","meta":{"_bbp_topic_count":0,"_bbp_reply_count":0,"_bbp_total_topic_count":0,"_bbp_total_reply_count":0,"_bbp_voice_count":0,"_bbp_anonymous_reply_count":0,"_bbp_topic_count_hidden":0,"_bbp_reply_count_hidden":0,"_bbp_forum_subforum_count":0,"footnotes":""},"class_list":["post-654","page","type-page","status-publish","hentry"],"post_mailing_queue_ids":[],"_links":{"self":[{"href":"https:\/\/agora.xtec.cat\/esc-pompeufabra\/wp-json\/wp\/v2\/pages\/654","targetHints":{"allow":["GET"]}}],"collection":[{"href":"https:\/\/agora.xtec.cat\/esc-pompeufabra\/wp-json\/wp\/v2\/pages"}],"about":[{"href":"https:\/\/agora.xtec.cat\/esc-pompeufabra\/wp-json\/wp\/v2\/types\/page"}],"author":[{"embeddable":true,"href":"https:\/\/agora.xtec.cat\/esc-pompeufabra\/wp-json\/wp\/v2\/users\/1"}],"replies":[{"embeddable":true,"href":"https:\/\/agora.xtec.cat\/esc-pompeufabra\/wp-json\/wp\/v2\/comments?post=654"}],"version-history":[{"count":7,"href":"https:\/\/agora.xtec.cat\/esc-pompeufabra\/wp-json\/wp\/v2\/pages\/654\/revisions"}],"predecessor-version":[{"id":6473,"href":"https:\/\/agora.xtec.cat\/esc-pompeufabra\/wp-json\/wp\/v2\/pages\/654\/revisions\/6473"}],"up":[{"embeddable":true,"href":"https:\/\/agora.xtec.cat\/esc-pompeufabra\/wp-json\/wp\/v2\/pages\/597"}],"wp:attachment":[{"href":"https:\/\/agora.xtec.cat\/esc-pompeufabra\/wp-json\/wp\/v2\/media?parent=654"}],"curies":[{"name":"wp","href":"https:\/\/api.w.org\/{rel}","templated":true}]}}