{"id":585,"date":"2020-07-09T14:27:52","date_gmt":"2020-07-09T12:27:52","guid":{"rendered":"https:\/\/agora.xtec.cat\/esc-pompeufabra\/?page_id=585"},"modified":"2025-02-23T11:56:50","modified_gmt":"2025-02-23T10:56:50","slug":"com-treballem","status":"publish","type":"page","link":"https:\/\/agora.xtec.cat\/esc-pompeufabra\/com-treballem\/","title":{"rendered":"Com treballem"},"content":{"rendered":"<h3>La nostra jornada a l&#8217;escola<\/h3>\n<p>A l&#8217;escola fem moltes activitats interessants que ajuden als infants a sentir-se encuriosits, a investigar i a aprofundir, ja de ben petits, en totes les coses que els envolten.<\/p>\n<p>Ens agrada que aprenguin, que preguntin i que vagin fent per cr\u00e9ixer com a persones, tant intel\u00b7lectualment com en l&#8217;\u00e0mbit personal i psicol\u00f2gic.<\/p>\n<p>\u00c9s per aix\u00f2 que organitzem espais, activitats, participem de la vida social, ens involucrem en temes relacionats amb l&#8217;educaci\u00f3, el medi ambient, les arts visuals i pl\u00e0stiques i tot all\u00f2 que serveixi per desenvolupar en els nens i nenes totes les seves capacitats.<\/p>\n<p>Considerem com important<strong> l&#8217;aprenentatge actiu<\/strong> i <strong>l&#8217;aprenentatge entre iguals<\/strong>. Per aquesta ra\u00f3, organitzem la vida escolar en quatre moments: el Nucli, el treball per Projectes, els Espais d&#8217;investigaci\u00f3 i els Aprenentatges Espec\u00edfics.<\/p>\n<p>&nbsp;<\/p>\n<p>&nbsp;<\/p>\n<p>&nbsp;<\/p>\n","protected":false},"excerpt":{"rendered":"<p>La nostra jornada a l&#8217;escola<br \/>\nA l&#8217;escola fem moltes activitats interessants que ajuden als infants a sentir-se encuriosits, a investigar i a aprofundir, ja de ben petits, en totes les coses que els envolten.<br \/>\nEns agrada que aprenguin, que preguntin i que vagin fent per cr\u00e9ixer com&hellip;  <a href=\"https:\/\/agora.xtec.cat\/esc-pompeufabra\/com-treballem\/\" title=\"Read Com treballem\">Llegeix m\u00e9s\u00bb<\/a><\/p>\n","protected":false},"author":1,"featured_media":0,"parent":0,"menu_order":0,"comment_status":"closed","ping_status":"closed","template":"page-templates\/side-menu.php","meta":{"_bbp_topic_count":0,"_bbp_reply_count":0,"_bbp_total_topic_count":0,"_bbp_total_reply_count":0,"_bbp_voice_count":0,"_bbp_anonymous_reply_count":0,"_bbp_topic_count_hidden":0,"_bbp_reply_count_hidden":0,"_bbp_forum_subforum_count":0,"footnotes":""},"class_list":["post-585","page","type-page","status-publish","hentry"],"post_mailing_queue_ids":[],"_links":{"self":[{"href":"https:\/\/agora.xtec.cat\/esc-pompeufabra\/wp-json\/wp\/v2\/pages\/585","targetHints":{"allow":["GET"]}}],"collection":[{"href":"https:\/\/agora.xtec.cat\/esc-pompeufabra\/wp-json\/wp\/v2\/pages"}],"about":[{"href":"https:\/\/agora.xtec.cat\/esc-pompeufabra\/wp-json\/wp\/v2\/types\/page"}],"author":[{"embeddable":true,"href":"https:\/\/agora.xtec.cat\/esc-pompeufabra\/wp-json\/wp\/v2\/users\/1"}],"replies":[{"embeddable":true,"href":"https:\/\/agora.xtec.cat\/esc-pompeufabra\/wp-json\/wp\/v2\/comments?post=585"}],"version-history":[{"count":6,"href":"https:\/\/agora.xtec.cat\/esc-pompeufabra\/wp-json\/wp\/v2\/pages\/585\/revisions"}],"predecessor-version":[{"id":6494,"href":"https:\/\/agora.xtec.cat\/esc-pompeufabra\/wp-json\/wp\/v2\/pages\/585\/revisions\/6494"}],"wp:attachment":[{"href":"https:\/\/agora.xtec.cat\/esc-pompeufabra\/wp-json\/wp\/v2\/media?parent=585"}],"curies":[{"name":"wp","href":"https:\/\/api.w.org\/{rel}","templated":true}]}}