{"id":579,"date":"2020-07-09T14:10:56","date_gmt":"2020-07-09T12:10:56","guid":{"rendered":"https:\/\/agora.xtec.cat\/esc-pompeufabra\/?page_id=579"},"modified":"2025-02-24T17:27:53","modified_gmt":"2025-02-24T16:27:53","slug":"relacio-amb-lentorn","status":"publish","type":"page","link":"https:\/\/agora.xtec.cat\/esc-pompeufabra\/comunitat\/relacio-amb-lentorn\/","title":{"rendered":"Relaci\u00f3 amb l&#8217;entorn"},"content":{"rendered":"<div class=\"page-header\">\n<h2><span style=\"text-decoration: underline;\">Patis oberts<\/span><\/h2>\n<\/div>\n<div class=\"jsn-article-toolbar\" style=\"text-align: justify;\"><\/div>\n<h3 style=\"text-align: justify;\">Un espai obert a tota la comunitat<\/h3>\n<p style=\"text-align: justify;\">Els patis escolars de la ciutat s&#8217;obren com a espai d&#8217;\u00fas p\u00fablic per a fam\u00edlies, infants i adolescents fora d&#8217;horari escolar, en cap de setmana i en per\u00edode de vacances escolar.<\/p>\n<p style=\"text-align: justify;\">Els objectius principals de l&#8217;obertura dels patis escolars s\u00f3n:<\/p>\n<p style=\"text-align: justify;\">&#8211; Optimitzar l&#8217;\u00fas dels centres escolars potenciant el seu vessant educatiu i social, fent possible un \u00fas del pati entre els col\u00b7lectius i\/o activitats que es puguin realitzar sense interfer\u00e8ncies tot potenciant la seva interrelaci\u00f3.<br \/>\n&#8211; Donar una alternativa de lleure als infants i joves i les seves fam\u00edlies que s&#8217;exerceix de forma aut\u00f2noma en un context segur i de proximitat.<\/p>\n<p style=\"text-align: justify;\">Cada pati escolar obert disposa d&#8217;un servei de monitoratge que obre i tanca el pati escolar dins els horaris previstos, vetlla pel bon \u00fas de les instal\u00b7lacions i procura establir din\u00e0miques de relaci\u00f3 entre els infants i joves.<\/p>\n<p style=\"text-align: justify;\">Als patis escolars oberts es duen a terme activitats de dinamitzaci\u00f3 educativa de tipus esportiu, art\u00edstic i en fam\u00edlia. Aquestes activitats s\u00f3n obertes i gratu\u00eftes al barri.<\/p>\n<div class=\"text-box\" style=\"text-align: justify;\">\n<h5 style=\"text-align: justify;\">La iniciativa municipal\u00a0<strong>Patis Escolars Oberts al Barri<\/strong>\u00a0compta amb la col\u00b7laboraci\u00f3 del\u00a0<a href=\"http:\/\/www.edubcn.cat\/\" target=\"_blank\" rel=\"noopener noreferrer\">Consorci d&#8217;Educaci\u00f3 de Barcelona<\/a>, de la\u00a0<a href=\"http:\/\/www.fbofill.cat\/\" target=\"_blank\" rel=\"noopener noreferrer\">Fundaci\u00f3 Jaume Bofill<\/a>\u00a0i de diverses entitats educatives i socials de la ciutat.<\/h5>\n<p style=\"text-align: justify;\">\n<\/div>\n<h2 style=\"text-align: justify;\"><span style=\"text-decoration: underline;\">Save the children<\/span><\/h2>\n<p>Els objectius espec\u00edfics que es volen assolir amb el refor\u00e7 educatiu que porta a terme aquesta ONG dels nens, nenes i adolescents que participen s\u00f3n els seg\u00fcents:<br \/>\n\u2022 Consolidar i ampliar l\u2019aprenentatge de les compet\u00e8ncies b\u00e0siques.<br \/>\n\u2022 Millorar el rendiment escolar.<br \/>\n\u2022 Desenvolupar compet\u00e8ncies d\u2019organitzaci\u00f3, planificaci\u00f3 i desenvolupament<br \/>\nen relaci\u00f3 amb l\u2019estudi i l\u2019acompliment de tasques educatives diverses.<br \/>\n\u2022 Estimular el gust per aprendre i per la feina ben feta.<br \/>\n\u2022 Desenvolupar habilitats socials que millorin la inclusi\u00f3 en el medi escolar i social.<br \/>\n\u2022 Ampliar les expectatives de futur en relaci\u00f3 amb la formaci\u00f3 i itinerari<br \/>\npersonal.<\/p>\n<p>Assisteix alumnat de l&#8217;escola i fem una coordinaci\u00f3 conjunta amb els educadors i responsables del programa.<\/p>\n<h2 style=\"text-align: justify;\"><span style=\"text-decoration: underline;\">Programa \u00c8xit, acompanyament educatiu<\/span><\/h2>\n<p style=\"text-align: justify;\">Amb l\u2019objectiu prioritari d\u2019assolir l\u2019\u00e8xit escolar per a tothom i prevenir l\u2019abandonament escolar prematur el Consorci d\u2019Educaci\u00f3 de Barcelona organitza el projecte \u00c8xit, que des del 2001, dona suport als centres educatius de la ciutat, ampliant el seu abast i les modalitats d\u2019actuaci\u00f3.<\/p>\n","protected":false},"excerpt":{"rendered":"<p>Patis oberts<\/p>\n<p>Un espai obert a tota la comunitat<br \/>\nEls patis escolars de la ciutat s&#8217;obren com a espai d&#8217;\u00fas p\u00fablic per a fam\u00edlies, infants i adolescents fora d&#8217;horari escolar, en cap de setmana i en per\u00edode de vacances escolar.<br \/>\nEls objectius principals de l&#8217;obertura dels patis escolars&hellip;  <a href=\"https:\/\/agora.xtec.cat\/esc-pompeufabra\/comunitat\/relacio-amb-lentorn\/\" title=\"Read Relaci\u00f3 amb l&#8217;entorn\">Llegeix m\u00e9s\u00bb<\/a><\/p>\n","protected":false},"author":1,"featured_media":0,"parent":555,"menu_order":4,"comment_status":"closed","ping_status":"closed","template":"page-templates\/side-menu.php","meta":{"_bbp_topic_count":0,"_bbp_reply_count":0,"_bbp_total_topic_count":0,"_bbp_total_reply_count":0,"_bbp_voice_count":0,"_bbp_anonymous_reply_count":0,"_bbp_topic_count_hidden":0,"_bbp_reply_count_hidden":0,"_bbp_forum_subforum_count":0,"footnotes":""},"class_list":["post-579","page","type-page","status-publish","hentry"],"post_mailing_queue_ids":[],"_links":{"self":[{"href":"https:\/\/agora.xtec.cat\/esc-pompeufabra\/wp-json\/wp\/v2\/pages\/579","targetHints":{"allow":["GET"]}}],"collection":[{"href":"https:\/\/agora.xtec.cat\/esc-pompeufabra\/wp-json\/wp\/v2\/pages"}],"about":[{"href":"https:\/\/agora.xtec.cat\/esc-pompeufabra\/wp-json\/wp\/v2\/types\/page"}],"author":[{"embeddable":true,"href":"https:\/\/agora.xtec.cat\/esc-pompeufabra\/wp-json\/wp\/v2\/users\/1"}],"replies":[{"embeddable":true,"href":"https:\/\/agora.xtec.cat\/esc-pompeufabra\/wp-json\/wp\/v2\/comments?post=579"}],"version-history":[{"count":6,"href":"https:\/\/agora.xtec.cat\/esc-pompeufabra\/wp-json\/wp\/v2\/pages\/579\/revisions"}],"predecessor-version":[{"id":6517,"href":"https:\/\/agora.xtec.cat\/esc-pompeufabra\/wp-json\/wp\/v2\/pages\/579\/revisions\/6517"}],"up":[{"embeddable":true,"href":"https:\/\/agora.xtec.cat\/esc-pompeufabra\/wp-json\/wp\/v2\/pages\/555"}],"wp:attachment":[{"href":"https:\/\/agora.xtec.cat\/esc-pompeufabra\/wp-json\/wp\/v2\/media?parent=579"}],"curies":[{"name":"wp","href":"https:\/\/api.w.org\/{rel}","templated":true}]}}