{"id":576,"date":"2020-07-09T14:07:04","date_gmt":"2020-07-09T12:07:04","guid":{"rendered":"https:\/\/agora.xtec.cat\/esc-pompeufabra\/?page_id=576"},"modified":"2026-04-12T14:10:14","modified_gmt":"2026-04-12T12:10:14","slug":"comunicats","status":"publish","type":"page","link":"https:\/\/agora.xtec.cat\/esc-pompeufabra\/lescola\/comunicats\/","title":{"rendered":"Comunicats"},"content":{"rendered":"<p>Les fam\u00edlies rebreu el comunicat setmanal a trav\u00e9s de l&#8217;aplicaci\u00f3 Tokapp als vostres dispositius m\u00f2bils.<\/p>\n<p>Quan hi hagi informacions d&#8217;\u00faltima hora o per a algun curs en concret tamb\u00e9 els rebreu per aquesta via.<\/p>\n<p><a href=\"https:\/\/agora.xtec.cat\/esc-pompeufabra\/wp-content\/uploads\/usu2202\/2025\/09\/Comunicat-Families-No1.pdf\">Comunicat Fam\u00edlies N\u00ba1<\/a><\/p>\n<p><a href=\"https:\/\/agora.xtec.cat\/esc-pompeufabra\/wp-content\/uploads\/usu2202\/2025\/09\/Comunicat-Families-No2.pdf\">Comunicat Fam\u00edlies N\u00ba2<\/a><\/p>\n<p><a href=\"https:\/\/agora.xtec.cat\/esc-pompeufabra\/wp-content\/uploads\/usu2202\/2025\/09\/Comunicat-Families-No3.pdf\">Comunicat Fam\u00edlies N\u00ba3<\/a><\/p>\n<p><a href=\"https:\/\/agora.xtec.cat\/esc-pompeufabra\/wp-content\/uploads\/usu2202\/2025\/10\/Comunicat-Families-No4.pdf\">Comunicat Fam\u00edlies N\u00ba4<\/a><\/p>\n<p><a href=\"https:\/\/agora.xtec.cat\/esc-pompeufabra\/wp-content\/uploads\/usu2202\/2025\/10\/Comunicat-Families-No5.pdf\">Comunicat Fam\u00edlies N\u00ba5<\/a><\/p>\n<p><a href=\"https:\/\/agora.xtec.cat\/esc-pompeufabra\/wp-content\/uploads\/usu2202\/2025\/10\/Comunicat-Families-No6.pdf\">Comunicat Fam\u00edlies N\u00ba6<\/a><\/p>\n<p><a href=\"https:\/\/agora.xtec.cat\/esc-pompeufabra\/wp-content\/uploads\/usu2202\/2025\/10\/Comunicat-Families-No7.pdf\">Comunicat Fam\u00edlies N\u00ba7<\/a><\/p>\n<p><a href=\"https:\/\/agora.xtec.cat\/esc-pompeufabra\/wp-content\/uploads\/usu2202\/2025\/10\/Comunicat-Families-No8.pdf\">Comunicat Fam\u00edlies N\u00ba8<\/a><\/p>\n<p><a href=\"https:\/\/agora.xtec.cat\/esc-pompeufabra\/wp-content\/uploads\/usu2202\/2025\/11\/Comunicat-Families-No9.pdf\">Comunicat Fam\u00edlies N\u00ba9<\/a><\/p>\n<p><a href=\"https:\/\/agora.xtec.cat\/esc-pompeufabra\/wp-content\/uploads\/usu2202\/2025\/11\/Comunicat-Families-No10.pdf\">Comunicat Fam\u00edlies N\u00ba10<\/a><\/p>\n<p><a href=\"https:\/\/agora.xtec.cat\/esc-pompeufabra\/wp-content\/uploads\/usu2202\/2025\/11\/Comunicat-Families-No11.pdf\">Comunicat Fam\u00edlies N\u00ba11<\/a><\/p>\n<p><a href=\"https:\/\/agora.xtec.cat\/esc-pompeufabra\/wp-content\/uploads\/usu2202\/2025\/11\/Comunicat-Families-No12.pdf\">Comunicat Fam\u00edlies N\u00ba12<\/a><\/p>\n<p><a href=\"https:\/\/agora.xtec.cat\/esc-pompeufabra\/wp-content\/uploads\/usu2202\/2025\/12\/Comunicat-Families-No13.pdf\">Comunicat Fam\u00edlies N\u00ba13<\/a><\/p>\n<p><a href=\"https:\/\/agora.xtec.cat\/esc-pompeufabra\/wp-content\/uploads\/usu2202\/2025\/12\/Comunicat-Families-No14-25-26.pdf\">Comunicat Fam\u00edlies N\u00ba14<\/a><\/p>\n<p><a href=\"https:\/\/agora.xtec.cat\/esc-pompeufabra\/wp-content\/uploads\/usu2202\/2025\/12\/Comunicat-Families-No15-25.pdf\">Comunicat Fam\u00edlies N\u00ba15<\/a><\/p>\n<p><a href=\"https:\/\/agora.xtec.cat\/esc-pompeufabra\/wp-content\/uploads\/usu2202\/2026\/01\/Comunicat-Families-No16.pdf\">Comunicat Fam\u00edlies N\u00ba16<\/a><\/p>\n<p><a href=\"https:\/\/agora.xtec.cat\/esc-pompeufabra\/wp-content\/uploads\/usu2202\/2026\/01\/Comunicat-Families-No17-26.pdf\">Comunicat Fam\u00edlies N\u00ba17<\/a><\/p>\n<p><a href=\"https:\/\/agora.xtec.cat\/esc-pompeufabra\/wp-content\/uploads\/usu2202\/2026\/01\/Comunicat-Families-No18-26.pdf\">Comunicat Fam\u00edlies N\u00ba18<\/a><\/p>\n<p><a href=\"https:\/\/agora.xtec.cat\/esc-pompeufabra\/wp-content\/uploads\/usu2202\/2026\/01\/Comunicat-Families-No19-26.pdf\">Comunicat Fam\u00edlies N\u00ba19<\/a><\/p>\n<p><a href=\"https:\/\/agora.xtec.cat\/esc-pompeufabra\/wp-content\/uploads\/usu2202\/2026\/02\/Comunicat-Families-No20-26.pdf\">Comunicat Fam\u00edlies N\u00ba20<\/a><\/p>\n<p><a href=\"https:\/\/agora.xtec.cat\/esc-pompeufabra\/wp-content\/uploads\/usu2202\/2026\/02\/Comunicat-Families-No21-26.pdf\">Comunicat Fam\u00edlies N\u00ba21<\/a><\/p>\n<p><a href=\"https:\/\/agora.xtec.cat\/esc-pompeufabra\/wp-content\/uploads\/usu2202\/2026\/02\/Comunicat-Families-No22-26.pdf\">Comunicat Fam\u00edlies N\u00ba22<\/a><\/p>\n<p><a href=\"https:\/\/agora.xtec.cat\/esc-pompeufabra\/wp-content\/uploads\/usu2202\/2026\/02\/Comunicat-Families-No23-26.pdf\">Comunicat Fam\u00edlies N\u00ba23<\/a><\/p>\n<p><a href=\"https:\/\/agora.xtec.cat\/esc-pompeufabra\/wp-content\/uploads\/usu2202\/2026\/03\/Comunicat-Families-No24-26.pdf\">Comunicat Fam\u00edlies N\u00ba24<\/a><\/p>\n<p><a href=\"https:\/\/agora.xtec.cat\/esc-pompeufabra\/wp-content\/uploads\/usu2202\/2026\/03\/Comunicat-Families-No25-26-2.pdf\">Comunicat Fam\u00edlies N\u00ba25<\/a><\/p>\n<p><a href=\"https:\/\/agora.xtec.cat\/esc-pompeufabra\/wp-content\/uploads\/usu2202\/2026\/03\/Comunicat-Families-No26-26.pdf\">Comunicat Fam\u00edlies N\u00ba26<\/a><\/p>\n<p><a href=\"https:\/\/agora.xtec.cat\/esc-pompeufabra\/wp-content\/uploads\/usu2202\/2026\/03\/Comunicat-Families-No27-26-6.pdf\">Comunicat Fam\u00edlies N\u00ba27<\/a><\/p>\n<p><a href=\"https:\/\/agora.xtec.cat\/esc-pompeufabra\/wp-content\/uploads\/usu2202\/2026\/04\/Comunicat-Families-No28-26.pdf\">Comunicat Fam\u00edlies N\u00ba28<\/a><\/p>\n","protected":false},"excerpt":{"rendered":"<p>Les fam\u00edlies rebreu el comunicat setmanal a trav\u00e9s de l&#8217;aplicaci\u00f3 Tokapp als vostres dispositius m\u00f2bils.<br \/>\nQuan hi hagi informacions d&#8217;\u00faltima hora o per a algun curs en concret tamb\u00e9 els rebreu per aquesta via.<br \/>\n<a href=\"https:\/\/agora.xtec.cat\/esc-pompeufabra\/wp-content\/uploads\/usu2202\/2025\/09\/Comunicat-Families-No1.pdf\">Comunicat Fam\u00edlies N\u00ba1<\/a><br \/>\n<a href=\"https:\/\/agora.xtec.cat\/esc-pompeufabra\/wp-content\/uploads\/usu2202\/2025\/09\/Comunicat-Families-No2.pdf\">Comunicat Fam\u00edlies N\u00ba2<\/a><br \/>\n<a href=\"https:\/\/agora.xtec.cat\/esc-pompeufabra\/wp-content\/uploads\/usu2202\/2025\/09\/Comunicat-Families-No3.pdf\">Comunicat Fam\u00edlies N\u00ba3<\/a><br \/>\n<a href=\"https:\/\/agora.xtec.cat\/esc-pompeufabra\/wp-content\/uploads\/usu2202\/2025\/10\/Comunicat-Families-No4.pdf\">Comunicat Fam\u00edlies N\u00ba4<\/a><br \/>\n<a&hellip;  <a href=\"https:\/\/agora.xtec.cat\/esc-pompeufabra\/lescola\/comunicats\/\" title=\"Read Comunicats\">Llegeix m\u00e9s\u00bb<\/a><\/p>\n","protected":false},"author":1,"featured_media":0,"parent":22,"menu_order":12,"comment_status":"closed","ping_status":"closed","template":"page-templates\/side-menu.php","meta":{"_bbp_topic_count":0,"_bbp_reply_count":0,"_bbp_total_topic_count":0,"_bbp_total_reply_count":0,"_bbp_voice_count":0,"_bbp_anonymous_reply_count":0,"_bbp_topic_count_hidden":0,"_bbp_reply_count_hidden":0,"_bbp_forum_subforum_count":0,"footnotes":""},"class_list":["post-576","page","type-page","status-publish","hentry"],"post_mailing_queue_ids":[],"_links":{"self":[{"href":"https:\/\/agora.xtec.cat\/esc-pompeufabra\/wp-json\/wp\/v2\/pages\/576","targetHints":{"allow":["GET"]}}],"collection":[{"href":"https:\/\/agora.xtec.cat\/esc-pompeufabra\/wp-json\/wp\/v2\/pages"}],"about":[{"href":"https:\/\/agora.xtec.cat\/esc-pompeufabra\/wp-json\/wp\/v2\/types\/page"}],"author":[{"embeddable":true,"href":"https:\/\/agora.xtec.cat\/esc-pompeufabra\/wp-json\/wp\/v2\/users\/1"}],"replies":[{"embeddable":true,"href":"https:\/\/agora.xtec.cat\/esc-pompeufabra\/wp-json\/wp\/v2\/comments?post=576"}],"version-history":[{"count":6,"href":"https:\/\/agora.xtec.cat\/esc-pompeufabra\/wp-json\/wp\/v2\/pages\/576\/revisions"}],"predecessor-version":[{"id":7912,"href":"https:\/\/agora.xtec.cat\/esc-pompeufabra\/wp-json\/wp\/v2\/pages\/576\/revisions\/7912"}],"up":[{"embeddable":true,"href":"https:\/\/agora.xtec.cat\/esc-pompeufabra\/wp-json\/wp\/v2\/pages\/22"}],"wp:attachment":[{"href":"https:\/\/agora.xtec.cat\/esc-pompeufabra\/wp-json\/wp\/v2\/media?parent=576"}],"curies":[{"name":"wp","href":"https:\/\/api.w.org\/{rel}","templated":true}]}}