{"id":564,"date":"2020-07-09T13:53:17","date_gmt":"2020-07-09T11:53:17","guid":{"rendered":"https:\/\/agora.xtec.cat\/esc-pompeufabra\/?page_id=564"},"modified":"2025-03-26T10:38:20","modified_gmt":"2025-03-26T09:38:20","slug":"families-delegades","status":"publish","type":"page","link":"https:\/\/agora.xtec.cat\/esc-pompeufabra\/comunitat\/families-delegades\/","title":{"rendered":"Fam\u00edlies"},"content":{"rendered":"<div class=\"page-header\">\n<h2><a href=\"https:\/\/agora.xtec.cat\/esc-pompeufabra\/wp-content\/uploads\/usu2202\/2025\/03\/Comunicacio-familia-escola.pdf\">Comunicaci\u00f3 Fam\u00edlia-Escola<\/a><\/h2>\n<h2>Fam\u00edlies delegades. Representants de les classes.<\/h2>\n<\/div>\n<p style=\"text-align: justify;\">\u00c9s un altre dels espais de participaci\u00f3 i comunicaci\u00f3 de la Comunitat Educativa del centre.<\/p>\n<p style=\"text-align: justify;\"><strong>Funcions principals: \u00a0<\/strong><\/p>\n<p><strong>S<\/strong><strong>ervir d\u2019enlla\u00e7 entre tutor\/es, mestres i fam\u00edlies:<\/strong><\/p>\n<ul>\n<li>Informar sobre aspectes de funcionament de l\u2019escola a la resta de fam\u00edlies i explicar les novetats.<\/li>\n<li>Trasp\u00e0s de dubtes o suggeriments de les fam\u00edlies a la tutoria del grup.<\/li>\n<li>Col\u00b7laborar amb l\u2019AFA, si s\u2019escau.<\/li>\n<li>Impulsar les activitats adre\u00e7ades a les fam\u00edlies que es fan a l\u2019escola.<\/li>\n<li>Dinamitzar la cohesi\u00f3 de fam\u00edlies de la seva classe.<\/li>\n<li>Ajudar en l&#8217;organitzaci\u00f3 de les festes i diades especials celebrades a l&#8217;escola.<\/li>\n<\/ul>\n<p><strong>Objectius:<\/strong><\/p>\n<ul>\n<li>Augmentar el nivell de participaci\u00f3 de les fam\u00edlies a l\u2019escola i afavorir la comunicaci\u00f3 amb la tutoria per aix\u00ed trobar vies de col\u00b7laboraci\u00f3 a la vida escolar dels nostres infants.<\/li>\n<li>Afavorir la transmissi\u00f3 d\u2019informaci\u00f3 que es genera en la comunitat educativa.<\/li>\n<li>Potenciar el coneixement, la relaci\u00f3 i la comunicaci\u00f3 entre les fam\u00edlies amb l\u2019objectiu d\u2019afavorir el coneixement mutu i les relacions en la comunitat educativa.<strong>\u00a0<\/strong><\/li>\n<\/ul>\n<p style=\"text-align: justify;\">Tots els inicis de curs, a la primera reuni\u00f3 d\u2019aula, s\u2019escullen els representants de cada classe.<\/p>\n<p style=\"text-align: justify;\">La direcci\u00f3 de l\u2019escola \u00e9s la responsable de convocar les reunions i proposar l\u2019ordre del dia. La convocat\u00f2ria es fa a trav\u00e9s de l&#8217;aplicaci\u00f3 Tokapp.<\/p>\n<p style=\"text-align: justify;\">Els delegats o delegades es comprometen a assistir a les mateixes (com a m\u00ednim un representant per aula), a aportar les q\u00fcestions que les fam\u00edlies vulguin comentar i a fer arribar les informacions i els acords un cop els arribi l\u2019acta de la trobada.<br \/>\nS\u2019acostuma a fer una reuni\u00f3 per trimestre.<\/p>\n<div class=\"text-box\">\n<h5>En totes les reunions es generen una s\u00e8rie de decisions, informacions i acords, de les quals us informaran les fam\u00edlies delegades de cada curs.<\/h5>\n<\/div>\n","protected":false},"excerpt":{"rendered":"<p><a href=\"https:\/\/agora.xtec.cat\/esc-pompeufabra\/wp-content\/uploads\/usu2202\/2025\/03\/Comunicacio-familia-escola.pdf\">Comunicaci\u00f3 Fam\u00edlia-Escola<\/a><br \/>\nFam\u00edlies delegades. Representants de les classes.<\/p>\n<p>\u00c9s un altre dels espais de participaci\u00f3 i comunicaci\u00f3 de la Comunitat Educativa del centre.<br \/>\nFuncions principals: \u00a0<br \/>\nServir d\u2019enlla\u00e7 entre tutor\/es, mestres i fam\u00edlies:<\/p>\n<ul>\n<li>Informar sobre aspectes de funcionament de l\u2019escola a la resta de fam\u00edlies i explicar les novetats.<\/li>\n<li>Trasp\u00e0s&hellip;  <a href=\"https:\/\/agora.xtec.cat\/esc-pompeufabra\/comunitat\/families-delegades\/\" title=\"Read Fam\u00edlies\">Llegeix m\u00e9s\u00bb<\/a><br \/>\n","protected":false},"author":1,"featured_media":0,"parent":555,"menu_order":3,"comment_status":"closed","ping_status":"closed","template":"page-templates\/side-menu.php","meta":{"_bbp_topic_count":0,"_bbp_reply_count":0,"_bbp_total_topic_count":0,"_bbp_total_reply_count":0,"_bbp_voice_count":0,"_bbp_anonymous_reply_count":0,"_bbp_topic_count_hidden":0,"_bbp_reply_count_hidden":0,"_bbp_forum_subforum_count":0,"footnotes":""},"class_list":["post-564","page","type-page","status-publish","hentry"],"post_mailing_queue_ids":[],"_links":{"self":[{"href":"https:\/\/agora.xtec.cat\/esc-pompeufabra\/wp-json\/wp\/v2\/pages\/564","targetHints":{"allow":["GET"]}}],"collection":[{"href":"https:\/\/agora.xtec.cat\/esc-pompeufabra\/wp-json\/wp\/v2\/pages"}],"about":[{"href":"https:\/\/agora.xtec.cat\/esc-pompeufabra\/wp-json\/wp\/v2\/types\/page"}],"author":[{"embeddable":true,"href":"https:\/\/agora.xtec.cat\/esc-pompeufabra\/wp-json\/wp\/v2\/users\/1"}],"replies":[{"embeddable":true,"href":"https:\/\/agora.xtec.cat\/esc-pompeufabra\/wp-json\/wp\/v2\/comments?post=564"}],"version-history":[{"count":7,"href":"https:\/\/agora.xtec.cat\/esc-pompeufabra\/wp-json\/wp\/v2\/pages\/564\/revisions"}],"predecessor-version":[{"id":6679,"href":"https:\/\/agora.xtec.cat\/esc-pompeufabra\/wp-json\/wp\/v2\/pages\/564\/revisions\/6679"}],"up":[{"embeddable":true,"href":"https:\/\/agora.xtec.cat\/esc-pompeufabra\/wp-json\/wp\/v2\/pages\/555"}],"wp:attachment":[{"href":"https:\/\/agora.xtec.cat\/esc-pompeufabra\/wp-json\/wp\/v2\/media?parent=564"}],"curies":[{"name":"wp","href":"https:\/\/api.w.org\/{rel}","templated":true}]}}