{"id":561,"date":"2020-07-09T13:51:53","date_gmt":"2020-07-09T11:51:53","guid":{"rendered":"https:\/\/agora.xtec.cat\/esc-pompeufabra\/?page_id=561"},"modified":"2026-02-16T09:37:29","modified_gmt":"2026-02-16T08:37:29","slug":"equip-docent","status":"publish","type":"page","link":"https:\/\/agora.xtec.cat\/esc-pompeufabra\/comunitat\/equip-docent\/","title":{"rendered":"Equip docent. Curs 2025-26"},"content":{"rendered":"<div class=\"page-header\">\n<p><span style=\"font-size: 1.6875em; font-weight: bold;\">Bons professionals i grans persones<\/span><\/p>\n<\/div>\n<p><img loading=\"lazy\" decoding=\"async\" class=\"wp-image-7247 aligncenter\" src=\"https:\/\/agora.xtec.cat\/esc-pompeufabra\/wp-content\/uploads\/usu2202\/2025\/09\/IMG-20250908-WA0001-1024x478.jpg\" alt=\"\" width=\"490\" height=\"229\" srcset=\"https:\/\/agora.xtec.cat\/esc-pompeufabra\/wp-content\/uploads\/usu2202\/2025\/09\/IMG-20250908-WA0001-1024x478.jpg 1024w, https:\/\/agora.xtec.cat\/esc-pompeufabra\/wp-content\/uploads\/usu2202\/2025\/09\/IMG-20250908-WA0001-300x140.jpg 300w, https:\/\/agora.xtec.cat\/esc-pompeufabra\/wp-content\/uploads\/usu2202\/2025\/09\/IMG-20250908-WA0001-768x359.jpg 768w, https:\/\/agora.xtec.cat\/esc-pompeufabra\/wp-content\/uploads\/usu2202\/2025\/09\/IMG-20250908-WA0001-1536x717.jpg 1536w, https:\/\/agora.xtec.cat\/esc-pompeufabra\/wp-content\/uploads\/usu2202\/2025\/09\/IMG-20250908-WA0001.jpg 2000w\" sizes=\"auto, (max-width: 490px) 100vw, 490px\" \/><\/p>\n<p data-pm-slice=\"1 1 []\">L&#8217;escola compta amb una plantilla de professionals amb les especialitats d\u2019educaci\u00f3 infantil, prim\u00e0ria, angl\u00e8s, educaci\u00f3 f\u00edsica, m\u00fasica i atenci\u00f3 a la diversitat.<br \/>\nAix\u00ed mateix, hi ha al darrere tamb\u00e9 un gran equip administratiu, de serveis i de suport que ajuden, dia a dia, a qu\u00e8 l&#8217;escola funcioni en perfectes condicions.<\/p>\n<p>Per tal que conegueu qui forma part d&#8217;aquest equip, us ensenyem unes fotografies seves.<br \/>\nPerqu\u00e8, de vegades, una imatge val m\u00e9s que mil paraules&#8230; Aqu\u00ed els teniu!<\/p>\n<p>&nbsp;<\/p>\n<h3>C\u00c0RRECS I RESPONSABILITATS<\/h3>\n<h4><a href=\"https:\/\/agora.xtec.cat\/esc-pompeufabra\/wp-content\/uploads\/usu2202\/2025\/03\/Organigrama-.pdf\">Organigrama<\/a><\/h4>\n<h4>Equip directiu<\/h4>\n<ul style=\"font-size: 14px; font-family: 'Helvetica Neue', Helvetica, Helvetica, Arial, sans-serif;\">\n<li><strong>DIRECCI\u00d3<\/strong>. Jes\u00fas D\u00edez Mel\u00e9ndez- Mestre i llicenciat en Ci\u00e8ncies de l&#8217;Educaci\u00f3. Experi\u00e8ncia en direcci\u00f3 d&#8217;altres centres i mestre en diferents especialitats.<\/li>\n<li><strong>CAP D&#8217;ESTUDIS<\/strong>. Vanessa Quintana Mourelle- Mestre i llicenciada\u00a0 en Biologia. Experi\u00e8ncia com a mestra en diferents nivells i especialitats.<\/li>\n<li><strong>SECRETARI.<\/strong> Adri\u00e0 Calvo Molas- Mestre. Experi\u00e8ncia com a coordinador de cicle i mestre de prim\u00e0ria i educaci\u00f3 infantil.<\/li>\n<\/ul>\n<table style=\"width: 100%;\">\n<tbody>\n<tr>\n<td style=\"width: 35.6643%;\" valign=\"top\">\n<h4>\u00a0 Equip administratiu:<\/h4>\n<ul>\n<li>CONSERGERIA. Maria L.<\/li>\n<li>ADMINISTRATIVA. Sandra T.<\/li>\n<li>SERVEIS I ACTIVITATS COMPLEMENT\u00c0RIES: Esperan\u00e7a<\/li>\n<li>Coordinadora menjador: Vicki<\/li>\n<li>Extraescolars: Marc<\/li>\n<\/ul>\n<\/td>\n<td style=\"width: 34.5455%;\" valign=\"top\">\n<h4>Equip pedag\u00f2gic &#8211; Tutors\/tutores<\/h4>\n<ul>\n<li>TUTORA I3: M\u00f2nica<\/li>\n<li>TUTORA I4: Laia G.<\/li>\n<li>TUTORA I5: Laura<\/li>\n<li>TUTORA PRIMER: Maria S\/Judith<\/li>\n<li>TUTORA SEGON: Gemma\/M\u00edriam<\/li>\n<li>TUTORA TERCER: Al\u00edcia<\/li>\n<li>TUTORA QUART: Lorena<\/li>\n<li>TUTORA CINQU\u00c8: Marta<\/li>\n<li>TUTOR SIS\u00c8: Oleguer<\/li>\n<li>COORDINACI\u00d3 CICLE PETITS: M\u00f2nica<\/li>\n<li>COORDINACI\u00d3 CICLE MITJANS: Maria S.<\/li>\n<li>COORDINACI\u00d3 CICLE GRANS: Oleguer<\/li>\n<\/ul>\n<\/td>\n<td style=\"width: 28.3916%;\" valign=\"top\">\n<h4>Especialitats i Suports:<\/h4>\n<ul>\n<li>TEI. Sandra G<\/li>\n<li>MESI. Adri\u00e0 \/ Jes\u00fas\u00a0 \/ Vanessa<\/li>\n<li>SIEI: Clara<\/li>\n<li>TEE: C\u00e8lia<\/li>\n<li>ANGL\u00c8S: Virginia<\/li>\n<li>EDUCACI\u00d3 F\u00cdSICA: Oriol<\/li>\n<li>M\u00daSICA: Laia R.<\/li>\n<li>SUPORT: S\u00edlvia<\/li>\n<li>MONITORA SUPORT INCLUSI\u00d3: Merc\u00e8<\/li>\n<\/ul>\n<\/td>\n<\/tr>\n<\/tbody>\n<\/table>\n","protected":false},"excerpt":{"rendered":"<p>Bons professionals i grans persones<\/p>\n<p>L&#8217;escola compta amb una plantilla de professionals amb les especialitats d\u2019educaci\u00f3 infantil, prim\u00e0ria, angl\u00e8s, educaci\u00f3 f\u00edsica, m\u00fasica i atenci\u00f3 a la diversitat.<br \/>\nAix\u00ed mateix, hi ha al darrere tamb\u00e9 un gran equip administratiu, de serveis i de suport que ajuden, dia a&hellip;  <a href=\"https:\/\/agora.xtec.cat\/esc-pompeufabra\/comunitat\/equip-docent\/\" title=\"Read Equip docent. Curs 2025-26\">Llegeix m\u00e9s\u00bb<\/a><\/p>\n","protected":false},"author":1,"featured_media":0,"parent":555,"menu_order":1,"comment_status":"closed","ping_status":"closed","template":"page-templates\/side-menu.php","meta":{"_bbp_topic_count":0,"_bbp_reply_count":0,"_bbp_total_topic_count":0,"_bbp_total_reply_count":0,"_bbp_voice_count":0,"_bbp_anonymous_reply_count":0,"_bbp_topic_count_hidden":0,"_bbp_reply_count_hidden":0,"_bbp_forum_subforum_count":0,"footnotes":""},"class_list":["post-561","page","type-page","status-publish","hentry"],"post_mailing_queue_ids":[],"_links":{"self":[{"href":"https:\/\/agora.xtec.cat\/esc-pompeufabra\/wp-json\/wp\/v2\/pages\/561","targetHints":{"allow":["GET"]}}],"collection":[{"href":"https:\/\/agora.xtec.cat\/esc-pompeufabra\/wp-json\/wp\/v2\/pages"}],"about":[{"href":"https:\/\/agora.xtec.cat\/esc-pompeufabra\/wp-json\/wp\/v2\/types\/page"}],"author":[{"embeddable":true,"href":"https:\/\/agora.xtec.cat\/esc-pompeufabra\/wp-json\/wp\/v2\/users\/1"}],"replies":[{"embeddable":true,"href":"https:\/\/agora.xtec.cat\/esc-pompeufabra\/wp-json\/wp\/v2\/comments?post=561"}],"version-history":[{"count":7,"href":"https:\/\/agora.xtec.cat\/esc-pompeufabra\/wp-json\/wp\/v2\/pages\/561\/revisions"}],"predecessor-version":[{"id":7789,"href":"https:\/\/agora.xtec.cat\/esc-pompeufabra\/wp-json\/wp\/v2\/pages\/561\/revisions\/7789"}],"up":[{"embeddable":true,"href":"https:\/\/agora.xtec.cat\/esc-pompeufabra\/wp-json\/wp\/v2\/pages\/555"}],"wp:attachment":[{"href":"https:\/\/agora.xtec.cat\/esc-pompeufabra\/wp-json\/wp\/v2\/media?parent=561"}],"curies":[{"name":"wp","href":"https:\/\/api.w.org\/{rel}","templated":true}]}}